{"id":8262,"date":"2020-07-02T08:58:28","date_gmt":"2020-07-02T08:58:28","guid":{"rendered":"https:\/\/balvanyos.org\/toro-tibor-ro\/"},"modified":"2020-07-17T18:07:24","modified_gmt":"2020-07-17T18:07:24","slug":"toro-tibor-ro","status":"publish","type":"page","link":"https:\/\/balvanyos.org\/ro\/toro-tibor-ro\/","title":{"rendered":"Tor\u00f3 Tibor"},"content":{"rendered":"\t\t<div data-elementor-type=\"wp-post\" data-elementor-id=\"8262\" class=\"elementor elementor-8262 elementor-7511\">\n\t\t\t\t\t\t<section class=\"elementor-section elementor-top-section elementor-element elementor-element-b2028e9 elementor-section-boxed elementor-section-height-default elementor-section-height-default\" data-id=\"b2028e9\" data-element_type=\"section\" data-settings=\"{&quot;jet_parallax_layout_list&quot;:[{&quot;jet_parallax_layout_image&quot;:{&quot;url&quot;:&quot;&quot;,&quot;id&quot;:&quot;&quot;,&quot;size&quot;:&quot;&quot;},&quot;_id&quot;:&quot;4fe65e6&quot;,&quot;jet_parallax_layout_image_tablet&quot;:{&quot;url&quot;:&quot;&quot;,&quot;id&quot;:&quot;&quot;,&quot;size&quot;:&quot;&quot;},&quot;jet_parallax_layout_image_mobile&quot;:{&quot;url&quot;:&quot;&quot;,&quot;id&quot;:&quot;&quot;,&quot;size&quot;:&quot;&quot;},&quot;jet_parallax_layout_speed&quot;:{&quot;unit&quot;:&quot;%&quot;,&quot;size&quot;:50,&quot;sizes&quot;:[]},&quot;jet_parallax_layout_type&quot;:&quot;scroll&quot;,&quot;jet_parallax_layout_z_index&quot;:&quot;&quot;,&quot;jet_parallax_layout_bg_x&quot;:50,&quot;jet_parallax_layout_bg_y&quot;:50,&quot;jet_parallax_layout_bg_size&quot;:&quot;auto&quot;,&quot;jet_parallax_layout_animation_prop&quot;:&quot;transform&quot;,&quot;jet_parallax_layout_on&quot;:[&quot;desktop&quot;,&quot;tablet&quot;],&quot;jet_parallax_layout_direction&quot;:null,&quot;jet_parallax_layout_fx_direction&quot;:null,&quot;jet_parallax_layout_bg_x_tablet&quot;:&quot;&quot;,&quot;jet_parallax_layout_bg_x_mobile&quot;:&quot;&quot;,&quot;jet_parallax_layout_bg_y_tablet&quot;:&quot;&quot;,&quot;jet_parallax_layout_bg_y_mobile&quot;:&quot;&quot;,&quot;jet_parallax_layout_bg_size_tablet&quot;:&quot;&quot;,&quot;jet_parallax_layout_bg_size_mobile&quot;:&quot;&quot;}]}\">\n\t\t\t\t\t\t<div class=\"elementor-container elementor-column-gap-default\">\n\t\t\t\t\t<div class=\"elementor-column elementor-col-50 elementor-top-column elementor-element elementor-element-37ad3b3\" data-id=\"37ad3b3\" data-element_type=\"column\">\n\t\t\t<div class=\"elementor-widget-wrap elementor-element-populated\">\n\t\t\t\t\t\t<div class=\"elementor-element elementor-element-fbad460 elementor-widget elementor-widget-image\" data-id=\"fbad460\" data-element_type=\"widget\" data-widget_type=\"image.default\">\n\t\t\t\t<div class=\"elementor-widget-container\">\n\t\t\t\t\t\t\t\t\t\t\t\t\t<img fetchpriority=\"high\" decoding=\"async\" width=\"885\" height=\"885\" src=\"https:\/\/balvanyos.org\/wp-content\/uploads\/2019\/04\/TT1-1024x1024.jpg\" class=\"attachment-large size-large wp-image-7458\" alt=\"\" srcset=\"https:\/\/balvanyos.org\/wp-content\/uploads\/2019\/04\/TT1-1024x1024.jpg 1024w, https:\/\/balvanyos.org\/wp-content\/uploads\/2019\/04\/TT1-150x150.jpg 150w, https:\/\/balvanyos.org\/wp-content\/uploads\/2019\/04\/TT1-300x300.jpg 300w, https:\/\/balvanyos.org\/wp-content\/uploads\/2019\/04\/TT1-768x768.jpg 768w, https:\/\/balvanyos.org\/wp-content\/uploads\/2019\/04\/TT1-460x460.jpg 460w, https:\/\/balvanyos.org\/wp-content\/uploads\/2019\/04\/TT1-560x560.jpg 560w, https:\/\/balvanyos.org\/wp-content\/uploads\/2019\/04\/TT1-78x78.jpg 78w, https:\/\/balvanyos.org\/wp-content\/uploads\/2019\/04\/TT1-260x260.jpg 260w, https:\/\/balvanyos.org\/wp-content\/uploads\/2019\/04\/TT1-360x360.jpg 360w, https:\/\/balvanyos.org\/wp-content\/uploads\/2019\/04\/TT1-400x400.jpg 400w, https:\/\/balvanyos.org\/wp-content\/uploads\/2019\/04\/TT1-900x900.jpg 900w, https:\/\/balvanyos.org\/wp-content\/uploads\/2019\/04\/TT1-675x675.jpg 675w, https:\/\/balvanyos.org\/wp-content\/uploads\/2019\/04\/TT1-286x286.jpg 286w, https:\/\/balvanyos.org\/wp-content\/uploads\/2019\/04\/TT1-450x450.jpg 450w, https:\/\/balvanyos.org\/wp-content\/uploads\/2019\/04\/TT1-1080x1080.jpg 1080w, https:\/\/balvanyos.org\/wp-content\/uploads\/2019\/04\/TT1.jpg 1362w\" sizes=\"(max-width: 885px) 100vw, 885px\" \/>\t\t\t\t\t\t\t\t\t\t\t\t\t<\/div>\n\t\t\t\t<\/div>\n\t\t\t\t\t<\/div>\n\t\t<\/div>\n\t\t\t\t<div class=\"elementor-column elementor-col-50 elementor-top-column elementor-element elementor-element-cd707ba\" data-id=\"cd707ba\" data-element_type=\"column\">\n\t\t\t<div class=\"elementor-widget-wrap elementor-element-populated\">\n\t\t\t\t\t\t<div class=\"elementor-element elementor-element-bfddae5 elementor-widget elementor-widget-text-editor\" data-id=\"bfddae5\" data-element_type=\"widget\" data-widget_type=\"text-editor.default\">\n\t\t\t\t<div class=\"elementor-widget-container\">\n\t\t\t\t\t\t\t<p><strong>politolog, sociolog, director de cercetare<\/strong><\/p>\n<p>S-a n\u0103scut \u00een 1981 la Timi\u0219oara (Temesv\u00e1r). \u0218i-a absolvit studiile la Universitatea de Vest din Timi\u0219oara, Facultatea de Sociologie, dup\u0103 care a ob\u021binut diplom\u0103 de master \u00een politologie la Universitatea Babe\u0219-Bolyai respectiv master al teoriilor de na\u021bionalism la Central European University (CEU) la Budapesta. Pentru ob\u021binerea doctoratului a urmat \u0218coala doctoral\u0103 de Filozofie din cadrul Universit\u0103\u021bii Babe\u0219-Bolyai, cercet\u00e2nd dezvoltarea reprezent\u0103rii intereselor politice ale maghiarilor din Transilvania.<\/p>\n<p>Este lector universitar la Departamentul de Rela\u021bia interna\u021bionale \u0219i studii europene din cadrul Universit\u0103\u021bii Sapientia.<\/p>\n<p>Domeniile de cercetare: politicile lingvistice, na\u021bionalismul, politicile identitare, democra\u021bia \u0219i etnopolitica.<\/p>\n\t\t\t\t\t\t<\/div>\n\t\t\t\t<\/div>\n\t\t\t\t\t<\/div>\n\t\t<\/div>\n\t\t\t\t\t<\/div>\n\t\t<\/section>\n\t\t\t\t<section class=\"elementor-section elementor-top-section elementor-element elementor-element-3be3dbb4 elementor-section-boxed elementor-section-height-default elementor-section-height-default\" data-id=\"3be3dbb4\" data-element_type=\"section\" data-settings=\"{&quot;jet_parallax_layout_list&quot;:[{&quot;jet_parallax_layout_image&quot;:{&quot;url&quot;:&quot;&quot;,&quot;id&quot;:&quot;&quot;,&quot;size&quot;:&quot;&quot;},&quot;_id&quot;:&quot;2d07117&quot;,&quot;jet_parallax_layout_image_tablet&quot;:{&quot;url&quot;:&quot;&quot;,&quot;id&quot;:&quot;&quot;,&quot;size&quot;:&quot;&quot;},&quot;jet_parallax_layout_image_mobile&quot;:{&quot;url&quot;:&quot;&quot;,&quot;id&quot;:&quot;&quot;,&quot;size&quot;:&quot;&quot;},&quot;jet_parallax_layout_speed&quot;:{&quot;unit&quot;:&quot;%&quot;,&quot;size&quot;:50,&quot;sizes&quot;:[]},&quot;jet_parallax_layout_type&quot;:&quot;scroll&quot;,&quot;jet_parallax_layout_z_index&quot;:&quot;&quot;,&quot;jet_parallax_layout_bg_x&quot;:50,&quot;jet_parallax_layout_bg_y&quot;:50,&quot;jet_parallax_layout_bg_size&quot;:&quot;auto&quot;,&quot;jet_parallax_layout_animation_prop&quot;:&quot;transform&quot;,&quot;jet_parallax_layout_on&quot;:[&quot;desktop&quot;,&quot;tablet&quot;],&quot;jet_parallax_layout_direction&quot;:null,&quot;jet_parallax_layout_fx_direction&quot;:null,&quot;jet_parallax_layout_bg_x_tablet&quot;:&quot;&quot;,&quot;jet_parallax_layout_bg_x_mobile&quot;:&quot;&quot;,&quot;jet_parallax_layout_bg_y_tablet&quot;:&quot;&quot;,&quot;jet_parallax_layout_bg_y_mobile&quot;:&quot;&quot;,&quot;jet_parallax_layout_bg_size_tablet&quot;:&quot;&quot;,&quot;jet_parallax_layout_bg_size_mobile&quot;:&quot;&quot;}]}\">\n\t\t\t\t\t\t<div class=\"elementor-container elementor-column-gap-default\">\n\t\t\t\t\t<div class=\"elementor-column elementor-col-100 elementor-top-column elementor-element elementor-element-52208fcb\" data-id=\"52208fcb\" data-element_type=\"column\">\n\t\t\t<div class=\"elementor-widget-wrap elementor-element-populated\">\n\t\t\t\t\t\t<div class=\"elementor-element elementor-element-4b193f28 elementor-widget elementor-widget-text-editor\" data-id=\"4b193f28\" data-element_type=\"widget\" data-widget_type=\"text-editor.default\">\n\t\t\t\t<div class=\"elementor-widget-container\">\n\t\t\t\t\t\t\t<p><strong>Publica\u021bii<\/strong><\/p>\n<p>Detached implementation: Discourse and practice in minority language use in Romania. <em>Language Policy<\/em>, 2019<\/p>\n<p>(Kiss Tam\u00e1s \u00e9s Sz\u00e9kely Istv\u00e1n Gerg\u0151vel k\u00f6z\u00f6sen): Unequal Accommodation: An Institutionalist Analysis of Ethnic Claim-Making and Bargaining. In: Kiss Tam\u00e1s \u2013 Sz\u00e9kely Istv\u00e1n Gerg\u0151 \u2013 Tor\u00f3 Tibor \u2013 B\u00e1rdi N\u00e1ndor \u2013 Horv\u00e1th Istv\u00e1n (ed.): <em>Unequal Accommodation of Minority Rights : Hungarians in Transylvania<\/em>. Palgrave Macmillan, Cham, 71-165<\/p>\n<p>(Horv\u00e1th Istv\u00e1nnal k\u00f6z\u00f6sen): Language Use, Language Policy, and Language Rights. In: Kiss Tam\u00e1s \u2013 Sz\u00e9kely Istv\u00e1n Gerg\u0151 \u2013 Tor\u00f3 Tibor \u2013 B\u00e1rdi N\u00e1ndor \u2013 Horv\u00e1th Istv\u00e1n (ed.): <em>Unequal Accommodation of Minority Rights : Hungarians in Transylvania<\/em>. Palgrave Macmillan, Cham, 167-223<\/p>\n<p><em>Ethnicization or de-ethnicization? Hungarian political representation in the Romanian parliament<\/em>. Nationalities Papers 2018 46 (2) 219-236<\/p>\n<p>Barna Gerg\u0151, Kapit\u00e1ny Bal\u00e1zs, Kiss Tam\u00e1s, M\u00e1rton J\u00e1nos, Tor\u00f3 Tibor, <em>Iskol\u00e1k vesz\u00e9lyben. Tanulm\u00e1nyok a Sz\u00e9kelyf\u00f6ld\u00f6n k\u00edv\u00fcli magyar oktat\u00e1s helyzet\u00e9r\u0151l<\/em>, Kolozsv\u00e1r, Nemzeti Kisebbs\u00e9gkutat\u00f3 Int\u00e9zet, 2016, p. 378, ISBN 9786068377414<\/p>\n<p>(Tor\u00f3 Tam\u00e1s-Zolt\u00e1nnal k\u00f6z\u00f6sen): <em>A temesv\u00e1ri magyar k\u00f6z\u00f6ss\u00e9g politikai \u00f6nszervez\u0151d\u00e9se az 1989-es temesv\u00e1ri esem\u00e9nyek ut\u00e1n<\/em>. B\u00e1rdi N\u00e1ndor \u2013 Gid\u00f3 Attila \u2013 Nov\u00e1k Csaba Zolt\u00e1n (eds.): Egy\u00fctt \u00e9s k\u00fcl\u00f6n. Az erd\u00e9lyi magyarok \u00f6nszervez\u0151d\u00e9se (1989\u20131990). ISPMN Publishing, Cluj-Napoca, 2014, 15-52 (ISBN: 978-606-8377-31-5)<\/p>\n\t\t\t\t\t\t<\/div>\n\t\t\t\t<\/div>\n\t\t\t\t\t<\/div>\n\t\t<\/div>\n\t\t\t\t\t<\/div>\n\t\t<\/section>\n\t\t\t\t<\/div>\n\t\t","protected":false},"excerpt":{"rendered":"<p>politolog, sociolog, director de cercetare S-a n\u0103scut \u00een 1981 la Timi\u0219oara (Temesv\u00e1r). \u0218i-a absolvit studiile la Universitatea de Vest din Timi\u0219oara, Facultatea de Sociologie, dup\u0103 care a ob\u021binut diplom\u0103 de master \u00een politologie la Universitatea Babe\u0219-Bolyai respectiv master al teoriilor de na\u021bionalism la Central European University (CEU) la Budapesta. Pentru ob\u021binerea doctoratului a urmat \u0218coala &hellip;<\/p>\n","protected":false},"author":7,"featured_media":0,"parent":0,"menu_order":0,"comment_status":"closed","ping_status":"closed","template":"","meta":{"footnotes":""},"class_list":["post-8262","page","type-page","status-publish","hentry","no-thumb"],"yoast_head":"<!-- This site is optimized with the Yoast SEO plugin v26.8 - https:\/\/yoast.com\/product\/yoast-seo-wordpress\/ -->\n<title>Tor\u00f3 Tibor - Institutul B\u00e1lv\u00e1nyos<\/title>\n<meta name=\"robots\" content=\"index, follow, max-snippet:-1, max-image-preview:large, max-video-preview:-1\" \/>\n<link rel=\"canonical\" href=\"https:\/\/balvanyos.org\/ro\/toro-tibor-ro\/\" \/>\n<meta property=\"og:locale\" content=\"ro_RO\" \/>\n<meta property=\"og:type\" content=\"article\" \/>\n<meta property=\"og:title\" content=\"Tor\u00f3 Tibor - Institutul B\u00e1lv\u00e1nyos\" \/>\n<meta property=\"og:description\" content=\"politolog, sociolog, director de cercetare S-a n\u0103scut \u00een 1981 la Timi\u0219oara (Temesv\u00e1r). \u0218i-a absolvit studiile la Universitatea de Vest din Timi\u0219oara, Facultatea de Sociologie, dup\u0103 care a ob\u021binut diplom\u0103 de master \u00een politologie la Universitatea Babe\u0219-Bolyai respectiv master al teoriilor de na\u021bionalism la Central European University (CEU) la Budapesta. Pentru ob\u021binerea doctoratului a urmat \u0218coala &hellip;\" \/>\n<meta property=\"og:url\" content=\"https:\/\/balvanyos.org\/ro\/toro-tibor-ro\/\" \/>\n<meta property=\"og:site_name\" content=\"Institutul B\u00e1lv\u00e1nyos\" \/>\n<meta property=\"article:modified_time\" content=\"2020-07-17T18:07:24+00:00\" \/>\n<meta property=\"og:image\" content=\"https:\/\/balvanyos.org\/wp-content\/uploads\/2019\/04\/TT1-1024x1024.jpg\" \/>\n<meta name=\"twitter:card\" content=\"summary_large_image\" \/>\n<meta name=\"twitter:label1\" content=\"Timp estimat pentru citire\" \/>\n\t<meta name=\"twitter:data1\" content=\"2 minute\" \/>\n<script type=\"application\/ld+json\" class=\"yoast-schema-graph\">{\"@context\":\"https:\/\/schema.org\",\"@graph\":[{\"@type\":\"WebPage\",\"@id\":\"https:\/\/balvanyos.org\/ro\/toro-tibor-ro\/\",\"url\":\"https:\/\/balvanyos.org\/ro\/toro-tibor-ro\/\",\"name\":\"Tor\u00f3 Tibor - Institutul B\u00e1lv\u00e1nyos\",\"isPartOf\":{\"@id\":\"https:\/\/balvanyos.org\/#website\"},\"primaryImageOfPage\":{\"@id\":\"https:\/\/balvanyos.org\/ro\/toro-tibor-ro\/#primaryimage\"},\"image\":{\"@id\":\"https:\/\/balvanyos.org\/ro\/toro-tibor-ro\/#primaryimage\"},\"thumbnailUrl\":\"https:\/\/balvanyos.org\/wp-content\/uploads\/2019\/04\/TT1-1024x1024.jpg\",\"datePublished\":\"2020-07-02T08:58:28+00:00\",\"dateModified\":\"2020-07-17T18:07:24+00:00\",\"breadcrumb\":{\"@id\":\"https:\/\/balvanyos.org\/ro\/toro-tibor-ro\/#breadcrumb\"},\"inLanguage\":\"ro-RO\",\"potentialAction\":[{\"@type\":\"ReadAction\",\"target\":[\"https:\/\/balvanyos.org\/ro\/toro-tibor-ro\/\"]}]},{\"@type\":\"ImageObject\",\"inLanguage\":\"ro-RO\",\"@id\":\"https:\/\/balvanyos.org\/ro\/toro-tibor-ro\/#primaryimage\",\"url\":\"https:\/\/balvanyos.org\/wp-content\/uploads\/2019\/04\/TT1-1024x1024.jpg\",\"contentUrl\":\"https:\/\/balvanyos.org\/wp-content\/uploads\/2019\/04\/TT1-1024x1024.jpg\"},{\"@type\":\"BreadcrumbList\",\"@id\":\"https:\/\/balvanyos.org\/ro\/toro-tibor-ro\/#breadcrumb\",\"itemListElement\":[{\"@type\":\"ListItem\",\"position\":1,\"name\":\"Home\",\"item\":\"https:\/\/balvanyos.org\/ro\/\"},{\"@type\":\"ListItem\",\"position\":2,\"name\":\"Tor\u00f3 Tibor\"}]},{\"@type\":\"WebSite\",\"@id\":\"https:\/\/balvanyos.org\/#website\",\"url\":\"https:\/\/balvanyos.org\/\",\"name\":\"Institutul B\u00e1lv\u00e1nyos\",\"description\":\"Erd\u00e9lyi K\u00f6zszolg\u00e1lati Szabadegyetem\",\"publisher\":{\"@id\":\"https:\/\/balvanyos.org\/#organization\"},\"potentialAction\":[{\"@type\":\"SearchAction\",\"target\":{\"@type\":\"EntryPoint\",\"urlTemplate\":\"https:\/\/balvanyos.org\/?s={search_term_string}\"},\"query-input\":{\"@type\":\"PropertyValueSpecification\",\"valueRequired\":true,\"valueName\":\"search_term_string\"}}],\"inLanguage\":\"ro-RO\"},{\"@type\":\"Organization\",\"@id\":\"https:\/\/balvanyos.org\/#organization\",\"name\":\"Institutul B\u00e1lv\u00e1nyos\",\"url\":\"https:\/\/balvanyos.org\/\",\"logo\":{\"@type\":\"ImageObject\",\"inLanguage\":\"ro-RO\",\"@id\":\"https:\/\/balvanyos.org\/#\/schema\/logo\/image\/\",\"url\":\"https:\/\/balvanyos.org\/wp-content\/uploads\/2019\/03\/BI_celja_pic.jpg\",\"contentUrl\":\"https:\/\/balvanyos.org\/wp-content\/uploads\/2019\/03\/BI_celja_pic.jpg\",\"width\":1300,\"height\":900,\"caption\":\"Institutul B\u00e1lv\u00e1nyos\"},\"image\":{\"@id\":\"https:\/\/balvanyos.org\/#\/schema\/logo\/image\/\"}}]}<\/script>\n<!-- \/ Yoast SEO plugin. -->","yoast_head_json":{"title":"Tor\u00f3 Tibor - Institutul B\u00e1lv\u00e1nyos","robots":{"index":"index","follow":"follow","max-snippet":"max-snippet:-1","max-image-preview":"max-image-preview:large","max-video-preview":"max-video-preview:-1"},"canonical":"https:\/\/balvanyos.org\/ro\/toro-tibor-ro\/","og_locale":"ro_RO","og_type":"article","og_title":"Tor\u00f3 Tibor - Institutul B\u00e1lv\u00e1nyos","og_description":"politolog, sociolog, director de cercetare S-a n\u0103scut \u00een 1981 la Timi\u0219oara (Temesv\u00e1r). \u0218i-a absolvit studiile la Universitatea de Vest din Timi\u0219oara, Facultatea de Sociologie, dup\u0103 care a ob\u021binut diplom\u0103 de master \u00een politologie la Universitatea Babe\u0219-Bolyai respectiv master al teoriilor de na\u021bionalism la Central European University (CEU) la Budapesta. Pentru ob\u021binerea doctoratului a urmat \u0218coala &hellip;","og_url":"https:\/\/balvanyos.org\/ro\/toro-tibor-ro\/","og_site_name":"Institutul B\u00e1lv\u00e1nyos","article_modified_time":"2020-07-17T18:07:24+00:00","og_image":[{"url":"https:\/\/balvanyos.org\/wp-content\/uploads\/2019\/04\/TT1-1024x1024.jpg","type":"","width":"","height":""}],"twitter_card":"summary_large_image","twitter_misc":{"Timp estimat pentru citire":"2 minute"},"schema":{"@context":"https:\/\/schema.org","@graph":[{"@type":"WebPage","@id":"https:\/\/balvanyos.org\/ro\/toro-tibor-ro\/","url":"https:\/\/balvanyos.org\/ro\/toro-tibor-ro\/","name":"Tor\u00f3 Tibor - Institutul B\u00e1lv\u00e1nyos","isPartOf":{"@id":"https:\/\/balvanyos.org\/#website"},"primaryImageOfPage":{"@id":"https:\/\/balvanyos.org\/ro\/toro-tibor-ro\/#primaryimage"},"image":{"@id":"https:\/\/balvanyos.org\/ro\/toro-tibor-ro\/#primaryimage"},"thumbnailUrl":"https:\/\/balvanyos.org\/wp-content\/uploads\/2019\/04\/TT1-1024x1024.jpg","datePublished":"2020-07-02T08:58:28+00:00","dateModified":"2020-07-17T18:07:24+00:00","breadcrumb":{"@id":"https:\/\/balvanyos.org\/ro\/toro-tibor-ro\/#breadcrumb"},"inLanguage":"ro-RO","potentialAction":[{"@type":"ReadAction","target":["https:\/\/balvanyos.org\/ro\/toro-tibor-ro\/"]}]},{"@type":"ImageObject","inLanguage":"ro-RO","@id":"https:\/\/balvanyos.org\/ro\/toro-tibor-ro\/#primaryimage","url":"https:\/\/balvanyos.org\/wp-content\/uploads\/2019\/04\/TT1-1024x1024.jpg","contentUrl":"https:\/\/balvanyos.org\/wp-content\/uploads\/2019\/04\/TT1-1024x1024.jpg"},{"@type":"BreadcrumbList","@id":"https:\/\/balvanyos.org\/ro\/toro-tibor-ro\/#breadcrumb","itemListElement":[{"@type":"ListItem","position":1,"name":"Home","item":"https:\/\/balvanyos.org\/ro\/"},{"@type":"ListItem","position":2,"name":"Tor\u00f3 Tibor"}]},{"@type":"WebSite","@id":"https:\/\/balvanyos.org\/#website","url":"https:\/\/balvanyos.org\/","name":"Institutul B\u00e1lv\u00e1nyos","description":"Erd\u00e9lyi K\u00f6zszolg\u00e1lati Szabadegyetem","publisher":{"@id":"https:\/\/balvanyos.org\/#organization"},"potentialAction":[{"@type":"SearchAction","target":{"@type":"EntryPoint","urlTemplate":"https:\/\/balvanyos.org\/?s={search_term_string}"},"query-input":{"@type":"PropertyValueSpecification","valueRequired":true,"valueName":"search_term_string"}}],"inLanguage":"ro-RO"},{"@type":"Organization","@id":"https:\/\/balvanyos.org\/#organization","name":"Institutul B\u00e1lv\u00e1nyos","url":"https:\/\/balvanyos.org\/","logo":{"@type":"ImageObject","inLanguage":"ro-RO","@id":"https:\/\/balvanyos.org\/#\/schema\/logo\/image\/","url":"https:\/\/balvanyos.org\/wp-content\/uploads\/2019\/03\/BI_celja_pic.jpg","contentUrl":"https:\/\/balvanyos.org\/wp-content\/uploads\/2019\/03\/BI_celja_pic.jpg","width":1300,"height":900,"caption":"Institutul B\u00e1lv\u00e1nyos"},"image":{"@id":"https:\/\/balvanyos.org\/#\/schema\/logo\/image\/"}}]}},"_links":{"self":[{"href":"https:\/\/balvanyos.org\/ro\/wp-json\/wp\/v2\/pages\/8262","targetHints":{"allow":["GET"]}}],"collection":[{"href":"https:\/\/balvanyos.org\/ro\/wp-json\/wp\/v2\/pages"}],"about":[{"href":"https:\/\/balvanyos.org\/ro\/wp-json\/wp\/v2\/types\/page"}],"author":[{"embeddable":true,"href":"https:\/\/balvanyos.org\/ro\/wp-json\/wp\/v2\/users\/7"}],"replies":[{"embeddable":true,"href":"https:\/\/balvanyos.org\/ro\/wp-json\/wp\/v2\/comments?post=8262"}],"version-history":[{"count":3,"href":"https:\/\/balvanyos.org\/ro\/wp-json\/wp\/v2\/pages\/8262\/revisions"}],"predecessor-version":[{"id":8552,"href":"https:\/\/balvanyos.org\/ro\/wp-json\/wp\/v2\/pages\/8262\/revisions\/8552"}],"wp:attachment":[{"href":"https:\/\/balvanyos.org\/ro\/wp-json\/wp\/v2\/media?parent=8262"}],"curies":[{"name":"wp","href":"https:\/\/api.w.org\/{rel}","templated":true}]}}