{"id":8250,"date":"2020-07-02T08:57:46","date_gmt":"2020-07-02T08:57:46","guid":{"rendered":"https:\/\/balvanyos.org\/nyelvpolitika-ro-2\/"},"modified":"2020-08-22T07:59:41","modified_gmt":"2020-08-22T07:59:41","slug":"politici-lingvistice","status":"publish","type":"page","link":"https:\/\/balvanyos.org\/ro\/politici-lingvistice\/","title":{"rendered":"Politici lingvistice"},"content":{"rendered":"\t\t<div data-elementor-type=\"wp-post\" data-elementor-id=\"8250\" class=\"elementor elementor-8250 elementor-7163\">\n\t\t\t\t\t\t<section class=\"elementor-section elementor-top-section elementor-element elementor-element-2e7c1648 elementor-section-boxed elementor-section-height-default elementor-section-height-default\" data-id=\"2e7c1648\" data-element_type=\"section\" data-settings=\"{&quot;jet_parallax_layout_list&quot;:[{&quot;jet_parallax_layout_image&quot;:{&quot;url&quot;:&quot;&quot;,&quot;id&quot;:&quot;&quot;,&quot;size&quot;:&quot;&quot;},&quot;_id&quot;:&quot;7b3c73f&quot;,&quot;jet_parallax_layout_speed&quot;:{&quot;unit&quot;:&quot;%&quot;,&quot;size&quot;:50,&quot;sizes&quot;:[]},&quot;jet_parallax_layout_type&quot;:&quot;scroll&quot;,&quot;jet_parallax_layout_z_index&quot;:&quot;&quot;,&quot;jet_parallax_layout_bg_x&quot;:50,&quot;jet_parallax_layout_bg_y&quot;:50,&quot;jet_parallax_layout_bg_size&quot;:&quot;auto&quot;,&quot;jet_parallax_layout_animation_prop&quot;:&quot;transform&quot;,&quot;jet_parallax_layout_on&quot;:[&quot;desktop&quot;,&quot;tablet&quot;],&quot;jet_parallax_layout_image_tablet&quot;:{&quot;url&quot;:&quot;&quot;,&quot;id&quot;:&quot;&quot;,&quot;size&quot;:&quot;&quot;},&quot;jet_parallax_layout_image_mobile&quot;:{&quot;url&quot;:&quot;&quot;,&quot;id&quot;:&quot;&quot;,&quot;size&quot;:&quot;&quot;},&quot;jet_parallax_layout_direction&quot;:null,&quot;jet_parallax_layout_fx_direction&quot;:null,&quot;jet_parallax_layout_bg_x_tablet&quot;:&quot;&quot;,&quot;jet_parallax_layout_bg_x_mobile&quot;:&quot;&quot;,&quot;jet_parallax_layout_bg_y_tablet&quot;:&quot;&quot;,&quot;jet_parallax_layout_bg_y_mobile&quot;:&quot;&quot;,&quot;jet_parallax_layout_bg_size_tablet&quot;:&quot;&quot;,&quot;jet_parallax_layout_bg_size_mobile&quot;:&quot;&quot;}]}\">\n\t\t\t\t\t\t<div class=\"elementor-container elementor-column-gap-default\">\n\t\t\t\t\t<div class=\"elementor-column elementor-col-100 elementor-top-column elementor-element elementor-element-2d7c9f1b\" data-id=\"2d7c9f1b\" data-element_type=\"column\">\n\t\t\t<div class=\"elementor-widget-wrap elementor-element-populated\">\n\t\t\t\t\t\t<div class=\"elementor-element elementor-element-64b65b2f elementor-widget elementor-widget-text-editor\" data-id=\"64b65b2f\" data-element_type=\"widget\" data-widget_type=\"text-editor.default\">\n\t\t\t\t<div class=\"elementor-widget-container\">\n\t\t\t\t\t\t\t<p>Scopul Institului B\u00e1lv\u00e1nyos este derularea cercet\u0103rilor legate de drepturile \u0219i practicile de utilizare a limbii materne, cu ajutorul c\u0103rora putem \u00een\u021belege elementele centrale ale politicii lingvistice din Rom\u00e2nia \u0219i putem ajuta organiza\u021biile de ap\u0103rarea drepturilor minorit\u0103\u021bilor, respect organiza\u021biile de lobby \u00een domeniu.<\/p>\n<p>Cercet\u0103rile se axeaz\u0103 asupra urm\u0103toarelor domenii de importan\u021b\u0103 major\u0103:<\/p>\n<ul>\n<li>folosirea oficial\u0103 ale limbilor minorit\u0103\u021bilor \u2013 Legea administra\u021biei publice nr. 215\/2001 respectiv Ordonan\u021ba de Urgen\u021b\u0103 nr. 57\/2019 care a l-a abrogat confer\u0103 drepturi importante de folosirea limbii pentru minorit\u0103\u021bi \u00eens\u0103 statul nu urm\u0103re\u0219te cu aten\u021bia cuvenit\u0103 punerea \u00een aplicare a acestor legi<\/li>\n<li>utilizarea limbii minorit\u0103\u021bilor \u00een sistemul de s\u0103n\u0103tate \u2013 sistemul de s\u0103n\u0103tate este considerat domeniu de importan\u021b\u0103 strategic\u0103, deoarece un bolnav poate explica cel mai bine \u00een limba matern\u0103 problemele de s\u0103n\u0103tate pe care le are<\/li>\n<li>practicile lingvistice \u00een via\u021ba de zi cu zi \u2013 utilizarea limbii \u00een fiecare zi, caracterul multilingvistic \u0219i atitudinile fa\u021b\u0103 de limbi sunt elemente centrale ale politicii lingvistice rom\u00e2ne.<\/li>\n<\/ul>\n<p><span style=\"font-weight: 400;\">\u00a0<\/span><\/p>\n\t\t\t\t\t\t<\/div>\n\t\t\t\t<\/div>\n\t\t\t\t\t<\/div>\n\t\t<\/div>\n\t\t\t\t\t<\/div>\n\t\t<\/section>\n\t\t\t\t<section class=\"elementor-section elementor-top-section elementor-element elementor-element-dab6707 elementor-section-boxed elementor-section-height-default elementor-section-height-default\" data-id=\"dab6707\" data-element_type=\"section\" data-settings=\"{&quot;jet_parallax_layout_list&quot;:[{&quot;jet_parallax_layout_image&quot;:{&quot;url&quot;:&quot;&quot;,&quot;id&quot;:&quot;&quot;,&quot;size&quot;:&quot;&quot;},&quot;_id&quot;:&quot;ddc9445&quot;,&quot;jet_parallax_layout_speed&quot;:{&quot;unit&quot;:&quot;%&quot;,&quot;size&quot;:50,&quot;sizes&quot;:[]},&quot;jet_parallax_layout_type&quot;:&quot;scroll&quot;,&quot;jet_parallax_layout_z_index&quot;:&quot;&quot;,&quot;jet_parallax_layout_bg_x&quot;:50,&quot;jet_parallax_layout_bg_y&quot;:50,&quot;jet_parallax_layout_bg_size&quot;:&quot;auto&quot;,&quot;jet_parallax_layout_animation_prop&quot;:&quot;transform&quot;,&quot;jet_parallax_layout_on&quot;:[&quot;desktop&quot;,&quot;tablet&quot;],&quot;jet_parallax_layout_image_tablet&quot;:{&quot;url&quot;:&quot;&quot;,&quot;id&quot;:&quot;&quot;,&quot;size&quot;:&quot;&quot;},&quot;jet_parallax_layout_image_mobile&quot;:{&quot;url&quot;:&quot;&quot;,&quot;id&quot;:&quot;&quot;,&quot;size&quot;:&quot;&quot;},&quot;jet_parallax_layout_direction&quot;:null,&quot;jet_parallax_layout_fx_direction&quot;:null,&quot;jet_parallax_layout_bg_x_tablet&quot;:&quot;&quot;,&quot;jet_parallax_layout_bg_x_mobile&quot;:&quot;&quot;,&quot;jet_parallax_layout_bg_y_tablet&quot;:&quot;&quot;,&quot;jet_parallax_layout_bg_y_mobile&quot;:&quot;&quot;,&quot;jet_parallax_layout_bg_size_tablet&quot;:&quot;&quot;,&quot;jet_parallax_layout_bg_size_mobile&quot;:&quot;&quot;}]}\">\n\t\t\t\t\t\t<div class=\"elementor-container elementor-column-gap-default\">\n\t\t\t\t\t<div class=\"elementor-column elementor-col-100 elementor-top-column elementor-element elementor-element-47e1c1b\" data-id=\"47e1c1b\" data-element_type=\"column\">\n\t\t\t<div class=\"elementor-widget-wrap elementor-element-populated\">\n\t\t\t\t\t\t<div class=\"elementor-element elementor-element-970a00b elementor-widget elementor-widget-wp-widget-widget-custom-posts\" data-id=\"970a00b\" data-element_type=\"widget\" data-widget_type=\"wp-widget-widget-custom-posts.default\">\n\t\t\t\t<div class=\"elementor-widget-container\">\n\t\t\t<h5>Politici lingvistice<\/h5><div class=\"custom-posts__holder row\" ><div class=\"custom-posts__item post col-xs-12 col-sm-6 col-md-6 col-lg-3 col-xl-3\">\n\t<div class=\"post-inner\">\n\t\t<div class=\"post-thumbnail\">\n\t\t\t<a href=\"https:\/\/balvanyos.org\/ro\/educatia-facultativa-a-limbii-maghiare-in-romania\/\" class=\"post-thumbnail__link\"><img decoding=\"async\" class=\"post-thumbnail__img\" src=\"https:\/\/fakeimg.pl\/150x150\/000\/fff\/?text=Institutul+B%C3%A1lv%C3%A1nyos\" alt=\"Educa\u021bia facultativ\u0103 a limbii maghiare \u00een Rom\u00e2nia\" width=\"150\" height=\"150\"><\/a>\t\t<\/div>\n\t\t<div class=\"post-content-wrap\">\n\t\t\t<div class=\"entry-meta header-meta\">\n\t\t\t\t<span class=\"post__date\"><a href=\"https:\/\/balvanyos.org\/ro\/2020\/07\/20\/\"  class=\"post__date-link\"><time datetime=\"2020-07-20T09:58:05+00:00\">iul. 2020<\/time><\/a><\/span>\t\t\t\t<span class=\"posted-by\">by <a href=\"https:\/\/balvanyos.org\/ro\/author\/szilvia\/\"  class=\"posted-by__author\" rel=\"author\">Szilvia<\/a><\/span>\t\t\t\t\t\t\t<\/div>\n\t\t\t<div class=\"entry-header\">\n\t\t\t\t<h5 class=\"entry-title\"><a href=\"https:\/\/balvanyos.org\/ro\/educatia-facultativa-a-limbii-maghiare-in-romania\/\" title=\"Educa\u021bia facultativ\u0103 a limbii maghiare \u00een Rom\u00e2nia\">Educa\u021bia facultativ\u0103 a limbii maghiare \u00een Rom\u00e2nia<\/a><\/h5>\t\t\t<\/div>\n\t\t\t<div class=\"entry-content\">\n\t\t\t\t<p >Perioada de derulare: februarie \u2013 noiembrie 2018 Scopul cercet\u0103rii Esen\u021ba&hellip;<\/p>\t\t\t<\/div>\n\t\t\t<div class=\"entry-footer\">\n\t\t\t\t<div class=\"entry-meta\"><\/div>\n\t\t\t\t\t\t\t<\/div>\n\t\t<\/div>\n\t<\/div>\n<\/div>\n<div class=\"custom-posts__item post col-xs-12 col-sm-6 col-md-6 col-lg-3 col-xl-3\">\n\t<div class=\"post-inner\">\n\t\t<div class=\"post-thumbnail\">\n\t\t\t<a href=\"https:\/\/balvanyos.org\/ro\/romania-si-drepturile-lingvistice-in-administratia-publica-analiza-de-situatie\/\" class=\"post-thumbnail__link\"><img decoding=\"async\" class=\"post-thumbnail__img\" src=\"https:\/\/fakeimg.pl\/150x150\/000\/fff\/?text=Institutul+B%C3%A1lv%C3%A1nyos\" alt=\"Rom\u00e2nia \u0219i drepturile lingvistice \u00een administra\u021bia public\u0103. Analiz\u0103 de situa\u021bie\" width=\"150\" height=\"150\"><\/a>\t\t<\/div>\n\t\t<div class=\"post-content-wrap\">\n\t\t\t<div class=\"entry-meta header-meta\">\n\t\t\t\t<span class=\"post__date\"><a href=\"https:\/\/balvanyos.org\/ro\/2020\/07\/20\/\"  class=\"post__date-link\"><time datetime=\"2020-07-20T09:42:42+00:00\">iul. 2020<\/time><\/a><\/span>\t\t\t\t<span class=\"posted-by\">by <a href=\"https:\/\/balvanyos.org\/ro\/author\/szilvia\/\"  class=\"posted-by__author\" rel=\"author\">Szilvia<\/a><\/span>\t\t\t\t\t\t\t<\/div>\n\t\t\t<div class=\"entry-header\">\n\t\t\t\t<h5 class=\"entry-title\"><a href=\"https:\/\/balvanyos.org\/ro\/romania-si-drepturile-lingvistice-in-administratia-publica-analiza-de-situatie\/\" title=\"Rom\u00e2nia \u0219i drepturile lingvistice \u00een administra\u021bia public\u0103. Analiz\u0103 de situa\u021bie\">Rom\u00e2nia \u0219i drepturile lingvistice \u00een administra\u021bia public\u0103. Analiz\u0103 de situa\u021bie<\/a><\/h5>\t\t\t<\/div>\n\t\t\t<div class=\"entry-content\">\n\t\t\t\t<p >Perioada de derulare: mai 2014 \u2013 februarie 2015 Scopul cercet\u0103rii&hellip;<\/p>\t\t\t<\/div>\n\t\t\t<div class=\"entry-footer\">\n\t\t\t\t<div class=\"entry-meta\"><\/div>\n\t\t\t\t\t\t\t<\/div>\n\t\t<\/div>\n\t<\/div>\n<\/div>\n<div class=\"custom-posts__item post col-xs-12 col-sm-6 col-md-6 col-lg-3 col-xl-3\">\n\t<div class=\"post-inner\">\n\t\t<div class=\"post-thumbnail\">\n\t\t\t<a href=\"https:\/\/balvanyos.org\/ro\/bilingvism-drepturi-lingvistice-si-identitate-lingvistica-in-trei-orase-mari-din-transilvania\/\" class=\"post-thumbnail__link\"><img decoding=\"async\" class=\"post-thumbnail__img\" src=\"https:\/\/fakeimg.pl\/150x150\/000\/fff\/?text=Institutul+B%C3%A1lv%C3%A1nyos\" alt=\"Bilingvism, drepturi lingvistice \u0219i identitate lingvistic\u0103 \u00een trei ora\u0219e mari din Transilvania\" width=\"150\" height=\"150\"><\/a>\t\t<\/div>\n\t\t<div class=\"post-content-wrap\">\n\t\t\t<div class=\"entry-meta header-meta\">\n\t\t\t\t<span class=\"post__date\"><a href=\"https:\/\/balvanyos.org\/ro\/2020\/07\/20\/\"  class=\"post__date-link\"><time datetime=\"2020-07-20T09:10:36+00:00\">iul. 2020<\/time><\/a><\/span>\t\t\t\t<span class=\"posted-by\">by <a href=\"https:\/\/balvanyos.org\/ro\/author\/szilvia\/\"  class=\"posted-by__author\" rel=\"author\">Szilvia<\/a><\/span>\t\t\t\t\t\t\t<\/div>\n\t\t\t<div class=\"entry-header\">\n\t\t\t\t<h5 class=\"entry-title\"><a href=\"https:\/\/balvanyos.org\/ro\/bilingvism-drepturi-lingvistice-si-identitate-lingvistica-in-trei-orase-mari-din-transilvania\/\" title=\"Bilingvism, drepturi lingvistice \u0219i identitate lingvistic\u0103 \u00een trei ora\u0219e mari din Transilvania\">Bilingvism, drepturi lingvistice \u0219i identitate lingvistic\u0103 \u00een trei ora\u0219e mari&hellip;<\/a><\/h5>\t\t\t<\/div>\n\t\t\t<div class=\"entry-content\">\n\t\t\t\t<p >Perioada de derulare: martie 2019 \u2013 Regim lingvistic din Rom\u00e2nia&hellip;<\/p>\t\t\t<\/div>\n\t\t\t<div class=\"entry-footer\">\n\t\t\t\t<div class=\"entry-meta\"><\/div>\n\t\t\t\t\t\t\t<\/div>\n\t\t<\/div>\n\t<\/div>\n<\/div>\n<div class=\"custom-posts__item post col-xs-12 col-sm-6 col-md-6 col-lg-3 col-xl-3\">\n\t<div class=\"post-inner\">\n\t\t<div class=\"post-thumbnail\">\n\t\t\t<a href=\"https:\/\/balvanyos.org\/ro\/peisajul-lingvistic-al-scolilor-din-romania\/\" class=\"post-thumbnail__link\"><img loading=\"lazy\" decoding=\"async\" class=\"post-thumbnail__img\" src=\"https:\/\/fakeimg.pl\/150x150\/000\/fff\/?text=Institutul+B%C3%A1lv%C3%A1nyos\" alt=\"Peisajul lingvistic al \u0219colilor din Rom\u00e2nia\" width=\"150\" height=\"150\"><\/a>\t\t<\/div>\n\t\t<div class=\"post-content-wrap\">\n\t\t\t<div class=\"entry-meta header-meta\">\n\t\t\t\t<span class=\"post__date\"><a href=\"https:\/\/balvanyos.org\/ro\/2020\/07\/20\/\"  class=\"post__date-link\"><time datetime=\"2020-07-20T09:00:19+00:00\">iul. 2020<\/time><\/a><\/span>\t\t\t\t<span class=\"posted-by\">by <a href=\"https:\/\/balvanyos.org\/ro\/author\/szilvia\/\"  class=\"posted-by__author\" rel=\"author\">Szilvia<\/a><\/span>\t\t\t\t\t\t\t<\/div>\n\t\t\t<div class=\"entry-header\">\n\t\t\t\t<h5 class=\"entry-title\"><a href=\"https:\/\/balvanyos.org\/ro\/peisajul-lingvistic-al-scolilor-din-romania\/\" title=\"Peisajul lingvistic al \u0219colilor din Rom\u00e2nia\">Peisajul lingvistic al \u0219colilor din Rom\u00e2nia<\/a><\/h5>\t\t\t<\/div>\n\t\t\t<div class=\"entry-content\">\n\t\t\t\t<p >Perioada de derulare: februarie 2019 \u2013 Multilingvismul \u00een cadrul institu\u021biilor&hellip;<\/p>\t\t\t<\/div>\n\t\t\t<div class=\"entry-footer\">\n\t\t\t\t<div class=\"entry-meta\"><\/div>\n\t\t\t\t\t\t\t<\/div>\n\t\t<\/div>\n\t<\/div>\n<\/div>\n<\/div>\t\t<\/div>\n\t\t\t\t<\/div>\n\t\t\t\t\t<\/div>\n\t\t<\/div>\n\t\t\t\t\t<\/div>\n\t\t<\/section>\n\t\t\t\t<\/div>\n\t\t<div class=\"fb-background-color\">\n\t\t\t  <div \n\t\t\t  \tclass = \"fb-comments\" \n\t\t\t  \tdata-href = \"https:\/\/balvanyos.org\/ro\/peisajul-lingvistic-al-scolilor-din-romania\/\"\n\t\t\t  \tdata-numposts = \"10\"\n\t\t\t  \tdata-lazy = \"true\"\n\t\t\t\tdata-colorscheme = \"light\"\n\t\t\t\tdata-order-by = \"social\"\n\t\t\t\tdata-mobile=true>\n\t\t\t  <\/div><\/div>\n\t\t  <style>\n\t\t    .fb-background-color {\n\t\t\t\tbackground:  !important;\n\t\t\t}\n\t\t\t.fb_iframe_widget_fluid_desktop iframe {\n\t\t\t    width: 100% !important;\n\t\t\t}\n\t\t  <\/style>\n\t\t  ","protected":false},"excerpt":{"rendered":"<p>Scopul Institului B\u00e1lv\u00e1nyos este derularea cercet\u0103rilor legate de drepturile \u0219i practicile de utilizare a limbii materne, cu ajutorul c\u0103rora putem \u00een\u021belege elementele centrale ale politicii lingvistice din Rom\u00e2nia \u0219i putem ajuta organiza\u021biile de ap\u0103rarea drepturilor minorit\u0103\u021bilor, respect organiza\u021biile de lobby \u00een domeniu. Cercet\u0103rile se axeaz\u0103 asupra urm\u0103toarelor domenii de importan\u021b\u0103 major\u0103: folosirea oficial\u0103 ale limbilor &hellip;<\/p>\n","protected":false},"author":4,"featured_media":0,"parent":0,"menu_order":0,"comment_status":"closed","ping_status":"closed","template":"","meta":{"footnotes":""},"class_list":["post-8250","page","type-page","status-publish","hentry","no-thumb"],"yoast_head":"<!-- This site is optimized with the Yoast SEO plugin v26.8 - https:\/\/yoast.com\/product\/yoast-seo-wordpress\/ -->\n<title>Politici lingvistice - Institutul B\u00e1lv\u00e1nyos<\/title>\n<meta name=\"robots\" content=\"index, follow, max-snippet:-1, max-image-preview:large, max-video-preview:-1\" \/>\n<link rel=\"canonical\" href=\"https:\/\/balvanyos.org\/ro\/politici-lingvistice\/\" \/>\n<meta property=\"og:locale\" content=\"ro_RO\" \/>\n<meta property=\"og:type\" content=\"article\" \/>\n<meta property=\"og:title\" content=\"Politici lingvistice - Institutul B\u00e1lv\u00e1nyos\" \/>\n<meta property=\"og:description\" content=\"Scopul Institului B\u00e1lv\u00e1nyos este derularea cercet\u0103rilor legate de drepturile \u0219i practicile de utilizare a limbii materne, cu ajutorul c\u0103rora putem \u00een\u021belege elementele centrale ale politicii lingvistice din Rom\u00e2nia \u0219i putem ajuta organiza\u021biile de ap\u0103rarea drepturilor minorit\u0103\u021bilor, respect organiza\u021biile de lobby \u00een domeniu. Cercet\u0103rile se axeaz\u0103 asupra urm\u0103toarelor domenii de importan\u021b\u0103 major\u0103: folosirea oficial\u0103 ale limbilor &hellip;\" \/>\n<meta property=\"og:url\" content=\"https:\/\/balvanyos.org\/ro\/politici-lingvistice\/\" \/>\n<meta property=\"og:site_name\" content=\"Institutul B\u00e1lv\u00e1nyos\" \/>\n<meta property=\"article:modified_time\" content=\"2020-08-22T07:59:41+00:00\" \/>\n<meta name=\"twitter:card\" content=\"summary_large_image\" \/>\n<meta name=\"twitter:label1\" content=\"Timp estimat pentru citire\" \/>\n\t<meta name=\"twitter:data1\" content=\"1 minut\" \/>\n<script type=\"application\/ld+json\" class=\"yoast-schema-graph\">{\"@context\":\"https:\/\/schema.org\",\"@graph\":[{\"@type\":\"WebPage\",\"@id\":\"https:\/\/balvanyos.org\/ro\/politici-lingvistice\/\",\"url\":\"https:\/\/balvanyos.org\/ro\/politici-lingvistice\/\",\"name\":\"Politici lingvistice - Institutul B\u00e1lv\u00e1nyos\",\"isPartOf\":{\"@id\":\"https:\/\/balvanyos.org\/#website\"},\"datePublished\":\"2020-07-02T08:57:46+00:00\",\"dateModified\":\"2020-08-22T07:59:41+00:00\",\"breadcrumb\":{\"@id\":\"https:\/\/balvanyos.org\/ro\/politici-lingvistice\/#breadcrumb\"},\"inLanguage\":\"ro-RO\",\"potentialAction\":[{\"@type\":\"ReadAction\",\"target\":[\"https:\/\/balvanyos.org\/ro\/politici-lingvistice\/\"]}]},{\"@type\":\"BreadcrumbList\",\"@id\":\"https:\/\/balvanyos.org\/ro\/politici-lingvistice\/#breadcrumb\",\"itemListElement\":[{\"@type\":\"ListItem\",\"position\":1,\"name\":\"Home\",\"item\":\"https:\/\/balvanyos.org\/ro\/\"},{\"@type\":\"ListItem\",\"position\":2,\"name\":\"Politici lingvistice\"}]},{\"@type\":\"WebSite\",\"@id\":\"https:\/\/balvanyos.org\/#website\",\"url\":\"https:\/\/balvanyos.org\/\",\"name\":\"Institutul B\u00e1lv\u00e1nyos\",\"description\":\"Erd\u00e9lyi K\u00f6zszolg\u00e1lati Szabadegyetem\",\"publisher\":{\"@id\":\"https:\/\/balvanyos.org\/#organization\"},\"potentialAction\":[{\"@type\":\"SearchAction\",\"target\":{\"@type\":\"EntryPoint\",\"urlTemplate\":\"https:\/\/balvanyos.org\/?s={search_term_string}\"},\"query-input\":{\"@type\":\"PropertyValueSpecification\",\"valueRequired\":true,\"valueName\":\"search_term_string\"}}],\"inLanguage\":\"ro-RO\"},{\"@type\":\"Organization\",\"@id\":\"https:\/\/balvanyos.org\/#organization\",\"name\":\"Institutul B\u00e1lv\u00e1nyos\",\"url\":\"https:\/\/balvanyos.org\/\",\"logo\":{\"@type\":\"ImageObject\",\"inLanguage\":\"ro-RO\",\"@id\":\"https:\/\/balvanyos.org\/#\/schema\/logo\/image\/\",\"url\":\"https:\/\/balvanyos.org\/wp-content\/uploads\/2019\/03\/BI_celja_pic.jpg\",\"contentUrl\":\"https:\/\/balvanyos.org\/wp-content\/uploads\/2019\/03\/BI_celja_pic.jpg\",\"width\":1300,\"height\":900,\"caption\":\"Institutul B\u00e1lv\u00e1nyos\"},\"image\":{\"@id\":\"https:\/\/balvanyos.org\/#\/schema\/logo\/image\/\"}}]}<\/script>\n<!-- \/ Yoast SEO plugin. -->","yoast_head_json":{"title":"Politici lingvistice - Institutul B\u00e1lv\u00e1nyos","robots":{"index":"index","follow":"follow","max-snippet":"max-snippet:-1","max-image-preview":"max-image-preview:large","max-video-preview":"max-video-preview:-1"},"canonical":"https:\/\/balvanyos.org\/ro\/politici-lingvistice\/","og_locale":"ro_RO","og_type":"article","og_title":"Politici lingvistice - Institutul B\u00e1lv\u00e1nyos","og_description":"Scopul Institului B\u00e1lv\u00e1nyos este derularea cercet\u0103rilor legate de drepturile \u0219i practicile de utilizare a limbii materne, cu ajutorul c\u0103rora putem \u00een\u021belege elementele centrale ale politicii lingvistice din Rom\u00e2nia \u0219i putem ajuta organiza\u021biile de ap\u0103rarea drepturilor minorit\u0103\u021bilor, respect organiza\u021biile de lobby \u00een domeniu. Cercet\u0103rile se axeaz\u0103 asupra urm\u0103toarelor domenii de importan\u021b\u0103 major\u0103: folosirea oficial\u0103 ale limbilor &hellip;","og_url":"https:\/\/balvanyos.org\/ro\/politici-lingvistice\/","og_site_name":"Institutul B\u00e1lv\u00e1nyos","article_modified_time":"2020-08-22T07:59:41+00:00","twitter_card":"summary_large_image","twitter_misc":{"Timp estimat pentru citire":"1 minut"},"schema":{"@context":"https:\/\/schema.org","@graph":[{"@type":"WebPage","@id":"https:\/\/balvanyos.org\/ro\/politici-lingvistice\/","url":"https:\/\/balvanyos.org\/ro\/politici-lingvistice\/","name":"Politici lingvistice - Institutul B\u00e1lv\u00e1nyos","isPartOf":{"@id":"https:\/\/balvanyos.org\/#website"},"datePublished":"2020-07-02T08:57:46+00:00","dateModified":"2020-08-22T07:59:41+00:00","breadcrumb":{"@id":"https:\/\/balvanyos.org\/ro\/politici-lingvistice\/#breadcrumb"},"inLanguage":"ro-RO","potentialAction":[{"@type":"ReadAction","target":["https:\/\/balvanyos.org\/ro\/politici-lingvistice\/"]}]},{"@type":"BreadcrumbList","@id":"https:\/\/balvanyos.org\/ro\/politici-lingvistice\/#breadcrumb","itemListElement":[{"@type":"ListItem","position":1,"name":"Home","item":"https:\/\/balvanyos.org\/ro\/"},{"@type":"ListItem","position":2,"name":"Politici lingvistice"}]},{"@type":"WebSite","@id":"https:\/\/balvanyos.org\/#website","url":"https:\/\/balvanyos.org\/","name":"Institutul B\u00e1lv\u00e1nyos","description":"Erd\u00e9lyi K\u00f6zszolg\u00e1lati Szabadegyetem","publisher":{"@id":"https:\/\/balvanyos.org\/#organization"},"potentialAction":[{"@type":"SearchAction","target":{"@type":"EntryPoint","urlTemplate":"https:\/\/balvanyos.org\/?s={search_term_string}"},"query-input":{"@type":"PropertyValueSpecification","valueRequired":true,"valueName":"search_term_string"}}],"inLanguage":"ro-RO"},{"@type":"Organization","@id":"https:\/\/balvanyos.org\/#organization","name":"Institutul B\u00e1lv\u00e1nyos","url":"https:\/\/balvanyos.org\/","logo":{"@type":"ImageObject","inLanguage":"ro-RO","@id":"https:\/\/balvanyos.org\/#\/schema\/logo\/image\/","url":"https:\/\/balvanyos.org\/wp-content\/uploads\/2019\/03\/BI_celja_pic.jpg","contentUrl":"https:\/\/balvanyos.org\/wp-content\/uploads\/2019\/03\/BI_celja_pic.jpg","width":1300,"height":900,"caption":"Institutul B\u00e1lv\u00e1nyos"},"image":{"@id":"https:\/\/balvanyos.org\/#\/schema\/logo\/image\/"}}]}},"_links":{"self":[{"href":"https:\/\/balvanyos.org\/ro\/wp-json\/wp\/v2\/pages\/8250","targetHints":{"allow":["GET"]}}],"collection":[{"href":"https:\/\/balvanyos.org\/ro\/wp-json\/wp\/v2\/pages"}],"about":[{"href":"https:\/\/balvanyos.org\/ro\/wp-json\/wp\/v2\/types\/page"}],"author":[{"embeddable":true,"href":"https:\/\/balvanyos.org\/ro\/wp-json\/wp\/v2\/users\/4"}],"replies":[{"embeddable":true,"href":"https:\/\/balvanyos.org\/ro\/wp-json\/wp\/v2\/comments?post=8250"}],"version-history":[{"count":3,"href":"https:\/\/balvanyos.org\/ro\/wp-json\/wp\/v2\/pages\/8250\/revisions"}],"predecessor-version":[{"id":8641,"href":"https:\/\/balvanyos.org\/ro\/wp-json\/wp\/v2\/pages\/8250\/revisions\/8641"}],"wp:attachment":[{"href":"https:\/\/balvanyos.org\/ro\/wp-json\/wp\/v2\/media?parent=8250"}],"curies":[{"name":"wp","href":"https:\/\/api.w.org\/{rel}","templated":true}]}}