{"id":8240,"date":"2020-07-02T08:57:13","date_gmt":"2020-07-02T08:57:13","guid":{"rendered":"https:\/\/balvanyos.org\/kivandorlas-migracio-ro\/"},"modified":"2020-09-02T11:50:42","modified_gmt":"2020-09-02T11:50:42","slug":"kivandorlas-migracio-ro","status":"publish","type":"page","link":"https:\/\/balvanyos.org\/ro\/kivandorlas-migracio-ro\/","title":{"rendered":"Migra\u021bia maghiarilor din Rom\u00e2nia"},"content":{"rendered":"\t\t<div data-elementor-type=\"wp-page\" data-elementor-id=\"8240\" class=\"elementor elementor-8240 elementor-8192\">\n\t\t\t\t\t\t<section class=\"elementor-section elementor-top-section elementor-element elementor-element-123dd71a elementor-section-boxed elementor-section-height-default elementor-section-height-default\" data-id=\"123dd71a\" data-element_type=\"section\" data-settings=\"{&quot;jet_parallax_layout_list&quot;:[{&quot;jet_parallax_layout_image&quot;:{&quot;url&quot;:&quot;&quot;,&quot;id&quot;:&quot;&quot;,&quot;size&quot;:&quot;&quot;},&quot;_id&quot;:&quot;9f3374a&quot;,&quot;jet_parallax_layout_image_tablet&quot;:{&quot;url&quot;:&quot;&quot;,&quot;id&quot;:&quot;&quot;,&quot;size&quot;:&quot;&quot;},&quot;jet_parallax_layout_image_mobile&quot;:{&quot;url&quot;:&quot;&quot;,&quot;id&quot;:&quot;&quot;,&quot;size&quot;:&quot;&quot;},&quot;jet_parallax_layout_speed&quot;:{&quot;unit&quot;:&quot;%&quot;,&quot;size&quot;:50,&quot;sizes&quot;:[]},&quot;jet_parallax_layout_type&quot;:&quot;scroll&quot;,&quot;jet_parallax_layout_direction&quot;:null,&quot;jet_parallax_layout_fx_direction&quot;:null,&quot;jet_parallax_layout_z_index&quot;:&quot;&quot;,&quot;jet_parallax_layout_bg_x&quot;:50,&quot;jet_parallax_layout_bg_y&quot;:50,&quot;jet_parallax_layout_bg_size&quot;:&quot;auto&quot;,&quot;jet_parallax_layout_animation_prop&quot;:&quot;transform&quot;,&quot;jet_parallax_layout_on&quot;:[&quot;desktop&quot;,&quot;tablet&quot;],&quot;jet_parallax_layout_bg_x_tablet&quot;:&quot;&quot;,&quot;jet_parallax_layout_bg_x_mobile&quot;:&quot;&quot;,&quot;jet_parallax_layout_bg_y_tablet&quot;:&quot;&quot;,&quot;jet_parallax_layout_bg_y_mobile&quot;:&quot;&quot;,&quot;jet_parallax_layout_bg_size_tablet&quot;:&quot;&quot;,&quot;jet_parallax_layout_bg_size_mobile&quot;:&quot;&quot;}]}\">\n\t\t\t\t\t\t<div class=\"elementor-container elementor-column-gap-default\">\n\t\t\t\t\t<div class=\"elementor-column elementor-col-100 elementor-top-column elementor-element elementor-element-66c9eb06\" data-id=\"66c9eb06\" data-element_type=\"column\">\n\t\t\t<div class=\"elementor-widget-wrap elementor-element-populated\">\n\t\t\t\t\t\t<div class=\"elementor-element elementor-element-79451cb0 elementor-widget elementor-widget-text-editor\" data-id=\"79451cb0\" data-element_type=\"widget\" data-widget_type=\"text-editor.default\">\n\t\t\t\t<div class=\"elementor-widget-container\">\n\t\t\t\t\t\t\t<p>Dup\u0103 aderarea din 2007 a Rom\u00e2niei la Uniunea European\u0103 migra\u021bia economic\u0103 a c\u0103p\u0103tat o interpretare nou\u0103. Cercet\u0103rile ultimilor ani arat\u0103 c\u0103 foarte mul\u021bi (printre ei \u0219i maghiari din Transilvania) \u00ee\u0219i aleg o \u021bar\u0103 de destina\u021bie din Europa de Vest. \u00cen\u021belegerea proceselor de migra\u021bie poate fi un deziderat important pentru dezvoltarea Transilvaniei.<\/p>\n<p>Totodat\u0103, \u00een ceea ce prive\u0219te mobilitatea intern\u0103, \u00een ultimii 30 de ani am fost martorii a mai multor schimb\u0103ri. \u00cen anii 70-80 din punct de vedere a op\u021biunii pentru studii superioare Timi\u0219oara a fost un ora\u0219 important de destina\u021bie, care de la mijlocul anilor 2000 pare s\u0103 dispar\u0103, studen\u021bii continu\u00e2ndu-\u0219i studiile mai degrab\u0103 pe axa Oradea \u2013 Cluj \u2013 T\u00e2rgu Mure\u0219, iar mul\u021bi dintre ei se \u0219i stabilesc acolo dup\u0103 finalizarea studiilor.<\/p>\n<p>Cercetarea \u0219tiin\u021bific\u0103 obiectiv\u0103 a mobilit\u0103\u021bii interne \u0219i externe poate s\u0103 reprezint\u0103 o baz\u0103 solid\u0103 \u00een dezvoltarea unor politici publice viabile pentru viitorul regiunii.<\/p>\n\t\t\t\t\t\t<\/div>\n\t\t\t\t<\/div>\n\t\t\t\t\t<\/div>\n\t\t<\/div>\n\t\t\t\t\t<\/div>\n\t\t<\/section>\n\t\t\t\t<section class=\"elementor-section elementor-top-section elementor-element elementor-element-488062d elementor-section-boxed elementor-section-height-default elementor-section-height-default\" data-id=\"488062d\" data-element_type=\"section\" data-settings=\"{&quot;jet_parallax_layout_list&quot;:[{&quot;jet_parallax_layout_image&quot;:{&quot;url&quot;:&quot;&quot;,&quot;id&quot;:&quot;&quot;,&quot;size&quot;:&quot;&quot;},&quot;_id&quot;:&quot;7ae5ac0&quot;,&quot;jet_parallax_layout_image_tablet&quot;:{&quot;url&quot;:&quot;&quot;,&quot;id&quot;:&quot;&quot;,&quot;size&quot;:&quot;&quot;},&quot;jet_parallax_layout_image_mobile&quot;:{&quot;url&quot;:&quot;&quot;,&quot;id&quot;:&quot;&quot;,&quot;size&quot;:&quot;&quot;},&quot;jet_parallax_layout_speed&quot;:{&quot;unit&quot;:&quot;%&quot;,&quot;size&quot;:50,&quot;sizes&quot;:[]},&quot;jet_parallax_layout_type&quot;:&quot;scroll&quot;,&quot;jet_parallax_layout_direction&quot;:null,&quot;jet_parallax_layout_fx_direction&quot;:null,&quot;jet_parallax_layout_z_index&quot;:&quot;&quot;,&quot;jet_parallax_layout_bg_x&quot;:50,&quot;jet_parallax_layout_bg_y&quot;:50,&quot;jet_parallax_layout_bg_size&quot;:&quot;auto&quot;,&quot;jet_parallax_layout_animation_prop&quot;:&quot;transform&quot;,&quot;jet_parallax_layout_on&quot;:[&quot;desktop&quot;,&quot;tablet&quot;],&quot;jet_parallax_layout_bg_x_tablet&quot;:&quot;&quot;,&quot;jet_parallax_layout_bg_x_mobile&quot;:&quot;&quot;,&quot;jet_parallax_layout_bg_y_tablet&quot;:&quot;&quot;,&quot;jet_parallax_layout_bg_y_mobile&quot;:&quot;&quot;,&quot;jet_parallax_layout_bg_size_tablet&quot;:&quot;&quot;,&quot;jet_parallax_layout_bg_size_mobile&quot;:&quot;&quot;}]}\">\n\t\t\t\t\t\t<div class=\"elementor-container elementor-column-gap-default\">\n\t\t\t\t\t<div class=\"elementor-column elementor-col-100 elementor-top-column elementor-element elementor-element-8785276\" data-id=\"8785276\" data-element_type=\"column\">\n\t\t\t<div class=\"elementor-widget-wrap elementor-element-populated\">\n\t\t\t\t\t\t<div class=\"elementor-element elementor-element-d6ea1cd elementor-widget elementor-widget-wp-widget-widget-custom-posts\" data-id=\"d6ea1cd\" data-element_type=\"widget\" data-widget_type=\"wp-widget-widget-custom-posts.default\">\n\t\t\t\t<div class=\"elementor-widget-container\">\n\t\t\t<h5>Kiv\u00e1ndorl\u00e1s, migr\u00e1ci\u00f3<\/h5><div class=\"custom-posts__holder row\" ><div class=\"custom-posts__item post col-xs-12 col-sm-6 col-md-6 col-lg-3 col-xl-3\">\n\t<div class=\"post-inner\">\n\t\t<div class=\"post-thumbnail\">\n\t\t\t<a href=\"https:\/\/balvanyos.org\/ro\/maghiari-din-transilvani-in-lume-2020\/\" class=\"post-thumbnail__link\"><img decoding=\"async\" class=\"post-thumbnail__img\" src=\"https:\/\/balvanyos.org\/wp-content\/uploads\/2020\/06\/Erdelyi-magyarok-a-nagyvilagban-01-150x150.png\" alt=\"Maghiari din Transilvani \u00een lume 2020\" width=\"150\" height=\"150\"><\/a>\t\t<\/div>\n\t\t<div class=\"post-content-wrap\">\n\t\t\t<div class=\"entry-meta header-meta\">\n\t\t\t\t<span class=\"post__date\"><a href=\"https:\/\/balvanyos.org\/ro\/2020\/09\/02\/\"  class=\"post__date-link\"><time datetime=\"2020-09-02T12:06:16+00:00\">sept. 2020<\/time><\/a><\/span>\t\t\t\t<span class=\"posted-by\">by <a href=\"https:\/\/balvanyos.org\/ro\/author\/szilvia\/\"  class=\"posted-by__author\" rel=\"author\">Szilvia<\/a><\/span>\t\t\t\t\t\t\t<\/div>\n\t\t\t<div class=\"entry-header\">\n\t\t\t\t<h5 class=\"entry-title\"><a href=\"https:\/\/balvanyos.org\/ro\/maghiari-din-transilvani-in-lume-2020\/\" title=\"Maghiari din Transilvani \u00een lume 2020\">Maghiari din Transilvani \u00een lume 2020<\/a><\/h5>\t\t\t<\/div>\n\t\t\t<div class=\"entry-content\">\n\t\t\t\t<p >Din anii 1930 una din temele importante adresate de elitele&hellip;<\/p>\t\t\t<\/div>\n\t\t\t<div class=\"entry-footer\">\n\t\t\t\t<div class=\"entry-meta\"><\/div>\n\t\t\t\t\t\t\t<\/div>\n\t\t<\/div>\n\t<\/div>\n<\/div>\n<\/div>\t\t<\/div>\n\t\t\t\t<\/div>\n\t\t\t\t\t<\/div>\n\t\t<\/div>\n\t\t\t\t\t<\/div>\n\t\t<\/section>\n\t\t\t\t<\/div>\n\t\t<div class=\"fb-background-color\">\n\t\t\t  <div \n\t\t\t  \tclass = \"fb-comments\" \n\t\t\t  \tdata-href = \"https:\/\/balvanyos.org\/ro\/maghiari-din-transilvani-in-lume-2020\/\"\n\t\t\t  \tdata-numposts = \"10\"\n\t\t\t  \tdata-lazy = \"true\"\n\t\t\t\tdata-colorscheme = \"light\"\n\t\t\t\tdata-order-by = \"social\"\n\t\t\t\tdata-mobile=true>\n\t\t\t  <\/div><\/div>\n\t\t  <style>\n\t\t    .fb-background-color {\n\t\t\t\tbackground:  !important;\n\t\t\t}\n\t\t\t.fb_iframe_widget_fluid_desktop iframe {\n\t\t\t    width: 100% !important;\n\t\t\t}\n\t\t  <\/style>\n\t\t  ","protected":false},"excerpt":{"rendered":"<p>Dup\u0103 aderarea din 2007 a Rom\u00e2niei la Uniunea European\u0103 migra\u021bia economic\u0103 a c\u0103p\u0103tat o interpretare nou\u0103. Cercet\u0103rile ultimilor ani arat\u0103 c\u0103 foarte mul\u021bi (printre ei \u0219i maghiari din Transilvania) \u00ee\u0219i aleg o \u021bar\u0103 de destina\u021bie din Europa de Vest. \u00cen\u021belegerea proceselor de migra\u021bie poate fi un deziderat important pentru dezvoltarea Transilvaniei. Totodat\u0103, \u00een ceea ce &hellip;<\/p>\n","protected":false},"author":7,"featured_media":0,"parent":0,"menu_order":0,"comment_status":"closed","ping_status":"closed","template":"","meta":{"footnotes":""},"class_list":["post-8240","page","type-page","status-publish","hentry","has-thumb"],"yoast_head":"<!-- This site is optimized with the Yoast SEO plugin v26.8 - https:\/\/yoast.com\/product\/yoast-seo-wordpress\/ -->\n<title>Migra\u021bia maghiarilor din Rom\u00e2nia - Institutul B\u00e1lv\u00e1nyos<\/title>\n<meta name=\"robots\" content=\"index, follow, max-snippet:-1, max-image-preview:large, max-video-preview:-1\" \/>\n<link rel=\"canonical\" href=\"https:\/\/balvanyos.org\/ro\/kivandorlas-migracio-ro\/\" \/>\n<meta property=\"og:locale\" content=\"ro_RO\" \/>\n<meta property=\"og:type\" content=\"article\" \/>\n<meta property=\"og:title\" content=\"Migra\u021bia maghiarilor din Rom\u00e2nia - Institutul B\u00e1lv\u00e1nyos\" \/>\n<meta property=\"og:description\" content=\"Dup\u0103 aderarea din 2007 a Rom\u00e2niei la Uniunea European\u0103 migra\u021bia economic\u0103 a c\u0103p\u0103tat o interpretare nou\u0103. Cercet\u0103rile ultimilor ani arat\u0103 c\u0103 foarte mul\u021bi (printre ei \u0219i maghiari din Transilvania) \u00ee\u0219i aleg o \u021bar\u0103 de destina\u021bie din Europa de Vest. \u00cen\u021belegerea proceselor de migra\u021bie poate fi un deziderat important pentru dezvoltarea Transilvaniei. Totodat\u0103, \u00een ceea ce &hellip;\" \/>\n<meta property=\"og:url\" content=\"https:\/\/balvanyos.org\/ro\/kivandorlas-migracio-ro\/\" \/>\n<meta property=\"og:site_name\" content=\"Institutul B\u00e1lv\u00e1nyos\" \/>\n<meta property=\"article:modified_time\" content=\"2020-09-02T11:50:42+00:00\" \/>\n<meta name=\"twitter:card\" content=\"summary_large_image\" \/>\n<meta name=\"twitter:label1\" content=\"Timp estimat pentru citire\" \/>\n\t<meta name=\"twitter:data1\" content=\"1 minut\" \/>\n<script type=\"application\/ld+json\" class=\"yoast-schema-graph\">{\"@context\":\"https:\/\/schema.org\",\"@graph\":[{\"@type\":\"WebPage\",\"@id\":\"https:\/\/balvanyos.org\/ro\/kivandorlas-migracio-ro\/\",\"url\":\"https:\/\/balvanyos.org\/ro\/kivandorlas-migracio-ro\/\",\"name\":\"Migra\u021bia maghiarilor din Rom\u00e2nia - Institutul B\u00e1lv\u00e1nyos\",\"isPartOf\":{\"@id\":\"https:\/\/balvanyos.org\/#website\"},\"datePublished\":\"2020-07-02T08:57:13+00:00\",\"dateModified\":\"2020-09-02T11:50:42+00:00\",\"breadcrumb\":{\"@id\":\"https:\/\/balvanyos.org\/ro\/kivandorlas-migracio-ro\/#breadcrumb\"},\"inLanguage\":\"ro-RO\",\"potentialAction\":[{\"@type\":\"ReadAction\",\"target\":[\"https:\/\/balvanyos.org\/ro\/kivandorlas-migracio-ro\/\"]}]},{\"@type\":\"BreadcrumbList\",\"@id\":\"https:\/\/balvanyos.org\/ro\/kivandorlas-migracio-ro\/#breadcrumb\",\"itemListElement\":[{\"@type\":\"ListItem\",\"position\":1,\"name\":\"Home\",\"item\":\"https:\/\/balvanyos.org\/ro\/\"},{\"@type\":\"ListItem\",\"position\":2,\"name\":\"Migra\u021bia maghiarilor din Rom\u00e2nia\"}]},{\"@type\":\"WebSite\",\"@id\":\"https:\/\/balvanyos.org\/#website\",\"url\":\"https:\/\/balvanyos.org\/\",\"name\":\"Institutul B\u00e1lv\u00e1nyos\",\"description\":\"Erd\u00e9lyi K\u00f6zszolg\u00e1lati Szabadegyetem\",\"publisher\":{\"@id\":\"https:\/\/balvanyos.org\/#organization\"},\"potentialAction\":[{\"@type\":\"SearchAction\",\"target\":{\"@type\":\"EntryPoint\",\"urlTemplate\":\"https:\/\/balvanyos.org\/?s={search_term_string}\"},\"query-input\":{\"@type\":\"PropertyValueSpecification\",\"valueRequired\":true,\"valueName\":\"search_term_string\"}}],\"inLanguage\":\"ro-RO\"},{\"@type\":\"Organization\",\"@id\":\"https:\/\/balvanyos.org\/#organization\",\"name\":\"Institutul B\u00e1lv\u00e1nyos\",\"url\":\"https:\/\/balvanyos.org\/\",\"logo\":{\"@type\":\"ImageObject\",\"inLanguage\":\"ro-RO\",\"@id\":\"https:\/\/balvanyos.org\/#\/schema\/logo\/image\/\",\"url\":\"https:\/\/balvanyos.org\/wp-content\/uploads\/2019\/03\/BI_celja_pic.jpg\",\"contentUrl\":\"https:\/\/balvanyos.org\/wp-content\/uploads\/2019\/03\/BI_celja_pic.jpg\",\"width\":1300,\"height\":900,\"caption\":\"Institutul B\u00e1lv\u00e1nyos\"},\"image\":{\"@id\":\"https:\/\/balvanyos.org\/#\/schema\/logo\/image\/\"}}]}<\/script>\n<!-- \/ Yoast SEO plugin. -->","yoast_head_json":{"title":"Migra\u021bia maghiarilor din Rom\u00e2nia - Institutul B\u00e1lv\u00e1nyos","robots":{"index":"index","follow":"follow","max-snippet":"max-snippet:-1","max-image-preview":"max-image-preview:large","max-video-preview":"max-video-preview:-1"},"canonical":"https:\/\/balvanyos.org\/ro\/kivandorlas-migracio-ro\/","og_locale":"ro_RO","og_type":"article","og_title":"Migra\u021bia maghiarilor din Rom\u00e2nia - Institutul B\u00e1lv\u00e1nyos","og_description":"Dup\u0103 aderarea din 2007 a Rom\u00e2niei la Uniunea European\u0103 migra\u021bia economic\u0103 a c\u0103p\u0103tat o interpretare nou\u0103. Cercet\u0103rile ultimilor ani arat\u0103 c\u0103 foarte mul\u021bi (printre ei \u0219i maghiari din Transilvania) \u00ee\u0219i aleg o \u021bar\u0103 de destina\u021bie din Europa de Vest. \u00cen\u021belegerea proceselor de migra\u021bie poate fi un deziderat important pentru dezvoltarea Transilvaniei. Totodat\u0103, \u00een ceea ce &hellip;","og_url":"https:\/\/balvanyos.org\/ro\/kivandorlas-migracio-ro\/","og_site_name":"Institutul B\u00e1lv\u00e1nyos","article_modified_time":"2020-09-02T11:50:42+00:00","twitter_card":"summary_large_image","twitter_misc":{"Timp estimat pentru citire":"1 minut"},"schema":{"@context":"https:\/\/schema.org","@graph":[{"@type":"WebPage","@id":"https:\/\/balvanyos.org\/ro\/kivandorlas-migracio-ro\/","url":"https:\/\/balvanyos.org\/ro\/kivandorlas-migracio-ro\/","name":"Migra\u021bia maghiarilor din Rom\u00e2nia - Institutul B\u00e1lv\u00e1nyos","isPartOf":{"@id":"https:\/\/balvanyos.org\/#website"},"datePublished":"2020-07-02T08:57:13+00:00","dateModified":"2020-09-02T11:50:42+00:00","breadcrumb":{"@id":"https:\/\/balvanyos.org\/ro\/kivandorlas-migracio-ro\/#breadcrumb"},"inLanguage":"ro-RO","potentialAction":[{"@type":"ReadAction","target":["https:\/\/balvanyos.org\/ro\/kivandorlas-migracio-ro\/"]}]},{"@type":"BreadcrumbList","@id":"https:\/\/balvanyos.org\/ro\/kivandorlas-migracio-ro\/#breadcrumb","itemListElement":[{"@type":"ListItem","position":1,"name":"Home","item":"https:\/\/balvanyos.org\/ro\/"},{"@type":"ListItem","position":2,"name":"Migra\u021bia maghiarilor din Rom\u00e2nia"}]},{"@type":"WebSite","@id":"https:\/\/balvanyos.org\/#website","url":"https:\/\/balvanyos.org\/","name":"Institutul B\u00e1lv\u00e1nyos","description":"Erd\u00e9lyi K\u00f6zszolg\u00e1lati Szabadegyetem","publisher":{"@id":"https:\/\/balvanyos.org\/#organization"},"potentialAction":[{"@type":"SearchAction","target":{"@type":"EntryPoint","urlTemplate":"https:\/\/balvanyos.org\/?s={search_term_string}"},"query-input":{"@type":"PropertyValueSpecification","valueRequired":true,"valueName":"search_term_string"}}],"inLanguage":"ro-RO"},{"@type":"Organization","@id":"https:\/\/balvanyos.org\/#organization","name":"Institutul B\u00e1lv\u00e1nyos","url":"https:\/\/balvanyos.org\/","logo":{"@type":"ImageObject","inLanguage":"ro-RO","@id":"https:\/\/balvanyos.org\/#\/schema\/logo\/image\/","url":"https:\/\/balvanyos.org\/wp-content\/uploads\/2019\/03\/BI_celja_pic.jpg","contentUrl":"https:\/\/balvanyos.org\/wp-content\/uploads\/2019\/03\/BI_celja_pic.jpg","width":1300,"height":900,"caption":"Institutul B\u00e1lv\u00e1nyos"},"image":{"@id":"https:\/\/balvanyos.org\/#\/schema\/logo\/image\/"}}]}},"_links":{"self":[{"href":"https:\/\/balvanyos.org\/ro\/wp-json\/wp\/v2\/pages\/8240","targetHints":{"allow":["GET"]}}],"collection":[{"href":"https:\/\/balvanyos.org\/ro\/wp-json\/wp\/v2\/pages"}],"about":[{"href":"https:\/\/balvanyos.org\/ro\/wp-json\/wp\/v2\/types\/page"}],"author":[{"embeddable":true,"href":"https:\/\/balvanyos.org\/ro\/wp-json\/wp\/v2\/users\/7"}],"replies":[{"embeddable":true,"href":"https:\/\/balvanyos.org\/ro\/wp-json\/wp\/v2\/comments?post=8240"}],"version-history":[{"count":3,"href":"https:\/\/balvanyos.org\/ro\/wp-json\/wp\/v2\/pages\/8240\/revisions"}],"predecessor-version":[{"id":8677,"href":"https:\/\/balvanyos.org\/ro\/wp-json\/wp\/v2\/pages\/8240\/revisions\/8677"}],"wp:attachment":[{"href":"https:\/\/balvanyos.org\/ro\/wp-json\/wp\/v2\/media?parent=8240"}],"curies":[{"name":"wp","href":"https:\/\/api.w.org\/{rel}","templated":true}]}}