{"id":8229,"date":"2020-07-02T08:55:29","date_gmt":"2020-07-02T08:55:29","guid":{"rendered":"https:\/\/balvanyos.org\/a-balvanyos-intezet-celja-ro\/"},"modified":"2020-09-05T17:12:34","modified_gmt":"2020-09-05T17:12:34","slug":"scopul-institutului-balvanyos","status":"publish","type":"page","link":"https:\/\/balvanyos.org\/ro\/scopul-institutului-balvanyos\/","title":{"rendered":"Ce facem?"},"content":{"rendered":"\t\t<div data-elementor-type=\"wp-page\" data-elementor-id=\"8229\" class=\"elementor elementor-8229 elementor-6794\">\n\t\t\t\t\t\t<section class=\"elementor-section elementor-top-section elementor-element elementor-element-2e737044 elementor-section-boxed elementor-section-height-default elementor-section-height-default\" data-id=\"2e737044\" data-element_type=\"section\" data-settings=\"{&quot;jet_parallax_layout_list&quot;:[{&quot;jet_parallax_layout_image&quot;:{&quot;url&quot;:&quot;&quot;,&quot;id&quot;:&quot;&quot;,&quot;size&quot;:&quot;&quot;},&quot;_id&quot;:&quot;1feec7c&quot;,&quot;jet_parallax_layout_image_tablet&quot;:{&quot;url&quot;:&quot;&quot;,&quot;id&quot;:&quot;&quot;,&quot;size&quot;:&quot;&quot;},&quot;jet_parallax_layout_image_mobile&quot;:{&quot;url&quot;:&quot;&quot;,&quot;id&quot;:&quot;&quot;,&quot;size&quot;:&quot;&quot;},&quot;jet_parallax_layout_speed&quot;:{&quot;unit&quot;:&quot;%&quot;,&quot;size&quot;:50,&quot;sizes&quot;:[]},&quot;jet_parallax_layout_type&quot;:&quot;scroll&quot;,&quot;jet_parallax_layout_direction&quot;:null,&quot;jet_parallax_layout_fx_direction&quot;:null,&quot;jet_parallax_layout_z_index&quot;:&quot;&quot;,&quot;jet_parallax_layout_bg_x&quot;:50,&quot;jet_parallax_layout_bg_y&quot;:50,&quot;jet_parallax_layout_bg_size&quot;:&quot;auto&quot;,&quot;jet_parallax_layout_animation_prop&quot;:&quot;transform&quot;,&quot;jet_parallax_layout_on&quot;:[&quot;desktop&quot;,&quot;tablet&quot;],&quot;jet_parallax_layout_bg_x_tablet&quot;:&quot;&quot;,&quot;jet_parallax_layout_bg_x_mobile&quot;:&quot;&quot;,&quot;jet_parallax_layout_bg_y_tablet&quot;:&quot;&quot;,&quot;jet_parallax_layout_bg_y_mobile&quot;:&quot;&quot;,&quot;jet_parallax_layout_bg_size_tablet&quot;:&quot;&quot;,&quot;jet_parallax_layout_bg_size_mobile&quot;:&quot;&quot;}]}\">\n\t\t\t\t\t\t<div class=\"elementor-container elementor-column-gap-default\">\n\t\t\t\t\t<div class=\"elementor-column elementor-col-100 elementor-top-column elementor-element elementor-element-d2a9c98\" data-id=\"d2a9c98\" data-element_type=\"column\">\n\t\t\t<div class=\"elementor-widget-wrap elementor-element-populated\">\n\t\t\t\t\t\t<div class=\"elementor-element elementor-element-4e56d65f elementor-widget elementor-widget-text-editor\" data-id=\"4e56d65f\" data-element_type=\"widget\" data-widget_type=\"text-editor.default\">\n\t\t\t\t<div class=\"elementor-widget-container\">\n\t\t\t\t\t\t\t<p><strong>Institutul B\u00e1lv\u00e1nyos este un think tank de cercetare sociologic\u0103 \u0219i de politic\u0103 public\u0103<\/strong>, care caut\u0103 r\u0103spunsuri fondate \u0219tiin\u021bific la problemele importante \u00een ceea ce prive\u0219te viitorul comunit\u0103\u021bii maghiare din Transilvania.<\/p>\n<p>Activit\u0103\u021bile de baz\u0103 a institutul se axeaz\u0103 pe colectarea datelor, evaluare, cercetare \u0219i analiz\u0103, \u00een urma c\u0103rora sunt prezentate <strong>rapoarte de cercetare, studii sociologice \u0219i analize politice de specialitate<\/strong> precum \u0219i <strong>materiale profesionale<\/strong>, care pot servi ca \u0219i fundal pentru forurile decizionale politice \u0219i organiza\u021biilor de reprezentarea intereselor. Pe l\u00e2ng\u0103 acestea, Institutul dore\u0219te s\u0103 participe la formare vie\u021bii publice prin prezentarea rezultatelor cercet\u0103rilor pentru public, prin activit\u0103\u021bi de <strong>monitorizarea administra\u021biilor locale \u0219i forurilor decizionale<\/strong>, organizarea de <strong>evenimente, ateliere \u0219i preg\u0103tiri de genul universit\u0103\u021bilor libere<\/strong> precum \u0219i prin <strong>programe de burse<\/strong> de cercetare \u0219i \u0219tiin\u021bifice.<\/p>\n<p><em>Activitatea Institutului B\u00e1lv\u00e1nyos se extinde asupra urm\u0103toarelor domenii:<\/em><\/p>\n<ul>\n<li>realizarea cercet\u0103rilor sociologice na\u021bionale, regionale \u0219i locale<\/li>\n<li>monitorizarea administra\u021biilor locale, parlamentar\u0103 \u0219i guvernamental\u0103<\/li>\n<li>realizarea publica\u021biilor de specialitate \u0219i al graficilor de informare<\/li>\n<li>operarea unui portal interactiv<\/li>\n<li>organizarea conferin\u021belor \u0219tiin\u021bifice tematice \u0219i ale activit\u0103\u021bilor de atelier<\/li>\n<li>derularea programelor de burs\u0103<\/li>\n<li>organizarea atelierelor de preg\u0103tire a tineretului \u0219i conduc\u0103torilor<\/li>\n<li>realizarea bazelor \u0219tiin\u021bifice ale activit\u0103\u021bilor de ap\u0103rarea \u0219i aplicarea drepturilor minorit\u0103\u021bilor <em>(advocacy)<\/em>.<\/li>\n<\/ul>\n<p><em>Activitatea Institutului B\u00e1lv\u00e1nyos este organizat\u0103 \u00een jurul urm\u0103toarelor \u0219apte teme:<\/em><\/p>\n<ul>\n<li>decentralizare \u0219i regionalizare<\/li>\n<li>politici lingvistice<\/li>\n<li>politici educa\u021bionale<\/li>\n<li>problematica diasporei maghiare<\/li>\n<li>emigrare, mobilitate intern\u0103 \u0219i extern\u0103<\/li>\n<li>rela\u021biile rom\u00e2no-maghiare<\/li>\n<li>politica romilor \u0219i integrarea romilor<\/li>\n<\/ul>\n\t\t\t\t\t\t<\/div>\n\t\t\t\t<\/div>\n\t\t\t\t\t<\/div>\n\t\t<\/div>\n\t\t\t\t\t<\/div>\n\t\t<\/section>\n\t\t\t\t<\/div>\n\t\t","protected":false},"excerpt":{"rendered":"<p>Institutul B\u00e1lv\u00e1nyos este un think tank de cercetare sociologic\u0103 \u0219i de politic\u0103 public\u0103, care caut\u0103 r\u0103spunsuri fondate \u0219tiin\u021bific la problemele importante \u00een ceea ce prive\u0219te viitorul comunit\u0103\u021bii maghiare din Transilvania. Activit\u0103\u021bile de baz\u0103 a institutul se axeaz\u0103 pe colectarea datelor, evaluare, cercetare \u0219i analiz\u0103, \u00een urma c\u0103rora sunt prezentate rapoarte de cercetare, studii sociologice \u0219i &hellip;<\/p>\n","protected":false},"author":4,"featured_media":0,"parent":0,"menu_order":0,"comment_status":"closed","ping_status":"closed","template":"","meta":{"footnotes":""},"class_list":["post-8229","page","type-page","status-publish","hentry","no-thumb"],"yoast_head":"<!-- This site is optimized with the Yoast SEO plugin v26.8 - https:\/\/yoast.com\/product\/yoast-seo-wordpress\/ -->\n<title>Ce facem? - Institutul B\u00e1lv\u00e1nyos<\/title>\n<meta name=\"robots\" content=\"index, follow, max-snippet:-1, max-image-preview:large, max-video-preview:-1\" \/>\n<link rel=\"canonical\" href=\"https:\/\/balvanyos.org\/ro\/scopul-institutului-balvanyos\/\" \/>\n<meta property=\"og:locale\" content=\"ro_RO\" \/>\n<meta property=\"og:type\" content=\"article\" \/>\n<meta property=\"og:title\" content=\"Ce facem? - Institutul B\u00e1lv\u00e1nyos\" \/>\n<meta property=\"og:description\" content=\"Institutul B\u00e1lv\u00e1nyos este un think tank de cercetare sociologic\u0103 \u0219i de politic\u0103 public\u0103, care caut\u0103 r\u0103spunsuri fondate \u0219tiin\u021bific la problemele importante \u00een ceea ce prive\u0219te viitorul comunit\u0103\u021bii maghiare din Transilvania. Activit\u0103\u021bile de baz\u0103 a institutul se axeaz\u0103 pe colectarea datelor, evaluare, cercetare \u0219i analiz\u0103, \u00een urma c\u0103rora sunt prezentate rapoarte de cercetare, studii sociologice \u0219i &hellip;\" \/>\n<meta property=\"og:url\" content=\"https:\/\/balvanyos.org\/ro\/scopul-institutului-balvanyos\/\" \/>\n<meta property=\"og:site_name\" content=\"Institutul B\u00e1lv\u00e1nyos\" \/>\n<meta property=\"article:modified_time\" content=\"2020-09-05T17:12:34+00:00\" \/>\n<meta name=\"twitter:card\" content=\"summary_large_image\" \/>\n<meta name=\"twitter:label1\" content=\"Timp estimat pentru citire\" \/>\n\t<meta name=\"twitter:data1\" content=\"1 minut\" \/>\n<script type=\"application\/ld+json\" class=\"yoast-schema-graph\">{\"@context\":\"https:\/\/schema.org\",\"@graph\":[{\"@type\":\"WebPage\",\"@id\":\"https:\/\/balvanyos.org\/ro\/scopul-institutului-balvanyos\/\",\"url\":\"https:\/\/balvanyos.org\/ro\/scopul-institutului-balvanyos\/\",\"name\":\"Ce facem? - Institutul B\u00e1lv\u00e1nyos\",\"isPartOf\":{\"@id\":\"https:\/\/balvanyos.org\/#website\"},\"datePublished\":\"2020-07-02T08:55:29+00:00\",\"dateModified\":\"2020-09-05T17:12:34+00:00\",\"breadcrumb\":{\"@id\":\"https:\/\/balvanyos.org\/ro\/scopul-institutului-balvanyos\/#breadcrumb\"},\"inLanguage\":\"ro-RO\",\"potentialAction\":[{\"@type\":\"ReadAction\",\"target\":[\"https:\/\/balvanyos.org\/ro\/scopul-institutului-balvanyos\/\"]}]},{\"@type\":\"BreadcrumbList\",\"@id\":\"https:\/\/balvanyos.org\/ro\/scopul-institutului-balvanyos\/#breadcrumb\",\"itemListElement\":[{\"@type\":\"ListItem\",\"position\":1,\"name\":\"Home\",\"item\":\"https:\/\/balvanyos.org\/ro\/\"},{\"@type\":\"ListItem\",\"position\":2,\"name\":\"Ce facem?\"}]},{\"@type\":\"WebSite\",\"@id\":\"https:\/\/balvanyos.org\/#website\",\"url\":\"https:\/\/balvanyos.org\/\",\"name\":\"Institutul B\u00e1lv\u00e1nyos\",\"description\":\"Erd\u00e9lyi K\u00f6zszolg\u00e1lati Szabadegyetem\",\"publisher\":{\"@id\":\"https:\/\/balvanyos.org\/#organization\"},\"potentialAction\":[{\"@type\":\"SearchAction\",\"target\":{\"@type\":\"EntryPoint\",\"urlTemplate\":\"https:\/\/balvanyos.org\/?s={search_term_string}\"},\"query-input\":{\"@type\":\"PropertyValueSpecification\",\"valueRequired\":true,\"valueName\":\"search_term_string\"}}],\"inLanguage\":\"ro-RO\"},{\"@type\":\"Organization\",\"@id\":\"https:\/\/balvanyos.org\/#organization\",\"name\":\"Institutul B\u00e1lv\u00e1nyos\",\"url\":\"https:\/\/balvanyos.org\/\",\"logo\":{\"@type\":\"ImageObject\",\"inLanguage\":\"ro-RO\",\"@id\":\"https:\/\/balvanyos.org\/#\/schema\/logo\/image\/\",\"url\":\"https:\/\/balvanyos.org\/wp-content\/uploads\/2019\/03\/BI_celja_pic.jpg\",\"contentUrl\":\"https:\/\/balvanyos.org\/wp-content\/uploads\/2019\/03\/BI_celja_pic.jpg\",\"width\":1300,\"height\":900,\"caption\":\"Institutul B\u00e1lv\u00e1nyos\"},\"image\":{\"@id\":\"https:\/\/balvanyos.org\/#\/schema\/logo\/image\/\"}}]}<\/script>\n<!-- \/ Yoast SEO plugin. -->","yoast_head_json":{"title":"Ce facem? - Institutul B\u00e1lv\u00e1nyos","robots":{"index":"index","follow":"follow","max-snippet":"max-snippet:-1","max-image-preview":"max-image-preview:large","max-video-preview":"max-video-preview:-1"},"canonical":"https:\/\/balvanyos.org\/ro\/scopul-institutului-balvanyos\/","og_locale":"ro_RO","og_type":"article","og_title":"Ce facem? - Institutul B\u00e1lv\u00e1nyos","og_description":"Institutul B\u00e1lv\u00e1nyos este un think tank de cercetare sociologic\u0103 \u0219i de politic\u0103 public\u0103, care caut\u0103 r\u0103spunsuri fondate \u0219tiin\u021bific la problemele importante \u00een ceea ce prive\u0219te viitorul comunit\u0103\u021bii maghiare din Transilvania. Activit\u0103\u021bile de baz\u0103 a institutul se axeaz\u0103 pe colectarea datelor, evaluare, cercetare \u0219i analiz\u0103, \u00een urma c\u0103rora sunt prezentate rapoarte de cercetare, studii sociologice \u0219i &hellip;","og_url":"https:\/\/balvanyos.org\/ro\/scopul-institutului-balvanyos\/","og_site_name":"Institutul B\u00e1lv\u00e1nyos","article_modified_time":"2020-09-05T17:12:34+00:00","twitter_card":"summary_large_image","twitter_misc":{"Timp estimat pentru citire":"1 minut"},"schema":{"@context":"https:\/\/schema.org","@graph":[{"@type":"WebPage","@id":"https:\/\/balvanyos.org\/ro\/scopul-institutului-balvanyos\/","url":"https:\/\/balvanyos.org\/ro\/scopul-institutului-balvanyos\/","name":"Ce facem? - Institutul B\u00e1lv\u00e1nyos","isPartOf":{"@id":"https:\/\/balvanyos.org\/#website"},"datePublished":"2020-07-02T08:55:29+00:00","dateModified":"2020-09-05T17:12:34+00:00","breadcrumb":{"@id":"https:\/\/balvanyos.org\/ro\/scopul-institutului-balvanyos\/#breadcrumb"},"inLanguage":"ro-RO","potentialAction":[{"@type":"ReadAction","target":["https:\/\/balvanyos.org\/ro\/scopul-institutului-balvanyos\/"]}]},{"@type":"BreadcrumbList","@id":"https:\/\/balvanyos.org\/ro\/scopul-institutului-balvanyos\/#breadcrumb","itemListElement":[{"@type":"ListItem","position":1,"name":"Home","item":"https:\/\/balvanyos.org\/ro\/"},{"@type":"ListItem","position":2,"name":"Ce facem?"}]},{"@type":"WebSite","@id":"https:\/\/balvanyos.org\/#website","url":"https:\/\/balvanyos.org\/","name":"Institutul B\u00e1lv\u00e1nyos","description":"Erd\u00e9lyi K\u00f6zszolg\u00e1lati Szabadegyetem","publisher":{"@id":"https:\/\/balvanyos.org\/#organization"},"potentialAction":[{"@type":"SearchAction","target":{"@type":"EntryPoint","urlTemplate":"https:\/\/balvanyos.org\/?s={search_term_string}"},"query-input":{"@type":"PropertyValueSpecification","valueRequired":true,"valueName":"search_term_string"}}],"inLanguage":"ro-RO"},{"@type":"Organization","@id":"https:\/\/balvanyos.org\/#organization","name":"Institutul B\u00e1lv\u00e1nyos","url":"https:\/\/balvanyos.org\/","logo":{"@type":"ImageObject","inLanguage":"ro-RO","@id":"https:\/\/balvanyos.org\/#\/schema\/logo\/image\/","url":"https:\/\/balvanyos.org\/wp-content\/uploads\/2019\/03\/BI_celja_pic.jpg","contentUrl":"https:\/\/balvanyos.org\/wp-content\/uploads\/2019\/03\/BI_celja_pic.jpg","width":1300,"height":900,"caption":"Institutul B\u00e1lv\u00e1nyos"},"image":{"@id":"https:\/\/balvanyos.org\/#\/schema\/logo\/image\/"}}]}},"_links":{"self":[{"href":"https:\/\/balvanyos.org\/ro\/wp-json\/wp\/v2\/pages\/8229","targetHints":{"allow":["GET"]}}],"collection":[{"href":"https:\/\/balvanyos.org\/ro\/wp-json\/wp\/v2\/pages"}],"about":[{"href":"https:\/\/balvanyos.org\/ro\/wp-json\/wp\/v2\/types\/page"}],"author":[{"embeddable":true,"href":"https:\/\/balvanyos.org\/ro\/wp-json\/wp\/v2\/users\/4"}],"replies":[{"embeddable":true,"href":"https:\/\/balvanyos.org\/ro\/wp-json\/wp\/v2\/comments?post=8229"}],"version-history":[{"count":4,"href":"https:\/\/balvanyos.org\/ro\/wp-json\/wp\/v2\/pages\/8229\/revisions"}],"predecessor-version":[{"id":8705,"href":"https:\/\/balvanyos.org\/ro\/wp-json\/wp\/v2\/pages\/8229\/revisions\/8705"}],"wp:attachment":[{"href":"https:\/\/balvanyos.org\/ro\/wp-json\/wp\/v2\/media?parent=8229"}],"curies":[{"name":"wp","href":"https:\/\/api.w.org\/{rel}","templated":true}]}}