{"id":8307,"date":"2020-07-02T09:04:27","date_gmt":"2020-07-02T09:04:27","guid":{"rendered":"https:\/\/balvanyos.org\/varga-szilvia-en\/"},"modified":"2020-07-16T08:42:36","modified_gmt":"2020-07-16T08:42:36","slug":"varga-szilvia-en","status":"publish","type":"page","link":"https:\/\/balvanyos.org\/en\/varga-szilvia-en\/","title":{"rendered":"Varga Szilvia"},"content":{"rendered":"\t\t<div data-elementor-type=\"wp-post\" data-elementor-id=\"8307\" class=\"elementor elementor-8307 elementor-7521\">\n\t\t\t\t\t\t<section class=\"elementor-section elementor-top-section elementor-element elementor-element-e898b52 elementor-section-boxed elementor-section-height-default elementor-section-height-default\" data-id=\"e898b52\" data-element_type=\"section\" data-settings=\"{&quot;jet_parallax_layout_list&quot;:[{&quot;jet_parallax_layout_image&quot;:{&quot;url&quot;:&quot;&quot;,&quot;id&quot;:&quot;&quot;,&quot;size&quot;:&quot;&quot;},&quot;_id&quot;:&quot;69642a7&quot;,&quot;jet_parallax_layout_image_tablet&quot;:{&quot;url&quot;:&quot;&quot;,&quot;id&quot;:&quot;&quot;,&quot;size&quot;:&quot;&quot;},&quot;jet_parallax_layout_image_mobile&quot;:{&quot;url&quot;:&quot;&quot;,&quot;id&quot;:&quot;&quot;,&quot;size&quot;:&quot;&quot;},&quot;jet_parallax_layout_speed&quot;:{&quot;unit&quot;:&quot;%&quot;,&quot;size&quot;:50,&quot;sizes&quot;:[]},&quot;jet_parallax_layout_type&quot;:&quot;scroll&quot;,&quot;jet_parallax_layout_z_index&quot;:&quot;&quot;,&quot;jet_parallax_layout_bg_x&quot;:50,&quot;jet_parallax_layout_bg_y&quot;:50,&quot;jet_parallax_layout_bg_size&quot;:&quot;auto&quot;,&quot;jet_parallax_layout_animation_prop&quot;:&quot;transform&quot;,&quot;jet_parallax_layout_on&quot;:[&quot;desktop&quot;,&quot;tablet&quot;],&quot;jet_parallax_layout_direction&quot;:null,&quot;jet_parallax_layout_fx_direction&quot;:null,&quot;jet_parallax_layout_bg_x_tablet&quot;:&quot;&quot;,&quot;jet_parallax_layout_bg_x_mobile&quot;:&quot;&quot;,&quot;jet_parallax_layout_bg_y_tablet&quot;:&quot;&quot;,&quot;jet_parallax_layout_bg_y_mobile&quot;:&quot;&quot;,&quot;jet_parallax_layout_bg_size_tablet&quot;:&quot;&quot;,&quot;jet_parallax_layout_bg_size_mobile&quot;:&quot;&quot;}]}\">\n\t\t\t\t\t\t<div class=\"elementor-container elementor-column-gap-default\">\n\t\t\t\t\t<div class=\"elementor-column elementor-col-50 elementor-top-column elementor-element elementor-element-c1bf26d\" data-id=\"c1bf26d\" data-element_type=\"column\">\n\t\t\t<div class=\"elementor-widget-wrap elementor-element-populated\">\n\t\t\t\t\t\t<div class=\"elementor-element elementor-element-5eaaefb elementor-widget elementor-widget-image\" data-id=\"5eaaefb\" data-element_type=\"widget\" data-widget_type=\"image.default\">\n\t\t\t\t<div class=\"elementor-widget-container\">\n\t\t\t\t\t\t\t\t\t\t\t\t\t<img fetchpriority=\"high\" decoding=\"async\" width=\"885\" height=\"885\" src=\"https:\/\/balvanyos.org\/wp-content\/uploads\/2019\/05\/VSZ.jpg\" class=\"attachment-large size-large wp-image-7500\" alt=\"\" srcset=\"https:\/\/balvanyos.org\/wp-content\/uploads\/2019\/05\/VSZ.jpg 960w, https:\/\/balvanyos.org\/wp-content\/uploads\/2019\/05\/VSZ-150x150.jpg 150w, https:\/\/balvanyos.org\/wp-content\/uploads\/2019\/05\/VSZ-300x300.jpg 300w, https:\/\/balvanyos.org\/wp-content\/uploads\/2019\/05\/VSZ-768x768.jpg 768w, https:\/\/balvanyos.org\/wp-content\/uploads\/2019\/05\/VSZ-460x460.jpg 460w, https:\/\/balvanyos.org\/wp-content\/uploads\/2019\/05\/VSZ-560x560.jpg 560w, https:\/\/balvanyos.org\/wp-content\/uploads\/2019\/05\/VSZ-78x78.jpg 78w, https:\/\/balvanyos.org\/wp-content\/uploads\/2019\/05\/VSZ-260x260.jpg 260w, https:\/\/balvanyos.org\/wp-content\/uploads\/2019\/05\/VSZ-360x360.jpg 360w, https:\/\/balvanyos.org\/wp-content\/uploads\/2019\/05\/VSZ-400x400.jpg 400w, https:\/\/balvanyos.org\/wp-content\/uploads\/2019\/05\/VSZ-900x900.jpg 900w, https:\/\/balvanyos.org\/wp-content\/uploads\/2019\/05\/VSZ-675x675.jpg 675w, https:\/\/balvanyos.org\/wp-content\/uploads\/2019\/05\/VSZ-286x286.jpg 286w, https:\/\/balvanyos.org\/wp-content\/uploads\/2019\/05\/VSZ-450x450.jpg 450w\" sizes=\"(max-width: 885px) 100vw, 885px\" \/>\t\t\t\t\t\t\t\t\t\t\t\t\t<\/div>\n\t\t\t\t<\/div>\n\t\t\t\t\t<\/div>\n\t\t<\/div>\n\t\t\t\t<div class=\"elementor-column elementor-col-50 elementor-top-column elementor-element elementor-element-bbe73b2\" data-id=\"bbe73b2\" data-element_type=\"column\">\n\t\t\t<div class=\"elementor-widget-wrap elementor-element-populated\">\n\t\t\t\t\t\t<div class=\"elementor-element elementor-element-18d4b69 elementor-widget elementor-widget-text-editor\" data-id=\"18d4b69\" data-element_type=\"widget\" data-widget_type=\"text-editor.default\">\n\t\t\t\t<div class=\"elementor-widget-container\">\n\t\t\t\t\t\t\t<p><strong>Researcher<\/strong><\/p>\n<p>Was born in 1992 in Sighi\u015foara (Segesv\u00e1r). She completed her studies at the Faculty of Mathematics and Computer Science of the Babe\u015f\u2013Bolyai University in Cluj and at the Department of International Relationships and European Studies at the Sapientia University, respectively. Afterwards she attended an MA course in Diplomacy and Intercultural Studies at the Sapientia University.<\/p>\n<p>Her main fields of interest are educational policy, political culture and language policy.<\/p>\n\t\t\t\t\t\t<\/div>\n\t\t\t\t<\/div>\n\t\t\t\t\t<\/div>\n\t\t<\/div>\n\t\t\t\t\t<\/div>\n\t\t<\/section>\n\t\t\t\t<section class=\"elementor-section elementor-top-section elementor-element elementor-element-5966f52a elementor-section-boxed elementor-section-height-default elementor-section-height-default\" data-id=\"5966f52a\" data-element_type=\"section\" data-settings=\"{&quot;jet_parallax_layout_list&quot;:[{&quot;jet_parallax_layout_image&quot;:{&quot;url&quot;:&quot;&quot;,&quot;id&quot;:&quot;&quot;,&quot;size&quot;:&quot;&quot;},&quot;_id&quot;:&quot;ed7de6a&quot;,&quot;jet_parallax_layout_image_tablet&quot;:{&quot;url&quot;:&quot;&quot;,&quot;id&quot;:&quot;&quot;,&quot;size&quot;:&quot;&quot;},&quot;jet_parallax_layout_image_mobile&quot;:{&quot;url&quot;:&quot;&quot;,&quot;id&quot;:&quot;&quot;,&quot;size&quot;:&quot;&quot;},&quot;jet_parallax_layout_speed&quot;:{&quot;unit&quot;:&quot;%&quot;,&quot;size&quot;:50,&quot;sizes&quot;:[]},&quot;jet_parallax_layout_type&quot;:&quot;scroll&quot;,&quot;jet_parallax_layout_z_index&quot;:&quot;&quot;,&quot;jet_parallax_layout_bg_x&quot;:50,&quot;jet_parallax_layout_bg_y&quot;:50,&quot;jet_parallax_layout_bg_size&quot;:&quot;auto&quot;,&quot;jet_parallax_layout_animation_prop&quot;:&quot;transform&quot;,&quot;jet_parallax_layout_on&quot;:[&quot;desktop&quot;,&quot;tablet&quot;],&quot;jet_parallax_layout_direction&quot;:null,&quot;jet_parallax_layout_fx_direction&quot;:null,&quot;jet_parallax_layout_bg_x_tablet&quot;:&quot;&quot;,&quot;jet_parallax_layout_bg_x_mobile&quot;:&quot;&quot;,&quot;jet_parallax_layout_bg_y_tablet&quot;:&quot;&quot;,&quot;jet_parallax_layout_bg_y_mobile&quot;:&quot;&quot;,&quot;jet_parallax_layout_bg_size_tablet&quot;:&quot;&quot;,&quot;jet_parallax_layout_bg_size_mobile&quot;:&quot;&quot;}]}\">\n\t\t\t\t\t\t<div class=\"elementor-container elementor-column-gap-default\">\n\t\t\t\t\t<div class=\"elementor-column elementor-col-100 elementor-top-column elementor-element elementor-element-5618d0b7\" data-id=\"5618d0b7\" data-element_type=\"column\">\n\t\t\t<div class=\"elementor-widget-wrap elementor-element-populated\">\n\t\t\t\t\t\t<div class=\"elementor-element elementor-element-25746fea elementor-widget elementor-widget-text-editor\" data-id=\"25746fea\" data-element_type=\"widget\" data-widget_type=\"text-editor.default\">\n\t\t\t\t<div class=\"elementor-widget-container\">\n\t\t\t\t\t\t\t<p><strong>Publications<\/strong><\/p>\n<p>Kolozsv\u00e1ri k\u00f6z\u00e9piskol\u00e1sok politikai kult\u00far\u00e1ja \u00e9s politikai szocializ\u00e1ci\u00f3ja<em>, Magyar Kisebbs\u00e9g, <\/em>23. \u00e9vf. (2018) 1-2. sz., 266-307.<\/p>\n<p>Mai fiatalok(?), Bod\u00f3 Barna (szerk.): <em>Erd\u00e9lyi Magyar Civil \u00c9vk\u00f6nyv 2016-2017, <\/em>MCSZESZ, Kolozsv\u00e1r, 2017, 284-299.<\/p>\n<p><strong>Scholarship<\/strong><\/p>\n<p>2017\/2018: M\u00e1rton \u00c1ron Tehets\u00e9ggondoz\u00f3 Program, magiszter kutat\u00f3<\/p>\n<p>2016\/2017: M\u00e1rton \u00c1ron Tehets\u00e9ggondoz\u00f3 Program, famulusz kutat\u00f3<\/p>\n<p><strong>Conferences<\/strong><\/p>\n<p>(Tor\u00f3 Tiborral k\u00f6z\u00f6sen) International Conference on Multilingual Practice, Szczecin, 2020. Az el\u0151ad\u00e1s c\u00edme: Equal, but some more equal than others? Official language use and linguistic landscape of mixed Hungarian-Romanian schools in Romania<\/p>\n<p>XXXIV. Orsz\u00e1gos Tudom\u00e1nyos Di\u00e1kk\u00f6ri Konferencia, T\u00e1rsadalomtudom\u00e1nyi szekci\u00f3, G\u00f6d\u00f6ll\u0151, 2019. Az el\u0151ad\u00e1s c\u00edme: Kolozsv\u00e1ri k\u00f6z\u00e9piskol\u00e1sok politikai szocializ\u00e1ci\u00f3ja<\/p>\n<p>Politol\u00f3gus doktoranduszok IV. konferenci\u00e1ja, Budapest, 2018. Az el\u0151ad\u00e1s c\u00edme: Kolozsv\u00e1ri k\u00f6z\u00e9piskol\u00e1sok politikai szocializ\u00e1ci\u00f3ja<\/p>\n\t\t\t\t\t\t<\/div>\n\t\t\t\t<\/div>\n\t\t\t\t\t<\/div>\n\t\t<\/div>\n\t\t\t\t\t<\/div>\n\t\t<\/section>\n\t\t\t\t<\/div>\n\t\t","protected":false},"excerpt":{"rendered":"<p>Researcher Was born in 1992 in Sighi\u015foara (Segesv\u00e1r). She completed her studies at the Faculty of Mathematics and Computer Science of the Babe\u015f\u2013Bolyai University in Cluj and at the Department of International Relationships and European Studies at the Sapientia University, respectively. Afterwards she attended an MA course in Diplomacy and Intercultural Studies at the Sapientia &hellip;<\/p>\n","protected":false},"author":7,"featured_media":0,"parent":0,"menu_order":0,"comment_status":"closed","ping_status":"closed","template":"","meta":{"footnotes":""},"class_list":["post-8307","page","type-page","status-publish","hentry","no-thumb"],"yoast_head":"<!-- This site is optimized with the Yoast SEO plugin v26.8 - https:\/\/yoast.com\/product\/yoast-seo-wordpress\/ -->\n<title>Varga Szilvia - B\u00e1lv\u00e1nyos Institute<\/title>\n<meta name=\"robots\" content=\"index, follow, max-snippet:-1, max-image-preview:large, max-video-preview:-1\" \/>\n<link rel=\"canonical\" href=\"https:\/\/balvanyos.org\/en\/varga-szilvia-en\/\" \/>\n<meta property=\"og:locale\" content=\"en_US\" \/>\n<meta property=\"og:type\" content=\"article\" \/>\n<meta property=\"og:title\" content=\"Varga Szilvia - B\u00e1lv\u00e1nyos Institute\" \/>\n<meta property=\"og:description\" content=\"Researcher Was born in 1992 in Sighi\u015foara (Segesv\u00e1r). She completed her studies at the Faculty of Mathematics and Computer Science of the Babe\u015f\u2013Bolyai University in Cluj and at the Department of International Relationships and European Studies at the Sapientia University, respectively. Afterwards she attended an MA course in Diplomacy and Intercultural Studies at the Sapientia &hellip;\" \/>\n<meta property=\"og:url\" content=\"https:\/\/balvanyos.org\/en\/varga-szilvia-en\/\" \/>\n<meta property=\"og:site_name\" content=\"B\u00e1lv\u00e1nyos Institute\" \/>\n<meta property=\"article:modified_time\" content=\"2020-07-16T08:42:36+00:00\" \/>\n<meta property=\"og:image\" content=\"https:\/\/balvanyos.org\/wp-content\/uploads\/2019\/05\/VSZ.jpg\" \/>\n<meta name=\"twitter:card\" content=\"summary_large_image\" \/>\n<meta name=\"twitter:label1\" content=\"Est. reading time\" \/>\n\t<meta name=\"twitter:data1\" content=\"1 minute\" \/>\n<script type=\"application\/ld+json\" class=\"yoast-schema-graph\">{\"@context\":\"https:\/\/schema.org\",\"@graph\":[{\"@type\":\"WebPage\",\"@id\":\"https:\/\/balvanyos.org\/en\/varga-szilvia-en\/\",\"url\":\"https:\/\/balvanyos.org\/en\/varga-szilvia-en\/\",\"name\":\"Varga Szilvia - B\u00e1lv\u00e1nyos Institute\",\"isPartOf\":{\"@id\":\"https:\/\/balvanyos.org\/#website\"},\"primaryImageOfPage\":{\"@id\":\"https:\/\/balvanyos.org\/en\/varga-szilvia-en\/#primaryimage\"},\"image\":{\"@id\":\"https:\/\/balvanyos.org\/en\/varga-szilvia-en\/#primaryimage\"},\"thumbnailUrl\":\"https:\/\/balvanyos.org\/wp-content\/uploads\/2019\/05\/VSZ.jpg\",\"datePublished\":\"2020-07-02T09:04:27+00:00\",\"dateModified\":\"2020-07-16T08:42:36+00:00\",\"breadcrumb\":{\"@id\":\"https:\/\/balvanyos.org\/en\/varga-szilvia-en\/#breadcrumb\"},\"inLanguage\":\"en-US\",\"potentialAction\":[{\"@type\":\"ReadAction\",\"target\":[\"https:\/\/balvanyos.org\/en\/varga-szilvia-en\/\"]}]},{\"@type\":\"ImageObject\",\"inLanguage\":\"en-US\",\"@id\":\"https:\/\/balvanyos.org\/en\/varga-szilvia-en\/#primaryimage\",\"url\":\"https:\/\/balvanyos.org\/wp-content\/uploads\/2019\/05\/VSZ.jpg\",\"contentUrl\":\"https:\/\/balvanyos.org\/wp-content\/uploads\/2019\/05\/VSZ.jpg\"},{\"@type\":\"BreadcrumbList\",\"@id\":\"https:\/\/balvanyos.org\/en\/varga-szilvia-en\/#breadcrumb\",\"itemListElement\":[{\"@type\":\"ListItem\",\"position\":1,\"name\":\"Home\",\"item\":\"https:\/\/balvanyos.org\/en\/\"},{\"@type\":\"ListItem\",\"position\":2,\"name\":\"Varga Szilvia\"}]},{\"@type\":\"WebSite\",\"@id\":\"https:\/\/balvanyos.org\/#website\",\"url\":\"https:\/\/balvanyos.org\/\",\"name\":\"B\u00e1lv\u00e1nyos Institute\",\"description\":\"Erd\u00e9lyi K\u00f6zszolg\u00e1lati Szabadegyetem\",\"publisher\":{\"@id\":\"https:\/\/balvanyos.org\/#organization\"},\"potentialAction\":[{\"@type\":\"SearchAction\",\"target\":{\"@type\":\"EntryPoint\",\"urlTemplate\":\"https:\/\/balvanyos.org\/?s={search_term_string}\"},\"query-input\":{\"@type\":\"PropertyValueSpecification\",\"valueRequired\":true,\"valueName\":\"search_term_string\"}}],\"inLanguage\":\"en-US\"},{\"@type\":\"Organization\",\"@id\":\"https:\/\/balvanyos.org\/#organization\",\"name\":\"Institutul B\u00e1lv\u00e1nyos\",\"url\":\"https:\/\/balvanyos.org\/\",\"logo\":{\"@type\":\"ImageObject\",\"inLanguage\":\"en-US\",\"@id\":\"https:\/\/balvanyos.org\/#\/schema\/logo\/image\/\",\"url\":\"https:\/\/balvanyos.org\/wp-content\/uploads\/2019\/03\/BI_celja_pic.jpg\",\"contentUrl\":\"https:\/\/balvanyos.org\/wp-content\/uploads\/2019\/03\/BI_celja_pic.jpg\",\"width\":1300,\"height\":900,\"caption\":\"Institutul B\u00e1lv\u00e1nyos\"},\"image\":{\"@id\":\"https:\/\/balvanyos.org\/#\/schema\/logo\/image\/\"}}]}<\/script>\n<!-- \/ Yoast SEO plugin. -->","yoast_head_json":{"title":"Varga Szilvia - B\u00e1lv\u00e1nyos Institute","robots":{"index":"index","follow":"follow","max-snippet":"max-snippet:-1","max-image-preview":"max-image-preview:large","max-video-preview":"max-video-preview:-1"},"canonical":"https:\/\/balvanyos.org\/en\/varga-szilvia-en\/","og_locale":"en_US","og_type":"article","og_title":"Varga Szilvia - B\u00e1lv\u00e1nyos Institute","og_description":"Researcher Was born in 1992 in Sighi\u015foara (Segesv\u00e1r). She completed her studies at the Faculty of Mathematics and Computer Science of the Babe\u015f\u2013Bolyai University in Cluj and at the Department of International Relationships and European Studies at the Sapientia University, respectively. Afterwards she attended an MA course in Diplomacy and Intercultural Studies at the Sapientia &hellip;","og_url":"https:\/\/balvanyos.org\/en\/varga-szilvia-en\/","og_site_name":"B\u00e1lv\u00e1nyos Institute","article_modified_time":"2020-07-16T08:42:36+00:00","og_image":[{"url":"https:\/\/balvanyos.org\/wp-content\/uploads\/2019\/05\/VSZ.jpg","type":"","width":"","height":""}],"twitter_card":"summary_large_image","twitter_misc":{"Est. reading time":"1 minute"},"schema":{"@context":"https:\/\/schema.org","@graph":[{"@type":"WebPage","@id":"https:\/\/balvanyos.org\/en\/varga-szilvia-en\/","url":"https:\/\/balvanyos.org\/en\/varga-szilvia-en\/","name":"Varga Szilvia - B\u00e1lv\u00e1nyos Institute","isPartOf":{"@id":"https:\/\/balvanyos.org\/#website"},"primaryImageOfPage":{"@id":"https:\/\/balvanyos.org\/en\/varga-szilvia-en\/#primaryimage"},"image":{"@id":"https:\/\/balvanyos.org\/en\/varga-szilvia-en\/#primaryimage"},"thumbnailUrl":"https:\/\/balvanyos.org\/wp-content\/uploads\/2019\/05\/VSZ.jpg","datePublished":"2020-07-02T09:04:27+00:00","dateModified":"2020-07-16T08:42:36+00:00","breadcrumb":{"@id":"https:\/\/balvanyos.org\/en\/varga-szilvia-en\/#breadcrumb"},"inLanguage":"en-US","potentialAction":[{"@type":"ReadAction","target":["https:\/\/balvanyos.org\/en\/varga-szilvia-en\/"]}]},{"@type":"ImageObject","inLanguage":"en-US","@id":"https:\/\/balvanyos.org\/en\/varga-szilvia-en\/#primaryimage","url":"https:\/\/balvanyos.org\/wp-content\/uploads\/2019\/05\/VSZ.jpg","contentUrl":"https:\/\/balvanyos.org\/wp-content\/uploads\/2019\/05\/VSZ.jpg"},{"@type":"BreadcrumbList","@id":"https:\/\/balvanyos.org\/en\/varga-szilvia-en\/#breadcrumb","itemListElement":[{"@type":"ListItem","position":1,"name":"Home","item":"https:\/\/balvanyos.org\/en\/"},{"@type":"ListItem","position":2,"name":"Varga Szilvia"}]},{"@type":"WebSite","@id":"https:\/\/balvanyos.org\/#website","url":"https:\/\/balvanyos.org\/","name":"B\u00e1lv\u00e1nyos Institute","description":"Erd\u00e9lyi K\u00f6zszolg\u00e1lati Szabadegyetem","publisher":{"@id":"https:\/\/balvanyos.org\/#organization"},"potentialAction":[{"@type":"SearchAction","target":{"@type":"EntryPoint","urlTemplate":"https:\/\/balvanyos.org\/?s={search_term_string}"},"query-input":{"@type":"PropertyValueSpecification","valueRequired":true,"valueName":"search_term_string"}}],"inLanguage":"en-US"},{"@type":"Organization","@id":"https:\/\/balvanyos.org\/#organization","name":"Institutul B\u00e1lv\u00e1nyos","url":"https:\/\/balvanyos.org\/","logo":{"@type":"ImageObject","inLanguage":"en-US","@id":"https:\/\/balvanyos.org\/#\/schema\/logo\/image\/","url":"https:\/\/balvanyos.org\/wp-content\/uploads\/2019\/03\/BI_celja_pic.jpg","contentUrl":"https:\/\/balvanyos.org\/wp-content\/uploads\/2019\/03\/BI_celja_pic.jpg","width":1300,"height":900,"caption":"Institutul B\u00e1lv\u00e1nyos"},"image":{"@id":"https:\/\/balvanyos.org\/#\/schema\/logo\/image\/"}}]}},"_links":{"self":[{"href":"https:\/\/balvanyos.org\/en\/wp-json\/wp\/v2\/pages\/8307","targetHints":{"allow":["GET"]}}],"collection":[{"href":"https:\/\/balvanyos.org\/en\/wp-json\/wp\/v2\/pages"}],"about":[{"href":"https:\/\/balvanyos.org\/en\/wp-json\/wp\/v2\/types\/page"}],"author":[{"embeddable":true,"href":"https:\/\/balvanyos.org\/en\/wp-json\/wp\/v2\/users\/7"}],"replies":[{"embeddable":true,"href":"https:\/\/balvanyos.org\/en\/wp-json\/wp\/v2\/comments?post=8307"}],"version-history":[{"count":3,"href":"https:\/\/balvanyos.org\/en\/wp-json\/wp\/v2\/pages\/8307\/revisions"}],"predecessor-version":[{"id":8464,"href":"https:\/\/balvanyos.org\/en\/wp-json\/wp\/v2\/pages\/8307\/revisions\/8464"}],"wp:attachment":[{"href":"https:\/\/balvanyos.org\/en\/wp-json\/wp\/v2\/media?parent=8307"}],"curies":[{"name":"wp","href":"https:\/\/api.w.org\/{rel}","templated":true}]}}