{"id":8299,"date":"2020-07-02T09:03:46","date_gmt":"2020-07-02T09:03:46","guid":{"rendered":"https:\/\/balvanyos.org\/romapolitika-en\/"},"modified":"2020-07-02T09:03:46","modified_gmt":"2020-07-02T09:03:46","slug":"romapolitika-en","status":"publish","type":"page","link":"https:\/\/balvanyos.org\/en\/romapolitika-en\/","title":{"rendered":"Romapolitika (EN)"},"content":{"rendered":"<p>Bihar, Hargita, Kov\u00e1szna, Maros \u00e9s Szatm\u00e1r megy\u00e9kben jelent\u0151s sz\u00e1m\u00fa magyar anyanyelv\u0171 roma \u00e9l, akik \u00f6nmeghat\u00e1roz\u00e1suk szempontj\u00e1b\u00f3l fontosnak tartj\u00e1k magyars\u00e1gukat, azonban a magyar k\u00f6z\u00f6ss\u00e9g kev\u00e9sb\u00e9 sz\u00f3l\u00edtja meg \u0151ket. Egy kiemelten marginaliz\u00e1lt csoportr\u00f3l l\u00e9v\u00e9n sz\u00f3, nemzetpolitikai szempontb\u00f3l fontos ezen k\u00f6z\u00f6ss\u00e9gek magyar nemzetbe val\u00f3 illeszt\u00e9s\u00e9nek el\u0151seg\u00edt\u00e9se, valamint az \u00e1ltaluk lakott (\u00e1ltal\u00e1ban magyar dominanci\u00e1j\u00fa) telep\u00fcl\u00e9sek n\u00e9pess\u00e9g\u00e9be val\u00f3 integr\u00e1ci\u00f3juk el\u0151seg\u00edt\u00e9se. Jelen pillanatig a magyar rom\u00e1k integr\u00e1ci\u00f3j\u00e1nak tekintet\u00e9ben <strong>sem helyi szint\u0171, sem region\u00e1lis strat\u00e9gia<\/strong> nem k\u00e9sz\u00fclt \u00e9s a jogv\u00e9delem is kev\u00e9s figyelmet ford\u00edtott a magyar anyanyelv\u0171 rom\u00e1k helyzet\u00e9re, akik mind az oktat\u00e1si rendszer, mind az eg\u00e9szs\u00e9g\u00fcgyi ell\u00e1t\u00f3rendszer, mind pedig a helyi k\u00f6zigazgat\u00e1s szempontj\u00e1b\u00f3l legal\u00e1bb k\u00e9tszeresen \u2013 etnikai \u00e9s nyelvi szempontb\u00f3l is \u2013 h\u00e1tr\u00e1nyos helyzetben tal\u00e1lj\u00e1k magukat. Ugyanakkor, sz\u00fcks\u00e9ges lenne egy <strong>fenntarthat\u00f3 szoci\u00e1lpolitika<\/strong> kidolgoz\u00e1sa is amely az Int\u00e9zet k\u00f6z\u00e9pt\u00e1v\u00fa tervei k\u00f6zt szerepel.<\/p>\n","protected":false},"excerpt":{"rendered":"<p>Bihar, Hargita, Kov\u00e1szna, Maros \u00e9s Szatm\u00e1r megy\u00e9kben jelent\u0151s sz\u00e1m\u00fa magyar anyanyelv\u0171 roma \u00e9l, akik \u00f6nmeghat\u00e1roz\u00e1suk szempontj\u00e1b\u00f3l fontosnak tartj\u00e1k magyars\u00e1gukat, azonban a magyar k\u00f6z\u00f6ss\u00e9g kev\u00e9sb\u00e9 sz\u00f3l\u00edtja meg \u0151ket. Egy kiemelten marginaliz\u00e1lt csoportr\u00f3l l\u00e9v\u00e9n sz\u00f3, nemzetpolitikai szempontb\u00f3l fontos ezen k\u00f6z\u00f6ss\u00e9gek magyar nemzetbe val\u00f3 illeszt\u00e9s\u00e9nek el\u0151seg\u00edt\u00e9se, valamint az \u00e1ltaluk lakott (\u00e1ltal\u00e1ban magyar dominanci\u00e1j\u00fa) telep\u00fcl\u00e9sek n\u00e9pess\u00e9g\u00e9be val\u00f3 integr\u00e1ci\u00f3juk el\u0151seg\u00edt\u00e9se. &hellip;<\/p>\n","protected":false},"author":4,"featured_media":0,"parent":0,"menu_order":0,"comment_status":"closed","ping_status":"closed","template":"","meta":{"footnotes":""},"class_list":["post-8299","page","type-page","status-publish","hentry","no-thumb"],"yoast_head":"<!-- This site is optimized with the Yoast SEO plugin v26.8 - https:\/\/yoast.com\/product\/yoast-seo-wordpress\/ -->\n<title>Romapolitika (EN) - B\u00e1lv\u00e1nyos Institute<\/title>\n<meta name=\"robots\" content=\"index, follow, max-snippet:-1, max-image-preview:large, max-video-preview:-1\" \/>\n<link rel=\"canonical\" href=\"https:\/\/balvanyos.org\/en\/romapolitika-en\/\" \/>\n<meta property=\"og:locale\" content=\"en_US\" \/>\n<meta property=\"og:type\" content=\"article\" \/>\n<meta property=\"og:title\" content=\"Romapolitika (EN) - B\u00e1lv\u00e1nyos Institute\" \/>\n<meta property=\"og:description\" content=\"Bihar, Hargita, Kov\u00e1szna, Maros \u00e9s Szatm\u00e1r megy\u00e9kben jelent\u0151s sz\u00e1m\u00fa magyar anyanyelv\u0171 roma \u00e9l, akik \u00f6nmeghat\u00e1roz\u00e1suk szempontj\u00e1b\u00f3l fontosnak tartj\u00e1k magyars\u00e1gukat, azonban a magyar k\u00f6z\u00f6ss\u00e9g kev\u00e9sb\u00e9 sz\u00f3l\u00edtja meg \u0151ket. Egy kiemelten marginaliz\u00e1lt csoportr\u00f3l l\u00e9v\u00e9n sz\u00f3, nemzetpolitikai szempontb\u00f3l fontos ezen k\u00f6z\u00f6ss\u00e9gek magyar nemzetbe val\u00f3 illeszt\u00e9s\u00e9nek el\u0151seg\u00edt\u00e9se, valamint az \u00e1ltaluk lakott (\u00e1ltal\u00e1ban magyar dominanci\u00e1j\u00fa) telep\u00fcl\u00e9sek n\u00e9pess\u00e9g\u00e9be val\u00f3 integr\u00e1ci\u00f3juk el\u0151seg\u00edt\u00e9se. &hellip;\" \/>\n<meta property=\"og:url\" content=\"https:\/\/balvanyos.org\/en\/romapolitika-en\/\" \/>\n<meta property=\"og:site_name\" content=\"B\u00e1lv\u00e1nyos Institute\" \/>\n<meta name=\"twitter:card\" content=\"summary_large_image\" \/>\n<meta name=\"twitter:label1\" content=\"Est. reading time\" \/>\n\t<meta name=\"twitter:data1\" content=\"1 minute\" \/>\n<script type=\"application\/ld+json\" class=\"yoast-schema-graph\">{\"@context\":\"https:\/\/schema.org\",\"@graph\":[{\"@type\":\"WebPage\",\"@id\":\"https:\/\/balvanyos.org\/en\/romapolitika-en\/\",\"url\":\"https:\/\/balvanyos.org\/en\/romapolitika-en\/\",\"name\":\"Romapolitika (EN) - B\u00e1lv\u00e1nyos Institute\",\"isPartOf\":{\"@id\":\"https:\/\/balvanyos.org\/#website\"},\"datePublished\":\"2020-07-02T09:03:46+00:00\",\"breadcrumb\":{\"@id\":\"https:\/\/balvanyos.org\/en\/romapolitika-en\/#breadcrumb\"},\"inLanguage\":\"en-US\",\"potentialAction\":[{\"@type\":\"ReadAction\",\"target\":[\"https:\/\/balvanyos.org\/en\/romapolitika-en\/\"]}]},{\"@type\":\"BreadcrumbList\",\"@id\":\"https:\/\/balvanyos.org\/en\/romapolitika-en\/#breadcrumb\",\"itemListElement\":[{\"@type\":\"ListItem\",\"position\":1,\"name\":\"Home\",\"item\":\"https:\/\/balvanyos.org\/en\/\"},{\"@type\":\"ListItem\",\"position\":2,\"name\":\"Romapolitika (EN)\"}]},{\"@type\":\"WebSite\",\"@id\":\"https:\/\/balvanyos.org\/#website\",\"url\":\"https:\/\/balvanyos.org\/\",\"name\":\"B\u00e1lv\u00e1nyos Institute\",\"description\":\"Erd\u00e9lyi K\u00f6zszolg\u00e1lati Szabadegyetem\",\"publisher\":{\"@id\":\"https:\/\/balvanyos.org\/#organization\"},\"potentialAction\":[{\"@type\":\"SearchAction\",\"target\":{\"@type\":\"EntryPoint\",\"urlTemplate\":\"https:\/\/balvanyos.org\/?s={search_term_string}\"},\"query-input\":{\"@type\":\"PropertyValueSpecification\",\"valueRequired\":true,\"valueName\":\"search_term_string\"}}],\"inLanguage\":\"en-US\"},{\"@type\":\"Organization\",\"@id\":\"https:\/\/balvanyos.org\/#organization\",\"name\":\"Institutul B\u00e1lv\u00e1nyos\",\"url\":\"https:\/\/balvanyos.org\/\",\"logo\":{\"@type\":\"ImageObject\",\"inLanguage\":\"en-US\",\"@id\":\"https:\/\/balvanyos.org\/#\/schema\/logo\/image\/\",\"url\":\"https:\/\/balvanyos.org\/wp-content\/uploads\/2019\/03\/BI_celja_pic.jpg\",\"contentUrl\":\"https:\/\/balvanyos.org\/wp-content\/uploads\/2019\/03\/BI_celja_pic.jpg\",\"width\":1300,\"height\":900,\"caption\":\"Institutul B\u00e1lv\u00e1nyos\"},\"image\":{\"@id\":\"https:\/\/balvanyos.org\/#\/schema\/logo\/image\/\"}}]}<\/script>\n<!-- \/ Yoast SEO plugin. -->","yoast_head_json":{"title":"Romapolitika (EN) - B\u00e1lv\u00e1nyos Institute","robots":{"index":"index","follow":"follow","max-snippet":"max-snippet:-1","max-image-preview":"max-image-preview:large","max-video-preview":"max-video-preview:-1"},"canonical":"https:\/\/balvanyos.org\/en\/romapolitika-en\/","og_locale":"en_US","og_type":"article","og_title":"Romapolitika (EN) - B\u00e1lv\u00e1nyos Institute","og_description":"Bihar, Hargita, Kov\u00e1szna, Maros \u00e9s Szatm\u00e1r megy\u00e9kben jelent\u0151s sz\u00e1m\u00fa magyar anyanyelv\u0171 roma \u00e9l, akik \u00f6nmeghat\u00e1roz\u00e1suk szempontj\u00e1b\u00f3l fontosnak tartj\u00e1k magyars\u00e1gukat, azonban a magyar k\u00f6z\u00f6ss\u00e9g kev\u00e9sb\u00e9 sz\u00f3l\u00edtja meg \u0151ket. Egy kiemelten marginaliz\u00e1lt csoportr\u00f3l l\u00e9v\u00e9n sz\u00f3, nemzetpolitikai szempontb\u00f3l fontos ezen k\u00f6z\u00f6ss\u00e9gek magyar nemzetbe val\u00f3 illeszt\u00e9s\u00e9nek el\u0151seg\u00edt\u00e9se, valamint az \u00e1ltaluk lakott (\u00e1ltal\u00e1ban magyar dominanci\u00e1j\u00fa) telep\u00fcl\u00e9sek n\u00e9pess\u00e9g\u00e9be val\u00f3 integr\u00e1ci\u00f3juk el\u0151seg\u00edt\u00e9se. &hellip;","og_url":"https:\/\/balvanyos.org\/en\/romapolitika-en\/","og_site_name":"B\u00e1lv\u00e1nyos Institute","twitter_card":"summary_large_image","twitter_misc":{"Est. reading time":"1 minute"},"schema":{"@context":"https:\/\/schema.org","@graph":[{"@type":"WebPage","@id":"https:\/\/balvanyos.org\/en\/romapolitika-en\/","url":"https:\/\/balvanyos.org\/en\/romapolitika-en\/","name":"Romapolitika (EN) - B\u00e1lv\u00e1nyos Institute","isPartOf":{"@id":"https:\/\/balvanyos.org\/#website"},"datePublished":"2020-07-02T09:03:46+00:00","breadcrumb":{"@id":"https:\/\/balvanyos.org\/en\/romapolitika-en\/#breadcrumb"},"inLanguage":"en-US","potentialAction":[{"@type":"ReadAction","target":["https:\/\/balvanyos.org\/en\/romapolitika-en\/"]}]},{"@type":"BreadcrumbList","@id":"https:\/\/balvanyos.org\/en\/romapolitika-en\/#breadcrumb","itemListElement":[{"@type":"ListItem","position":1,"name":"Home","item":"https:\/\/balvanyos.org\/en\/"},{"@type":"ListItem","position":2,"name":"Romapolitika (EN)"}]},{"@type":"WebSite","@id":"https:\/\/balvanyos.org\/#website","url":"https:\/\/balvanyos.org\/","name":"B\u00e1lv\u00e1nyos Institute","description":"Erd\u00e9lyi K\u00f6zszolg\u00e1lati Szabadegyetem","publisher":{"@id":"https:\/\/balvanyos.org\/#organization"},"potentialAction":[{"@type":"SearchAction","target":{"@type":"EntryPoint","urlTemplate":"https:\/\/balvanyos.org\/?s={search_term_string}"},"query-input":{"@type":"PropertyValueSpecification","valueRequired":true,"valueName":"search_term_string"}}],"inLanguage":"en-US"},{"@type":"Organization","@id":"https:\/\/balvanyos.org\/#organization","name":"Institutul B\u00e1lv\u00e1nyos","url":"https:\/\/balvanyos.org\/","logo":{"@type":"ImageObject","inLanguage":"en-US","@id":"https:\/\/balvanyos.org\/#\/schema\/logo\/image\/","url":"https:\/\/balvanyos.org\/wp-content\/uploads\/2019\/03\/BI_celja_pic.jpg","contentUrl":"https:\/\/balvanyos.org\/wp-content\/uploads\/2019\/03\/BI_celja_pic.jpg","width":1300,"height":900,"caption":"Institutul B\u00e1lv\u00e1nyos"},"image":{"@id":"https:\/\/balvanyos.org\/#\/schema\/logo\/image\/"}}]}},"_links":{"self":[{"href":"https:\/\/balvanyos.org\/en\/wp-json\/wp\/v2\/pages\/8299","targetHints":{"allow":["GET"]}}],"collection":[{"href":"https:\/\/balvanyos.org\/en\/wp-json\/wp\/v2\/pages"}],"about":[{"href":"https:\/\/balvanyos.org\/en\/wp-json\/wp\/v2\/types\/page"}],"author":[{"embeddable":true,"href":"https:\/\/balvanyos.org\/en\/wp-json\/wp\/v2\/users\/4"}],"replies":[{"embeddable":true,"href":"https:\/\/balvanyos.org\/en\/wp-json\/wp\/v2\/comments?post=8299"}],"version-history":[{"count":0,"href":"https:\/\/balvanyos.org\/en\/wp-json\/wp\/v2\/pages\/8299\/revisions"}],"wp:attachment":[{"href":"https:\/\/balvanyos.org\/en\/wp-json\/wp\/v2\/media?parent=8299"}],"curies":[{"name":"wp","href":"https:\/\/api.w.org\/{rel}","templated":true}]}}