{"id":8291,"date":"2020-07-02T09:03:17","date_gmt":"2020-07-02T09:03:17","guid":{"rendered":"https:\/\/balvanyos.org\/nyelvpolitika-en-2\/"},"modified":"2020-07-21T15:48:41","modified_gmt":"2020-07-21T15:48:41","slug":"language-policy","status":"publish","type":"page","link":"https:\/\/balvanyos.org\/en\/language-policy\/","title":{"rendered":"Language policy"},"content":{"rendered":"\t\t<div data-elementor-type=\"wp-post\" data-elementor-id=\"8291\" class=\"elementor elementor-8291 elementor-7163\">\n\t\t\t\t\t\t<section class=\"elementor-section elementor-top-section elementor-element elementor-element-2e7c1648 elementor-section-boxed elementor-section-height-default elementor-section-height-default\" data-id=\"2e7c1648\" data-element_type=\"section\" data-settings=\"{&quot;jet_parallax_layout_list&quot;:[{&quot;jet_parallax_layout_image&quot;:{&quot;url&quot;:&quot;&quot;,&quot;id&quot;:&quot;&quot;,&quot;size&quot;:&quot;&quot;},&quot;_id&quot;:&quot;7b3c73f&quot;,&quot;jet_parallax_layout_speed&quot;:{&quot;unit&quot;:&quot;%&quot;,&quot;size&quot;:50,&quot;sizes&quot;:[]},&quot;jet_parallax_layout_type&quot;:&quot;scroll&quot;,&quot;jet_parallax_layout_z_index&quot;:&quot;&quot;,&quot;jet_parallax_layout_bg_x&quot;:50,&quot;jet_parallax_layout_bg_y&quot;:50,&quot;jet_parallax_layout_bg_size&quot;:&quot;auto&quot;,&quot;jet_parallax_layout_animation_prop&quot;:&quot;transform&quot;,&quot;jet_parallax_layout_on&quot;:[&quot;desktop&quot;,&quot;tablet&quot;],&quot;jet_parallax_layout_image_tablet&quot;:{&quot;url&quot;:&quot;&quot;,&quot;id&quot;:&quot;&quot;,&quot;size&quot;:&quot;&quot;},&quot;jet_parallax_layout_image_mobile&quot;:{&quot;url&quot;:&quot;&quot;,&quot;id&quot;:&quot;&quot;,&quot;size&quot;:&quot;&quot;},&quot;jet_parallax_layout_direction&quot;:null,&quot;jet_parallax_layout_fx_direction&quot;:null,&quot;jet_parallax_layout_bg_x_tablet&quot;:&quot;&quot;,&quot;jet_parallax_layout_bg_x_mobile&quot;:&quot;&quot;,&quot;jet_parallax_layout_bg_y_tablet&quot;:&quot;&quot;,&quot;jet_parallax_layout_bg_y_mobile&quot;:&quot;&quot;,&quot;jet_parallax_layout_bg_size_tablet&quot;:&quot;&quot;,&quot;jet_parallax_layout_bg_size_mobile&quot;:&quot;&quot;}]}\">\n\t\t\t\t\t\t<div class=\"elementor-container elementor-column-gap-default\">\n\t\t\t\t\t<div class=\"elementor-column elementor-col-100 elementor-top-column elementor-element elementor-element-2d7c9f1b\" data-id=\"2d7c9f1b\" data-element_type=\"column\">\n\t\t\t<div class=\"elementor-widget-wrap elementor-element-populated\">\n\t\t\t\t\t\t<div class=\"elementor-element elementor-element-64b65b2f elementor-widget elementor-widget-text-editor\" data-id=\"64b65b2f\" data-element_type=\"widget\" data-widget_type=\"text-editor.default\">\n\t\t\t\t<div class=\"elementor-widget-container\">\n\t\t\t\t\t\t\t<p>The goal of the B\u00e1lv\u00e1nyos Institute is to carry out research focusing on language rights and language practices, through which we can understand dominant language policy in Romania. In addition, by gathering data on language policy, the Institute can provided support for language rights advocacy organizations too.<\/p>\n<p>Researche in language policy is carried out in the following fields:<\/p>\n<ul>\n<li>official use of the minority languages \u2013 Law No. 215\/2001 on public administration and Emergency Ordinance No. 57\/2019 replacing it provides important language rights to minorities in Romania, but the implementation of these is not provided systematically by the state<\/li>\n<li>minority language use in health care system \u2013 health care system is considered of strategic importance since patients can explain their problems in their native language<\/li>\n<li>language practices in everyday life \u2013 everyday use of languages, multilingualism and language attitudes are key elements of Romanian language policy.<\/li>\n<\/ul>\n\t\t\t\t\t\t<\/div>\n\t\t\t\t<\/div>\n\t\t\t\t\t<\/div>\n\t\t<\/div>\n\t\t\t\t\t<\/div>\n\t\t<\/section>\n\t\t\t\t<section class=\"elementor-section elementor-top-section elementor-element elementor-element-dab6707 elementor-section-boxed elementor-section-height-default elementor-section-height-default\" data-id=\"dab6707\" data-element_type=\"section\" data-settings=\"{&quot;jet_parallax_layout_list&quot;:[{&quot;jet_parallax_layout_image&quot;:{&quot;url&quot;:&quot;&quot;,&quot;id&quot;:&quot;&quot;,&quot;size&quot;:&quot;&quot;},&quot;_id&quot;:&quot;ddc9445&quot;,&quot;jet_parallax_layout_speed&quot;:{&quot;unit&quot;:&quot;%&quot;,&quot;size&quot;:50,&quot;sizes&quot;:[]},&quot;jet_parallax_layout_type&quot;:&quot;scroll&quot;,&quot;jet_parallax_layout_z_index&quot;:&quot;&quot;,&quot;jet_parallax_layout_bg_x&quot;:50,&quot;jet_parallax_layout_bg_y&quot;:50,&quot;jet_parallax_layout_bg_size&quot;:&quot;auto&quot;,&quot;jet_parallax_layout_animation_prop&quot;:&quot;transform&quot;,&quot;jet_parallax_layout_on&quot;:[&quot;desktop&quot;,&quot;tablet&quot;],&quot;jet_parallax_layout_image_tablet&quot;:{&quot;url&quot;:&quot;&quot;,&quot;id&quot;:&quot;&quot;,&quot;size&quot;:&quot;&quot;},&quot;jet_parallax_layout_image_mobile&quot;:{&quot;url&quot;:&quot;&quot;,&quot;id&quot;:&quot;&quot;,&quot;size&quot;:&quot;&quot;},&quot;jet_parallax_layout_direction&quot;:null,&quot;jet_parallax_layout_fx_direction&quot;:null,&quot;jet_parallax_layout_bg_x_tablet&quot;:&quot;&quot;,&quot;jet_parallax_layout_bg_x_mobile&quot;:&quot;&quot;,&quot;jet_parallax_layout_bg_y_tablet&quot;:&quot;&quot;,&quot;jet_parallax_layout_bg_y_mobile&quot;:&quot;&quot;,&quot;jet_parallax_layout_bg_size_tablet&quot;:&quot;&quot;,&quot;jet_parallax_layout_bg_size_mobile&quot;:&quot;&quot;}]}\">\n\t\t\t\t\t\t<div class=\"elementor-container elementor-column-gap-default\">\n\t\t\t\t\t<div class=\"elementor-column elementor-col-100 elementor-top-column elementor-element elementor-element-47e1c1b\" data-id=\"47e1c1b\" data-element_type=\"column\">\n\t\t\t<div class=\"elementor-widget-wrap elementor-element-populated\">\n\t\t\t\t\t\t<div class=\"elementor-element elementor-element-970a00b elementor-widget elementor-widget-wp-widget-widget-custom-posts\" data-id=\"970a00b\" data-element_type=\"widget\" data-widget_type=\"wp-widget-widget-custom-posts.default\">\n\t\t\t\t<div class=\"elementor-widget-container\">\n\t\t\t<h5>Language policy<\/h5><div class=\"custom-posts__holder row\" ><div class=\"custom-posts__item post col-xs-12 col-sm-6 col-md-6 col-lg-3 col-xl-3\">\n\t<div class=\"post-inner\">\n\t\t<div class=\"post-thumbnail\">\n\t\t\t<a href=\"https:\/\/balvanyos.org\/en\/attitudes-and-discourses-related-to-romanian-language-and-romanian-language-teaching\/\" class=\"post-thumbnail__link\"><img decoding=\"async\" class=\"post-thumbnail__img\" src=\"https:\/\/balvanyos.org\/wp-content\/uploads\/2020\/07\/books-441866_1920-150x150.jpg\" alt=\"Attitudes and Discourses Related to Romanian Language and Romanian Language Teaching\" width=\"150\" height=\"150\"><\/a>\t\t<\/div>\n\t\t<div class=\"post-content-wrap\">\n\t\t\t<div class=\"entry-meta header-meta\">\n\t\t\t\t<span class=\"post__date\"><a href=\"https:\/\/balvanyos.org\/en\/2022\/11\/25\/\"  class=\"post__date-link\"><time datetime=\"2022-11-25T11:43:46+00:00\">Nov 2022<\/time><\/a><\/span>\t\t\t\t<span class=\"posted-by\">by <a href=\"https:\/\/balvanyos.org\/en\/author\/szilvia\/\"  class=\"posted-by__author\" rel=\"author\">Szilvia<\/a><\/span>\t\t\t\t\t\t\t<\/div>\n\t\t\t<div class=\"entry-header\">\n\t\t\t\t<h5 class=\"entry-title\"><a href=\"https:\/\/balvanyos.org\/en\/attitudes-and-discourses-related-to-romanian-language-and-romanian-language-teaching\/\" title=\"Attitudes and Discourses Related to Romanian Language and Romanian Language Teaching\">Attitudes and Discourses Related to Romanian Language and Romanian Language&hellip;<\/a><\/h5>\t\t\t<\/div>\n\t\t\t<div class=\"entry-content\">\n\t\t\t\t<p >The issue of the Romanian language skills of Hungarians is&hellip;<\/p>\t\t\t<\/div>\n\t\t\t<div class=\"entry-footer\">\n\t\t\t\t<div class=\"entry-meta\"><\/div>\n\t\t\t\t\t\t\t<\/div>\n\t\t<\/div>\n\t<\/div>\n<\/div>\n<div class=\"custom-posts__item post col-xs-12 col-sm-6 col-md-6 col-lg-3 col-xl-3\">\n\t<div class=\"post-inner\">\n\t\t<div class=\"post-thumbnail\">\n\t\t\t<a href=\"https:\/\/balvanyos.org\/en\/facultative-hungarian-language-education-in-romania\/\" class=\"post-thumbnail__link\"><img decoding=\"async\" class=\"post-thumbnail__img\" src=\"https:\/\/balvanyos.org\/wp-content\/uploads\/2020\/05\/Capture-150x150.png\" alt=\"Facultative Hungarian language education in Romania\" width=\"150\" height=\"150\"><\/a>\t\t<\/div>\n\t\t<div class=\"post-content-wrap\">\n\t\t\t<div class=\"entry-meta header-meta\">\n\t\t\t\t<span class=\"post__date\"><a href=\"https:\/\/balvanyos.org\/en\/2020\/07\/16\/\"  class=\"post__date-link\"><time datetime=\"2020-07-16T12:04:19+00:00\">Jul 2020<\/time><\/a><\/span>\t\t\t\t<span class=\"posted-by\">by <a href=\"https:\/\/balvanyos.org\/en\/author\/szilvia\/\"  class=\"posted-by__author\" rel=\"author\">Szilvia<\/a><\/span>\t\t\t\t\t\t\t<\/div>\n\t\t\t<div class=\"entry-header\">\n\t\t\t\t<h5 class=\"entry-title\"><a href=\"https:\/\/balvanyos.org\/en\/facultative-hungarian-language-education-in-romania\/\" title=\"Facultative Hungarian language education in Romania\">Facultative Hungarian language education in Romania<\/a><\/h5>\t\t\t<\/div>\n\t\t\t<div class=\"entry-content\">\n\t\t\t\t<p >THE COMPLETE BOOK: Keszeg Erika \u2013 Tor\u00f3 Tibor: \u201e\u00d6r\u00fclt\u00fcnk, hogy&hellip;<\/p>\t\t\t<\/div>\n\t\t\t<div class=\"entry-footer\">\n\t\t\t\t<div class=\"entry-meta\"><\/div>\n\t\t\t\t\t\t\t<\/div>\n\t\t<\/div>\n\t<\/div>\n<\/div>\n<div class=\"custom-posts__item post col-xs-12 col-sm-6 col-md-6 col-lg-3 col-xl-3\">\n\t<div class=\"post-inner\">\n\t\t<div class=\"post-thumbnail\">\n\t\t\t<a href=\"https:\/\/balvanyos.org\/en\/romania-and-language-rights-in-public-administration\/\" class=\"post-thumbnail__link\"><img decoding=\"async\" class=\"post-thumbnail__img\" src=\"https:\/\/balvanyos.org\/wp-content\/uploads\/2019\/04\/documents-3816835__340-150x150.jpg\" alt=\"Romania and language rights in public administration\" width=\"150\" height=\"150\"><\/a>\t\t<\/div>\n\t\t<div class=\"post-content-wrap\">\n\t\t\t<div class=\"entry-meta header-meta\">\n\t\t\t\t<span class=\"post__date\"><a href=\"https:\/\/balvanyos.org\/en\/2020\/07\/16\/\"  class=\"post__date-link\"><time datetime=\"2020-07-16T11:44:16+00:00\">Jul 2020<\/time><\/a><\/span>\t\t\t\t<span class=\"posted-by\">by <a href=\"https:\/\/balvanyos.org\/en\/author\/szilvia\/\"  class=\"posted-by__author\" rel=\"author\">Szilvia<\/a><\/span>\t\t\t\t\t\t\t<\/div>\n\t\t\t<div class=\"entry-header\">\n\t\t\t\t<h5 class=\"entry-title\"><a href=\"https:\/\/balvanyos.org\/en\/romania-and-language-rights-in-public-administration\/\" title=\"Romania and language rights in public administration\">Romania and language rights in public administration<\/a><\/h5>\t\t\t<\/div>\n\t\t\t<div class=\"entry-content\">\n\t\t\t\t<p >Conduction period: May 2014 \u2013 February 2015 Goals of the&hellip;<\/p>\t\t\t<\/div>\n\t\t\t<div class=\"entry-footer\">\n\t\t\t\t<div class=\"entry-meta\"><\/div>\n\t\t\t\t\t\t\t<\/div>\n\t\t<\/div>\n\t<\/div>\n<\/div>\n<div class=\"custom-posts__item post col-xs-12 col-sm-6 col-md-6 col-lg-3 col-xl-3\">\n\t<div class=\"post-inner\">\n\t\t<div class=\"post-thumbnail\">\n\t\t\t<a href=\"https:\/\/balvanyos.org\/en\/bilingualism-language-rights-and-linguistic-assertiveness-in-three-major-cities-in-transylvania\/\" class=\"post-thumbnail__link\"><img loading=\"lazy\" decoding=\"async\" class=\"post-thumbnail__img\" src=\"https:\/\/balvanyos.org\/wp-content\/uploads\/2019\/04\/arcades-3428490__340-150x150.jpg\" alt=\"Bilingualism, language rights and linguistic assertiveness in three major cities in Transylvania\" width=\"150\" height=\"150\"><\/a>\t\t<\/div>\n\t\t<div class=\"post-content-wrap\">\n\t\t\t<div class=\"entry-meta header-meta\">\n\t\t\t\t<span class=\"post__date\"><a href=\"https:\/\/balvanyos.org\/en\/2020\/07\/16\/\"  class=\"post__date-link\"><time datetime=\"2020-07-16T11:28:59+00:00\">Jul 2020<\/time><\/a><\/span>\t\t\t\t<span class=\"posted-by\">by <a href=\"https:\/\/balvanyos.org\/en\/author\/szilvia\/\"  class=\"posted-by__author\" rel=\"author\">Szilvia<\/a><\/span>\t\t\t\t\t\t\t<\/div>\n\t\t\t<div class=\"entry-header\">\n\t\t\t\t<h5 class=\"entry-title\"><a href=\"https:\/\/balvanyos.org\/en\/bilingualism-language-rights-and-linguistic-assertiveness-in-three-major-cities-in-transylvania\/\" title=\"Bilingualism, language rights and linguistic assertiveness in three major cities in Transylvania\">Bilingualism, language rights and linguistic assertiveness in three major cities&hellip;<\/a><\/h5>\t\t\t<\/div>\n\t\t\t<div class=\"entry-content\">\n\t\t\t\t<p >Conduction period: march 2019 \u2013 Romania has an interesting linguistic&hellip;<\/p>\t\t\t<\/div>\n\t\t\t<div class=\"entry-footer\">\n\t\t\t\t<div class=\"entry-meta\"><\/div>\n\t\t\t\t\t\t\t<\/div>\n\t\t<\/div>\n\t<\/div>\n<\/div>\n<div class=\"custom-posts__item post col-xs-12 col-sm-6 col-md-6 col-lg-3 col-xl-3\">\n\t<div class=\"post-inner\">\n\t\t<div class=\"post-thumbnail\">\n\t\t\t<a href=\"https:\/\/balvanyos.org\/en\/linguistic-landscape-of-schools-in-romania\/\" class=\"post-thumbnail__link\"><img loading=\"lazy\" decoding=\"async\" class=\"post-thumbnail__img\" src=\"https:\/\/balvanyos.org\/wp-content\/uploads\/2019\/04\/mathematics-1622448__340-150x150.jpg\" alt=\"Linguistic landscape of schools in Romania\" width=\"150\" height=\"150\"><\/a>\t\t<\/div>\n\t\t<div class=\"post-content-wrap\">\n\t\t\t<div class=\"entry-meta header-meta\">\n\t\t\t\t<span class=\"post__date\"><a href=\"https:\/\/balvanyos.org\/en\/2020\/07\/16\/\"  class=\"post__date-link\"><time datetime=\"2020-07-16T11:14:59+00:00\">Jul 2020<\/time><\/a><\/span>\t\t\t\t<span class=\"posted-by\">by <a href=\"https:\/\/balvanyos.org\/en\/author\/szilvia\/\"  class=\"posted-by__author\" rel=\"author\">Szilvia<\/a><\/span>\t\t\t\t\t\t\t<\/div>\n\t\t\t<div class=\"entry-header\">\n\t\t\t\t<h5 class=\"entry-title\"><a href=\"https:\/\/balvanyos.org\/en\/linguistic-landscape-of-schools-in-romania\/\" title=\"Linguistic landscape of schools in Romania\">Linguistic landscape of schools in Romania<\/a><\/h5>\t\t\t<\/div>\n\t\t\t<div class=\"entry-content\">\n\t\t\t\t<p >Conduction period: February 2019 \u2013 A multilingual language use and&hellip;<\/p>\t\t\t<\/div>\n\t\t\t<div class=\"entry-footer\">\n\t\t\t\t<div class=\"entry-meta\"><\/div>\n\t\t\t\t\t\t\t<\/div>\n\t\t<\/div>\n\t<\/div>\n<\/div>\n<\/div>\t\t<\/div>\n\t\t\t\t<\/div>\n\t\t\t\t\t<\/div>\n\t\t<\/div>\n\t\t\t\t\t<\/div>\n\t\t<\/section>\n\t\t\t\t<\/div>\n\t\t<div class=\"fb-background-color\">\n\t\t\t  <div \n\t\t\t  \tclass = \"fb-comments\" \n\t\t\t  \tdata-href = \"https:\/\/balvanyos.org\/en\/linguistic-landscape-of-schools-in-romania\/\"\n\t\t\t  \tdata-numposts = \"10\"\n\t\t\t  \tdata-lazy = \"true\"\n\t\t\t\tdata-colorscheme = \"light\"\n\t\t\t\tdata-order-by = \"social\"\n\t\t\t\tdata-mobile=true>\n\t\t\t  <\/div><\/div>\n\t\t  <style>\n\t\t    .fb-background-color {\n\t\t\t\tbackground:  !important;\n\t\t\t}\n\t\t\t.fb_iframe_widget_fluid_desktop iframe {\n\t\t\t    width: 100% !important;\n\t\t\t}\n\t\t  <\/style>\n\t\t  ","protected":false},"excerpt":{"rendered":"<p>The goal of the B\u00e1lv\u00e1nyos Institute is to carry out research focusing on language rights and language practices, through which we can understand dominant language policy in Romania. In addition, by gathering data on language policy, the Institute can provided support for language rights advocacy organizations too. Researche in language policy is carried out in &hellip;<\/p>\n","protected":false},"author":4,"featured_media":0,"parent":0,"menu_order":0,"comment_status":"closed","ping_status":"closed","template":"","meta":{"footnotes":""},"class_list":["post-8291","page","type-page","status-publish","hentry","has-thumb"],"yoast_head":"<!-- This site is optimized with the Yoast SEO plugin v26.8 - https:\/\/yoast.com\/product\/yoast-seo-wordpress\/ -->\n<title>Language policy - B\u00e1lv\u00e1nyos Institute<\/title>\n<meta name=\"robots\" content=\"index, follow, max-snippet:-1, max-image-preview:large, max-video-preview:-1\" \/>\n<link rel=\"canonical\" href=\"https:\/\/balvanyos.org\/en\/language-policy\/\" \/>\n<meta property=\"og:locale\" content=\"en_US\" \/>\n<meta property=\"og:type\" content=\"article\" \/>\n<meta property=\"og:title\" content=\"Language policy - B\u00e1lv\u00e1nyos Institute\" \/>\n<meta property=\"og:description\" content=\"The goal of the B\u00e1lv\u00e1nyos Institute is to carry out research focusing on language rights and language practices, through which we can understand dominant language policy in Romania. In addition, by gathering data on language policy, the Institute can provided support for language rights advocacy organizations too. Researche in language policy is carried out in &hellip;\" \/>\n<meta property=\"og:url\" content=\"https:\/\/balvanyos.org\/en\/language-policy\/\" \/>\n<meta property=\"og:site_name\" content=\"B\u00e1lv\u00e1nyos Institute\" \/>\n<meta property=\"article:modified_time\" content=\"2020-07-21T15:48:41+00:00\" \/>\n<meta name=\"twitter:card\" content=\"summary_large_image\" \/>\n<meta name=\"twitter:label1\" content=\"Est. reading time\" \/>\n\t<meta name=\"twitter:data1\" content=\"1 minute\" \/>\n<script type=\"application\/ld+json\" class=\"yoast-schema-graph\">{\"@context\":\"https:\/\/schema.org\",\"@graph\":[{\"@type\":\"WebPage\",\"@id\":\"https:\/\/balvanyos.org\/en\/language-policy\/\",\"url\":\"https:\/\/balvanyos.org\/en\/language-policy\/\",\"name\":\"Language policy - B\u00e1lv\u00e1nyos Institute\",\"isPartOf\":{\"@id\":\"https:\/\/balvanyos.org\/#website\"},\"datePublished\":\"2020-07-02T09:03:17+00:00\",\"dateModified\":\"2020-07-21T15:48:41+00:00\",\"breadcrumb\":{\"@id\":\"https:\/\/balvanyos.org\/en\/language-policy\/#breadcrumb\"},\"inLanguage\":\"en-US\",\"potentialAction\":[{\"@type\":\"ReadAction\",\"target\":[\"https:\/\/balvanyos.org\/en\/language-policy\/\"]}]},{\"@type\":\"BreadcrumbList\",\"@id\":\"https:\/\/balvanyos.org\/en\/language-policy\/#breadcrumb\",\"itemListElement\":[{\"@type\":\"ListItem\",\"position\":1,\"name\":\"Home\",\"item\":\"https:\/\/balvanyos.org\/en\/\"},{\"@type\":\"ListItem\",\"position\":2,\"name\":\"Language policy\"}]},{\"@type\":\"WebSite\",\"@id\":\"https:\/\/balvanyos.org\/#website\",\"url\":\"https:\/\/balvanyos.org\/\",\"name\":\"B\u00e1lv\u00e1nyos Institute\",\"description\":\"Erd\u00e9lyi K\u00f6zszolg\u00e1lati Szabadegyetem\",\"publisher\":{\"@id\":\"https:\/\/balvanyos.org\/#organization\"},\"potentialAction\":[{\"@type\":\"SearchAction\",\"target\":{\"@type\":\"EntryPoint\",\"urlTemplate\":\"https:\/\/balvanyos.org\/?s={search_term_string}\"},\"query-input\":{\"@type\":\"PropertyValueSpecification\",\"valueRequired\":true,\"valueName\":\"search_term_string\"}}],\"inLanguage\":\"en-US\"},{\"@type\":\"Organization\",\"@id\":\"https:\/\/balvanyos.org\/#organization\",\"name\":\"Institutul B\u00e1lv\u00e1nyos\",\"url\":\"https:\/\/balvanyos.org\/\",\"logo\":{\"@type\":\"ImageObject\",\"inLanguage\":\"en-US\",\"@id\":\"https:\/\/balvanyos.org\/#\/schema\/logo\/image\/\",\"url\":\"https:\/\/balvanyos.org\/wp-content\/uploads\/2019\/03\/BI_celja_pic.jpg\",\"contentUrl\":\"https:\/\/balvanyos.org\/wp-content\/uploads\/2019\/03\/BI_celja_pic.jpg\",\"width\":1300,\"height\":900,\"caption\":\"Institutul B\u00e1lv\u00e1nyos\"},\"image\":{\"@id\":\"https:\/\/balvanyos.org\/#\/schema\/logo\/image\/\"}}]}<\/script>\n<!-- \/ Yoast SEO plugin. -->","yoast_head_json":{"title":"Language policy - B\u00e1lv\u00e1nyos Institute","robots":{"index":"index","follow":"follow","max-snippet":"max-snippet:-1","max-image-preview":"max-image-preview:large","max-video-preview":"max-video-preview:-1"},"canonical":"https:\/\/balvanyos.org\/en\/language-policy\/","og_locale":"en_US","og_type":"article","og_title":"Language policy - B\u00e1lv\u00e1nyos Institute","og_description":"The goal of the B\u00e1lv\u00e1nyos Institute is to carry out research focusing on language rights and language practices, through which we can understand dominant language policy in Romania. In addition, by gathering data on language policy, the Institute can provided support for language rights advocacy organizations too. Researche in language policy is carried out in &hellip;","og_url":"https:\/\/balvanyos.org\/en\/language-policy\/","og_site_name":"B\u00e1lv\u00e1nyos Institute","article_modified_time":"2020-07-21T15:48:41+00:00","twitter_card":"summary_large_image","twitter_misc":{"Est. reading time":"1 minute"},"schema":{"@context":"https:\/\/schema.org","@graph":[{"@type":"WebPage","@id":"https:\/\/balvanyos.org\/en\/language-policy\/","url":"https:\/\/balvanyos.org\/en\/language-policy\/","name":"Language policy - B\u00e1lv\u00e1nyos Institute","isPartOf":{"@id":"https:\/\/balvanyos.org\/#website"},"datePublished":"2020-07-02T09:03:17+00:00","dateModified":"2020-07-21T15:48:41+00:00","breadcrumb":{"@id":"https:\/\/balvanyos.org\/en\/language-policy\/#breadcrumb"},"inLanguage":"en-US","potentialAction":[{"@type":"ReadAction","target":["https:\/\/balvanyos.org\/en\/language-policy\/"]}]},{"@type":"BreadcrumbList","@id":"https:\/\/balvanyos.org\/en\/language-policy\/#breadcrumb","itemListElement":[{"@type":"ListItem","position":1,"name":"Home","item":"https:\/\/balvanyos.org\/en\/"},{"@type":"ListItem","position":2,"name":"Language policy"}]},{"@type":"WebSite","@id":"https:\/\/balvanyos.org\/#website","url":"https:\/\/balvanyos.org\/","name":"B\u00e1lv\u00e1nyos Institute","description":"Erd\u00e9lyi K\u00f6zszolg\u00e1lati Szabadegyetem","publisher":{"@id":"https:\/\/balvanyos.org\/#organization"},"potentialAction":[{"@type":"SearchAction","target":{"@type":"EntryPoint","urlTemplate":"https:\/\/balvanyos.org\/?s={search_term_string}"},"query-input":{"@type":"PropertyValueSpecification","valueRequired":true,"valueName":"search_term_string"}}],"inLanguage":"en-US"},{"@type":"Organization","@id":"https:\/\/balvanyos.org\/#organization","name":"Institutul B\u00e1lv\u00e1nyos","url":"https:\/\/balvanyos.org\/","logo":{"@type":"ImageObject","inLanguage":"en-US","@id":"https:\/\/balvanyos.org\/#\/schema\/logo\/image\/","url":"https:\/\/balvanyos.org\/wp-content\/uploads\/2019\/03\/BI_celja_pic.jpg","contentUrl":"https:\/\/balvanyos.org\/wp-content\/uploads\/2019\/03\/BI_celja_pic.jpg","width":1300,"height":900,"caption":"Institutul B\u00e1lv\u00e1nyos"},"image":{"@id":"https:\/\/balvanyos.org\/#\/schema\/logo\/image\/"}}]}},"_links":{"self":[{"href":"https:\/\/balvanyos.org\/en\/wp-json\/wp\/v2\/pages\/8291","targetHints":{"allow":["GET"]}}],"collection":[{"href":"https:\/\/balvanyos.org\/en\/wp-json\/wp\/v2\/pages"}],"about":[{"href":"https:\/\/balvanyos.org\/en\/wp-json\/wp\/v2\/types\/page"}],"author":[{"embeddable":true,"href":"https:\/\/balvanyos.org\/en\/wp-json\/wp\/v2\/users\/4"}],"replies":[{"embeddable":true,"href":"https:\/\/balvanyos.org\/en\/wp-json\/wp\/v2\/comments?post=8291"}],"version-history":[{"count":3,"href":"https:\/\/balvanyos.org\/en\/wp-json\/wp\/v2\/pages\/8291\/revisions"}],"predecessor-version":[{"id":8452,"href":"https:\/\/balvanyos.org\/en\/wp-json\/wp\/v2\/pages\/8291\/revisions\/8452"}],"wp:attachment":[{"href":"https:\/\/balvanyos.org\/en\/wp-json\/wp\/v2\/media?parent=8291"}],"curies":[{"name":"wp","href":"https:\/\/api.w.org\/{rel}","templated":true}]}}