{"id":8286,"date":"2020-07-02T09:02:59","date_gmt":"2020-07-02T09:02:59","guid":{"rendered":"https:\/\/balvanyos.org\/kutatok-en\/"},"modified":"2020-07-16T08:28:56","modified_gmt":"2020-07-16T08:28:56","slug":"kutatok-en","status":"publish","type":"page","link":"https:\/\/balvanyos.org\/en\/kutatok-en\/","title":{"rendered":"Researchers"},"content":{"rendered":"\t\t<div data-elementor-type=\"wp-post\" data-elementor-id=\"8286\" class=\"elementor elementor-8286 elementor-7074\">\n\t\t\t\t\t\t<section class=\"elementor-section elementor-top-section elementor-element elementor-element-21905d2 elementor-section-boxed elementor-section-height-default elementor-section-height-default\" data-id=\"21905d2\" data-element_type=\"section\" data-settings=\"{&quot;jet_parallax_layout_list&quot;:[{&quot;jet_parallax_layout_image&quot;:{&quot;url&quot;:&quot;&quot;,&quot;id&quot;:&quot;&quot;,&quot;size&quot;:&quot;&quot;},&quot;_id&quot;:&quot;c1c7d63&quot;,&quot;jet_parallax_layout_image_tablet&quot;:{&quot;url&quot;:&quot;&quot;,&quot;id&quot;:&quot;&quot;,&quot;size&quot;:&quot;&quot;},&quot;jet_parallax_layout_image_mobile&quot;:{&quot;url&quot;:&quot;&quot;,&quot;id&quot;:&quot;&quot;,&quot;size&quot;:&quot;&quot;},&quot;jet_parallax_layout_speed&quot;:{&quot;unit&quot;:&quot;%&quot;,&quot;size&quot;:50,&quot;sizes&quot;:[]},&quot;jet_parallax_layout_type&quot;:&quot;scroll&quot;,&quot;jet_parallax_layout_z_index&quot;:&quot;&quot;,&quot;jet_parallax_layout_bg_x&quot;:50,&quot;jet_parallax_layout_bg_y&quot;:50,&quot;jet_parallax_layout_bg_size&quot;:&quot;auto&quot;,&quot;jet_parallax_layout_animation_prop&quot;:&quot;transform&quot;,&quot;jet_parallax_layout_on&quot;:[&quot;desktop&quot;,&quot;tablet&quot;],&quot;jet_parallax_layout_direction&quot;:null,&quot;jet_parallax_layout_fx_direction&quot;:null,&quot;jet_parallax_layout_bg_x_tablet&quot;:&quot;&quot;,&quot;jet_parallax_layout_bg_x_mobile&quot;:&quot;&quot;,&quot;jet_parallax_layout_bg_y_tablet&quot;:&quot;&quot;,&quot;jet_parallax_layout_bg_y_mobile&quot;:&quot;&quot;,&quot;jet_parallax_layout_bg_size_tablet&quot;:&quot;&quot;,&quot;jet_parallax_layout_bg_size_mobile&quot;:&quot;&quot;}]}\">\n\t\t\t\t\t\t<div class=\"elementor-container elementor-column-gap-default\">\n\t\t\t\t\t<div class=\"elementor-column elementor-col-33 elementor-top-column elementor-element elementor-element-cb77a50\" data-id=\"cb77a50\" data-element_type=\"column\">\n\t\t\t<div class=\"elementor-widget-wrap elementor-element-populated\">\n\t\t\t\t\t\t<div class=\"elementor-element elementor-element-744ff92 elementor-widget elementor-widget-image\" data-id=\"744ff92\" data-element_type=\"widget\" data-widget_type=\"image.default\">\n\t\t\t\t<div class=\"elementor-widget-container\">\n\t\t\t\t\t\t\t\t\t\t<figure class=\"wp-caption\">\n\t\t\t\t\t\t\t\t\t\t\t<a href=\"https:\/\/balvanyos.org\/en\/toro-tibor-en\/\">\n\t\t\t\t\t\t\t<img fetchpriority=\"high\" decoding=\"async\" width=\"885\" height=\"885\" src=\"https:\/\/balvanyos.org\/wp-content\/uploads\/2019\/04\/TT1-1024x1024.jpg\" class=\"attachment-large size-large wp-image-7457\" alt=\"\" srcset=\"https:\/\/balvanyos.org\/wp-content\/uploads\/2019\/04\/TT1-1024x1024.jpg 1024w, https:\/\/balvanyos.org\/wp-content\/uploads\/2019\/04\/TT1-150x150.jpg 150w, https:\/\/balvanyos.org\/wp-content\/uploads\/2019\/04\/TT1-300x300.jpg 300w, https:\/\/balvanyos.org\/wp-content\/uploads\/2019\/04\/TT1-768x768.jpg 768w, https:\/\/balvanyos.org\/wp-content\/uploads\/2019\/04\/TT1-460x460.jpg 460w, https:\/\/balvanyos.org\/wp-content\/uploads\/2019\/04\/TT1-560x560.jpg 560w, https:\/\/balvanyos.org\/wp-content\/uploads\/2019\/04\/TT1-78x78.jpg 78w, https:\/\/balvanyos.org\/wp-content\/uploads\/2019\/04\/TT1-260x260.jpg 260w, https:\/\/balvanyos.org\/wp-content\/uploads\/2019\/04\/TT1-360x360.jpg 360w, https:\/\/balvanyos.org\/wp-content\/uploads\/2019\/04\/TT1-400x400.jpg 400w, https:\/\/balvanyos.org\/wp-content\/uploads\/2019\/04\/TT1-900x900.jpg 900w, https:\/\/balvanyos.org\/wp-content\/uploads\/2019\/04\/TT1-675x675.jpg 675w, https:\/\/balvanyos.org\/wp-content\/uploads\/2019\/04\/TT1-286x286.jpg 286w, https:\/\/balvanyos.org\/wp-content\/uploads\/2019\/04\/TT1-450x450.jpg 450w, https:\/\/balvanyos.org\/wp-content\/uploads\/2019\/04\/TT1-1080x1080.jpg 1080w, https:\/\/balvanyos.org\/wp-content\/uploads\/2019\/04\/TT1.jpg 1362w\" sizes=\"(max-width: 885px) 100vw, 885px\" \/>\t\t\t\t\t\t\t\t<\/a>\n\t\t\t\t\t\t\t\t\t\t\t<figcaption class=\"widget-image-caption wp-caption-text\">Tor\u00f3 Tibor, political scientist, research director of the Institute<\/figcaption>\n\t\t\t\t\t\t\t\t\t\t<\/figure>\n\t\t\t\t\t\t\t<\/div>\n\t\t\t\t<\/div>\n\t\t\t\t\t<\/div>\n\t\t<\/div>\n\t\t\t\t<div class=\"elementor-column elementor-col-33 elementor-top-column elementor-element elementor-element-4d3fd82\" data-id=\"4d3fd82\" data-element_type=\"column\">\n\t\t\t<div class=\"elementor-widget-wrap elementor-element-populated\">\n\t\t\t\t\t\t<div class=\"elementor-element elementor-element-76a2838 elementor-widget elementor-widget-image\" data-id=\"76a2838\" data-element_type=\"widget\" data-widget_type=\"image.default\">\n\t\t\t\t<div class=\"elementor-widget-container\">\n\t\t\t\t\t\t\t\t\t\t<figure class=\"wp-caption\">\n\t\t\t\t\t\t\t\t\t\t\t<a href=\"https:\/\/balvanyos.org\/en\/keszeg-erika-en\/\">\n\t\t\t\t\t\t\t<img decoding=\"async\" width=\"885\" height=\"885\" src=\"https:\/\/balvanyos.org\/wp-content\/uploads\/2019\/05\/KE-1-1024x1024.jpg\" class=\"attachment-large size-large wp-image-7504\" alt=\"\" srcset=\"https:\/\/balvanyos.org\/wp-content\/uploads\/2019\/05\/KE-1-1024x1024.jpg 1024w, https:\/\/balvanyos.org\/wp-content\/uploads\/2019\/05\/KE-1-150x150.jpg 150w, https:\/\/balvanyos.org\/wp-content\/uploads\/2019\/05\/KE-1-300x300.jpg 300w, https:\/\/balvanyos.org\/wp-content\/uploads\/2019\/05\/KE-1-768x768.jpg 768w, https:\/\/balvanyos.org\/wp-content\/uploads\/2019\/05\/KE-1-460x460.jpg 460w, https:\/\/balvanyos.org\/wp-content\/uploads\/2019\/05\/KE-1-560x560.jpg 560w, https:\/\/balvanyos.org\/wp-content\/uploads\/2019\/05\/KE-1-78x78.jpg 78w, https:\/\/balvanyos.org\/wp-content\/uploads\/2019\/05\/KE-1-260x260.jpg 260w, https:\/\/balvanyos.org\/wp-content\/uploads\/2019\/05\/KE-1-360x360.jpg 360w, https:\/\/balvanyos.org\/wp-content\/uploads\/2019\/05\/KE-1-400x400.jpg 400w, https:\/\/balvanyos.org\/wp-content\/uploads\/2019\/05\/KE-1-900x900.jpg 900w, https:\/\/balvanyos.org\/wp-content\/uploads\/2019\/05\/KE-1-675x675.jpg 675w, https:\/\/balvanyos.org\/wp-content\/uploads\/2019\/05\/KE-1-286x286.jpg 286w, https:\/\/balvanyos.org\/wp-content\/uploads\/2019\/05\/KE-1-450x450.jpg 450w, https:\/\/balvanyos.org\/wp-content\/uploads\/2019\/05\/KE-1-1080x1080.jpg 1080w, https:\/\/balvanyos.org\/wp-content\/uploads\/2019\/05\/KE-1.jpg 1500w\" sizes=\"(max-width: 885px) 100vw, 885px\" \/>\t\t\t\t\t\t\t\t<\/a>\n\t\t\t\t\t\t\t\t\t\t\t<figcaption class=\"widget-image-caption wp-caption-text\">Keszeg Erika, researcher<\/figcaption>\n\t\t\t\t\t\t\t\t\t\t<\/figure>\n\t\t\t\t\t\t\t<\/div>\n\t\t\t\t<\/div>\n\t\t\t\t\t<\/div>\n\t\t<\/div>\n\t\t\t\t<div class=\"elementor-column elementor-col-33 elementor-top-column elementor-element elementor-element-faa29cf\" data-id=\"faa29cf\" data-element_type=\"column\">\n\t\t\t<div class=\"elementor-widget-wrap elementor-element-populated\">\n\t\t\t\t\t\t<div class=\"elementor-element elementor-element-42502e8 elementor-widget elementor-widget-image\" data-id=\"42502e8\" data-element_type=\"widget\" data-widget_type=\"image.default\">\n\t\t\t\t<div class=\"elementor-widget-container\">\n\t\t\t\t\t\t\t\t\t\t<figure class=\"wp-caption\">\n\t\t\t\t\t\t\t\t\t\t\t<a href=\"https:\/\/balvanyos.org\/en\/varga-szilvia-en\/\">\n\t\t\t\t\t\t\t<img decoding=\"async\" width=\"885\" height=\"885\" src=\"https:\/\/balvanyos.org\/wp-content\/uploads\/2019\/05\/VSZ.jpg\" class=\"attachment-large size-large wp-image-7500\" alt=\"\" srcset=\"https:\/\/balvanyos.org\/wp-content\/uploads\/2019\/05\/VSZ.jpg 960w, https:\/\/balvanyos.org\/wp-content\/uploads\/2019\/05\/VSZ-150x150.jpg 150w, https:\/\/balvanyos.org\/wp-content\/uploads\/2019\/05\/VSZ-300x300.jpg 300w, https:\/\/balvanyos.org\/wp-content\/uploads\/2019\/05\/VSZ-768x768.jpg 768w, https:\/\/balvanyos.org\/wp-content\/uploads\/2019\/05\/VSZ-460x460.jpg 460w, https:\/\/balvanyos.org\/wp-content\/uploads\/2019\/05\/VSZ-560x560.jpg 560w, https:\/\/balvanyos.org\/wp-content\/uploads\/2019\/05\/VSZ-78x78.jpg 78w, https:\/\/balvanyos.org\/wp-content\/uploads\/2019\/05\/VSZ-260x260.jpg 260w, https:\/\/balvanyos.org\/wp-content\/uploads\/2019\/05\/VSZ-360x360.jpg 360w, https:\/\/balvanyos.org\/wp-content\/uploads\/2019\/05\/VSZ-400x400.jpg 400w, https:\/\/balvanyos.org\/wp-content\/uploads\/2019\/05\/VSZ-900x900.jpg 900w, https:\/\/balvanyos.org\/wp-content\/uploads\/2019\/05\/VSZ-675x675.jpg 675w, https:\/\/balvanyos.org\/wp-content\/uploads\/2019\/05\/VSZ-286x286.jpg 286w, https:\/\/balvanyos.org\/wp-content\/uploads\/2019\/05\/VSZ-450x450.jpg 450w\" sizes=\"(max-width: 885px) 100vw, 885px\" \/>\t\t\t\t\t\t\t\t<\/a>\n\t\t\t\t\t\t\t\t\t\t\t<figcaption class=\"widget-image-caption wp-caption-text\">Varga Szilvia, researcher<\/figcaption>\n\t\t\t\t\t\t\t\t\t\t<\/figure>\n\t\t\t\t\t\t\t<\/div>\n\t\t\t\t<\/div>\n\t\t\t\t\t<\/div>\n\t\t<\/div>\n\t\t\t\t\t<\/div>\n\t\t<\/section>\n\t\t\t\t<\/div>\n\t\t","protected":false},"excerpt":{"rendered":"<p>Tor\u00f3 Tibor, political scientist, research director of the Institute Keszeg Erika, researcher Varga Szilvia, researcher<\/p>\n","protected":false},"author":4,"featured_media":0,"parent":0,"menu_order":0,"comment_status":"closed","ping_status":"closed","template":"","meta":{"footnotes":""},"class_list":["post-8286","page","type-page","status-publish","hentry","no-thumb"],"yoast_head":"<!-- This site is optimized with the Yoast SEO plugin v26.8 - https:\/\/yoast.com\/product\/yoast-seo-wordpress\/ -->\n<title>Researchers - B\u00e1lv\u00e1nyos Institute<\/title>\n<meta name=\"robots\" content=\"index, follow, max-snippet:-1, max-image-preview:large, max-video-preview:-1\" \/>\n<link rel=\"canonical\" href=\"https:\/\/balvanyos.org\/en\/kutatok-en\/\" \/>\n<meta property=\"og:locale\" content=\"en_US\" \/>\n<meta property=\"og:type\" content=\"article\" \/>\n<meta property=\"og:title\" content=\"Researchers - B\u00e1lv\u00e1nyos Institute\" \/>\n<meta property=\"og:description\" content=\"Tor\u00f3 Tibor, political scientist, research director of the Institute Keszeg Erika, researcher Varga Szilvia, researcher\" \/>\n<meta property=\"og:url\" content=\"https:\/\/balvanyos.org\/en\/kutatok-en\/\" \/>\n<meta property=\"og:site_name\" content=\"B\u00e1lv\u00e1nyos Institute\" \/>\n<meta property=\"article:modified_time\" content=\"2020-07-16T08:28:56+00:00\" \/>\n<meta property=\"og:image\" content=\"https:\/\/balvanyos.org\/wp-content\/uploads\/2019\/04\/TT1-1024x1024.jpg\" \/>\n<meta name=\"twitter:card\" content=\"summary_large_image\" \/>\n<script type=\"application\/ld+json\" class=\"yoast-schema-graph\">{\"@context\":\"https:\/\/schema.org\",\"@graph\":[{\"@type\":\"WebPage\",\"@id\":\"https:\/\/balvanyos.org\/en\/kutatok-en\/\",\"url\":\"https:\/\/balvanyos.org\/en\/kutatok-en\/\",\"name\":\"Researchers - B\u00e1lv\u00e1nyos Institute\",\"isPartOf\":{\"@id\":\"https:\/\/balvanyos.org\/#website\"},\"primaryImageOfPage\":{\"@id\":\"https:\/\/balvanyos.org\/en\/kutatok-en\/#primaryimage\"},\"image\":{\"@id\":\"https:\/\/balvanyos.org\/en\/kutatok-en\/#primaryimage\"},\"thumbnailUrl\":\"https:\/\/balvanyos.org\/wp-content\/uploads\/2019\/04\/TT1-1024x1024.jpg\",\"datePublished\":\"2020-07-02T09:02:59+00:00\",\"dateModified\":\"2020-07-16T08:28:56+00:00\",\"breadcrumb\":{\"@id\":\"https:\/\/balvanyos.org\/en\/kutatok-en\/#breadcrumb\"},\"inLanguage\":\"en-US\",\"potentialAction\":[{\"@type\":\"ReadAction\",\"target\":[\"https:\/\/balvanyos.org\/en\/kutatok-en\/\"]}]},{\"@type\":\"ImageObject\",\"inLanguage\":\"en-US\",\"@id\":\"https:\/\/balvanyos.org\/en\/kutatok-en\/#primaryimage\",\"url\":\"https:\/\/balvanyos.org\/wp-content\/uploads\/2019\/04\/TT1-1024x1024.jpg\",\"contentUrl\":\"https:\/\/balvanyos.org\/wp-content\/uploads\/2019\/04\/TT1-1024x1024.jpg\"},{\"@type\":\"BreadcrumbList\",\"@id\":\"https:\/\/balvanyos.org\/en\/kutatok-en\/#breadcrumb\",\"itemListElement\":[{\"@type\":\"ListItem\",\"position\":1,\"name\":\"Home\",\"item\":\"https:\/\/balvanyos.org\/en\/\"},{\"@type\":\"ListItem\",\"position\":2,\"name\":\"Researchers\"}]},{\"@type\":\"WebSite\",\"@id\":\"https:\/\/balvanyos.org\/#website\",\"url\":\"https:\/\/balvanyos.org\/\",\"name\":\"B\u00e1lv\u00e1nyos Institute\",\"description\":\"Erd\u00e9lyi K\u00f6zszolg\u00e1lati Szabadegyetem\",\"publisher\":{\"@id\":\"https:\/\/balvanyos.org\/#organization\"},\"potentialAction\":[{\"@type\":\"SearchAction\",\"target\":{\"@type\":\"EntryPoint\",\"urlTemplate\":\"https:\/\/balvanyos.org\/?s={search_term_string}\"},\"query-input\":{\"@type\":\"PropertyValueSpecification\",\"valueRequired\":true,\"valueName\":\"search_term_string\"}}],\"inLanguage\":\"en-US\"},{\"@type\":\"Organization\",\"@id\":\"https:\/\/balvanyos.org\/#organization\",\"name\":\"Institutul B\u00e1lv\u00e1nyos\",\"url\":\"https:\/\/balvanyos.org\/\",\"logo\":{\"@type\":\"ImageObject\",\"inLanguage\":\"en-US\",\"@id\":\"https:\/\/balvanyos.org\/#\/schema\/logo\/image\/\",\"url\":\"https:\/\/balvanyos.org\/wp-content\/uploads\/2019\/03\/BI_celja_pic.jpg\",\"contentUrl\":\"https:\/\/balvanyos.org\/wp-content\/uploads\/2019\/03\/BI_celja_pic.jpg\",\"width\":1300,\"height\":900,\"caption\":\"Institutul B\u00e1lv\u00e1nyos\"},\"image\":{\"@id\":\"https:\/\/balvanyos.org\/#\/schema\/logo\/image\/\"}}]}<\/script>\n<!-- \/ Yoast SEO plugin. -->","yoast_head_json":{"title":"Researchers - B\u00e1lv\u00e1nyos Institute","robots":{"index":"index","follow":"follow","max-snippet":"max-snippet:-1","max-image-preview":"max-image-preview:large","max-video-preview":"max-video-preview:-1"},"canonical":"https:\/\/balvanyos.org\/en\/kutatok-en\/","og_locale":"en_US","og_type":"article","og_title":"Researchers - B\u00e1lv\u00e1nyos Institute","og_description":"Tor\u00f3 Tibor, political scientist, research director of the Institute Keszeg Erika, researcher Varga Szilvia, researcher","og_url":"https:\/\/balvanyos.org\/en\/kutatok-en\/","og_site_name":"B\u00e1lv\u00e1nyos Institute","article_modified_time":"2020-07-16T08:28:56+00:00","og_image":[{"url":"https:\/\/balvanyos.org\/wp-content\/uploads\/2019\/04\/TT1-1024x1024.jpg","type":"","width":"","height":""}],"twitter_card":"summary_large_image","schema":{"@context":"https:\/\/schema.org","@graph":[{"@type":"WebPage","@id":"https:\/\/balvanyos.org\/en\/kutatok-en\/","url":"https:\/\/balvanyos.org\/en\/kutatok-en\/","name":"Researchers - B\u00e1lv\u00e1nyos Institute","isPartOf":{"@id":"https:\/\/balvanyos.org\/#website"},"primaryImageOfPage":{"@id":"https:\/\/balvanyos.org\/en\/kutatok-en\/#primaryimage"},"image":{"@id":"https:\/\/balvanyos.org\/en\/kutatok-en\/#primaryimage"},"thumbnailUrl":"https:\/\/balvanyos.org\/wp-content\/uploads\/2019\/04\/TT1-1024x1024.jpg","datePublished":"2020-07-02T09:02:59+00:00","dateModified":"2020-07-16T08:28:56+00:00","breadcrumb":{"@id":"https:\/\/balvanyos.org\/en\/kutatok-en\/#breadcrumb"},"inLanguage":"en-US","potentialAction":[{"@type":"ReadAction","target":["https:\/\/balvanyos.org\/en\/kutatok-en\/"]}]},{"@type":"ImageObject","inLanguage":"en-US","@id":"https:\/\/balvanyos.org\/en\/kutatok-en\/#primaryimage","url":"https:\/\/balvanyos.org\/wp-content\/uploads\/2019\/04\/TT1-1024x1024.jpg","contentUrl":"https:\/\/balvanyos.org\/wp-content\/uploads\/2019\/04\/TT1-1024x1024.jpg"},{"@type":"BreadcrumbList","@id":"https:\/\/balvanyos.org\/en\/kutatok-en\/#breadcrumb","itemListElement":[{"@type":"ListItem","position":1,"name":"Home","item":"https:\/\/balvanyos.org\/en\/"},{"@type":"ListItem","position":2,"name":"Researchers"}]},{"@type":"WebSite","@id":"https:\/\/balvanyos.org\/#website","url":"https:\/\/balvanyos.org\/","name":"B\u00e1lv\u00e1nyos Institute","description":"Erd\u00e9lyi K\u00f6zszolg\u00e1lati Szabadegyetem","publisher":{"@id":"https:\/\/balvanyos.org\/#organization"},"potentialAction":[{"@type":"SearchAction","target":{"@type":"EntryPoint","urlTemplate":"https:\/\/balvanyos.org\/?s={search_term_string}"},"query-input":{"@type":"PropertyValueSpecification","valueRequired":true,"valueName":"search_term_string"}}],"inLanguage":"en-US"},{"@type":"Organization","@id":"https:\/\/balvanyos.org\/#organization","name":"Institutul B\u00e1lv\u00e1nyos","url":"https:\/\/balvanyos.org\/","logo":{"@type":"ImageObject","inLanguage":"en-US","@id":"https:\/\/balvanyos.org\/#\/schema\/logo\/image\/","url":"https:\/\/balvanyos.org\/wp-content\/uploads\/2019\/03\/BI_celja_pic.jpg","contentUrl":"https:\/\/balvanyos.org\/wp-content\/uploads\/2019\/03\/BI_celja_pic.jpg","width":1300,"height":900,"caption":"Institutul B\u00e1lv\u00e1nyos"},"image":{"@id":"https:\/\/balvanyos.org\/#\/schema\/logo\/image\/"}}]}},"_links":{"self":[{"href":"https:\/\/balvanyos.org\/en\/wp-json\/wp\/v2\/pages\/8286","targetHints":{"allow":["GET"]}}],"collection":[{"href":"https:\/\/balvanyos.org\/en\/wp-json\/wp\/v2\/pages"}],"about":[{"href":"https:\/\/balvanyos.org\/en\/wp-json\/wp\/v2\/types\/page"}],"author":[{"embeddable":true,"href":"https:\/\/balvanyos.org\/en\/wp-json\/wp\/v2\/users\/4"}],"replies":[{"embeddable":true,"href":"https:\/\/balvanyos.org\/en\/wp-json\/wp\/v2\/comments?post=8286"}],"version-history":[{"count":4,"href":"https:\/\/balvanyos.org\/en\/wp-json\/wp\/v2\/pages\/8286\/revisions"}],"predecessor-version":[{"id":8458,"href":"https:\/\/balvanyos.org\/en\/wp-json\/wp\/v2\/pages\/8286\/revisions\/8458"}],"wp:attachment":[{"href":"https:\/\/balvanyos.org\/en\/wp-json\/wp\/v2\/media?parent=8286"}],"curies":[{"name":"wp","href":"https:\/\/api.w.org\/{rel}","templated":true}]}}