{"id":8284,"date":"2020-07-02T09:02:45","date_gmt":"2020-07-02T09:02:45","guid":{"rendered":"https:\/\/balvanyos.org\/kutatasaink-en\/"},"modified":"2020-08-21T08:07:21","modified_gmt":"2020-08-21T08:07:21","slug":"kutatasaink-en","status":"publish","type":"page","link":"https:\/\/balvanyos.org\/en\/kutatasaink-en\/","title":{"rendered":"Research"},"content":{"rendered":"\t\t<div data-elementor-type=\"wp-post\" data-elementor-id=\"8284\" class=\"elementor elementor-8284 elementor-7054 elementor-bc-flex-widget\">\n\t\t\t\t\t\t<section class=\"elementor-section elementor-top-section elementor-element elementor-element-ee7216b elementor-section-boxed elementor-section-height-default elementor-section-height-default\" data-id=\"ee7216b\" data-element_type=\"section\" data-settings=\"{&quot;jet_parallax_layout_list&quot;:[{&quot;jet_parallax_layout_image&quot;:{&quot;url&quot;:&quot;&quot;,&quot;id&quot;:&quot;&quot;,&quot;size&quot;:&quot;&quot;},&quot;_id&quot;:&quot;c6dac0a&quot;,&quot;jet_parallax_layout_speed&quot;:{&quot;unit&quot;:&quot;%&quot;,&quot;size&quot;:50,&quot;sizes&quot;:[]},&quot;jet_parallax_layout_type&quot;:&quot;scroll&quot;,&quot;jet_parallax_layout_z_index&quot;:&quot;&quot;,&quot;jet_parallax_layout_bg_x&quot;:50,&quot;jet_parallax_layout_bg_y&quot;:50,&quot;jet_parallax_layout_bg_size&quot;:&quot;auto&quot;,&quot;jet_parallax_layout_animation_prop&quot;:&quot;transform&quot;,&quot;jet_parallax_layout_on&quot;:[&quot;desktop&quot;,&quot;tablet&quot;],&quot;jet_parallax_layout_image_tablet&quot;:{&quot;url&quot;:&quot;&quot;,&quot;id&quot;:&quot;&quot;,&quot;size&quot;:&quot;&quot;},&quot;jet_parallax_layout_image_mobile&quot;:{&quot;url&quot;:&quot;&quot;,&quot;id&quot;:&quot;&quot;,&quot;size&quot;:&quot;&quot;},&quot;jet_parallax_layout_direction&quot;:null,&quot;jet_parallax_layout_fx_direction&quot;:null,&quot;jet_parallax_layout_bg_x_tablet&quot;:&quot;&quot;,&quot;jet_parallax_layout_bg_x_mobile&quot;:&quot;&quot;,&quot;jet_parallax_layout_bg_y_tablet&quot;:&quot;&quot;,&quot;jet_parallax_layout_bg_y_mobile&quot;:&quot;&quot;,&quot;jet_parallax_layout_bg_size_tablet&quot;:&quot;&quot;,&quot;jet_parallax_layout_bg_size_mobile&quot;:&quot;&quot;}]}\">\n\t\t\t\t\t\t<div class=\"elementor-container elementor-column-gap-default\">\n\t\t\t\t\t<div class=\"elementor-column elementor-col-100 elementor-top-column elementor-element elementor-element-a25cce4\" data-id=\"a25cce4\" data-element_type=\"column\">\n\t\t\t<div class=\"elementor-widget-wrap elementor-element-populated\">\n\t\t\t\t\t\t<div class=\"elementor-element elementor-element-c9881a9 elementor-invisible elementor-widget elementor-widget-heading\" data-id=\"c9881a9\" data-element_type=\"widget\" data-settings=\"{&quot;_animation&quot;:&quot;fadeInDown&quot;}\" data-widget_type=\"heading.default\">\n\t\t\t\t<div class=\"elementor-widget-container\">\n\t\t\t<h2 class=\"elementor-heading-title elementor-size-default\">Research<\/h2>\t\t<\/div>\n\t\t\t\t<\/div>\n\t\t\t\t<div class=\"elementor-element elementor-element-3b24630 elementor-widget elementor-widget-wp-widget-digitallium-widget-taxonomy-tiles\" data-id=\"3b24630\" data-element_type=\"widget\" data-widget_type=\"wp-widget-digitallium-widget-taxonomy-tiles.default\">\n\t\t\t\t<div class=\"elementor-widget-container\">\n\t\t\t<div class=\"row grid grid-columns columns-number-3 tiles-layout-2\"><div class=\"widget-taxonomy-tiles__holder invert grid-item col-xs-12 col-sm-6 col-md-4 col-lg-4 col-xl-4 term-102\">\n\t<figure class=\"widget-taxonomy-tiles__inner\">\n\t\t<a href=\"https:\/\/balvanyos.org\/en\/category\/research\/decentralization-and-regionalization\/\"><img fetchpriority=\"high\" decoding=\"async\" class=\"term-img\" src=\"https:\/\/balvanyos.org\/wp-content\/uploads\/2019\/01\/ball-shaped-cartography-continent-kicsi-760x571.jpg\" alt=\"Decentralization and regionalization\" width=\"760\" height=\"571\" ><\/a>\n\t\t<figcaption class=\"widget-taxonomy-tiles__content\">\n\t\t\t<div class=\"widget-taxonomy-tiles__row\">\n\t\t\t\t<h6 class=\"widget-taxonomy-tiles__title\"><a href=\"https:\/\/balvanyos.org\/en\/category\/research\/decentralization-and-regionalization\/\" title=\"Decentralization and regionalization\">Decentralization and regionalization<\/a><\/h6>\t\t\t\t<span class=\"widget-taxonomy-tiles__post-count\">3 posts<\/span>\t\t\t<\/div>\n\n\t\t\t<div class=\"widget-taxonomy-tiles__row widget-taxonomy-tiles__hidden-content\">\n\t\t\t\t\n\t\t\t\t<a href=\"https:\/\/balvanyos.org\/en\/category\/research\/decentralization-and-regionalization\/\" class=\"widget-taxonomy-tiles__permalink\"><i class=\"nc-icon-mini arrows-1_simple-right\"><\/i><\/a>\n\t\t\t<\/div>\n\t\t<\/figcaption>\n\t<\/figure>\n<\/div>\n<div class=\"widget-taxonomy-tiles__holder invert grid-item col-xs-12 col-sm-6 col-md-4 col-lg-4 col-xl-4 term-108\">\n\t<figure class=\"widget-taxonomy-tiles__inner\">\n\t\t<a href=\"https:\/\/balvanyos.org\/en\/category\/research\/educational-policy\/\"><img decoding=\"async\" class=\"term-img\" src=\"https:\/\/balvanyos.org\/wp-content\/uploads\/2019\/01\/academy-accomplishment-celebrate-kicsi-760x571.jpg\" alt=\"Educational policy\" width=\"760\" height=\"571\" ><\/a>\n\t\t<figcaption class=\"widget-taxonomy-tiles__content\">\n\t\t\t<div class=\"widget-taxonomy-tiles__row\">\n\t\t\t\t<h6 class=\"widget-taxonomy-tiles__title\"><a href=\"https:\/\/balvanyos.org\/en\/category\/research\/educational-policy\/\" title=\"Educational policy\">Educational policy<\/a><\/h6>\t\t\t\t<span class=\"widget-taxonomy-tiles__post-count\">4 posts<\/span>\t\t\t<\/div>\n\n\t\t\t<div class=\"widget-taxonomy-tiles__row widget-taxonomy-tiles__hidden-content\">\n\t\t\t\t\n\t\t\t\t<a href=\"https:\/\/balvanyos.org\/en\/category\/research\/educational-policy\/\" class=\"widget-taxonomy-tiles__permalink\"><i class=\"nc-icon-mini arrows-1_simple-right\"><\/i><\/a>\n\t\t\t<\/div>\n\t\t<\/figcaption>\n\t<\/figure>\n<\/div>\n<div class=\"widget-taxonomy-tiles__holder invert grid-item col-xs-12 col-sm-6 col-md-4 col-lg-4 col-xl-4 term-113\">\n\t<figure class=\"widget-taxonomy-tiles__inner\">\n\t\t<a href=\"https:\/\/balvanyos.org\/en\/category\/research\/hungarian-diasporas\/\"><img decoding=\"async\" class=\"term-img\" src=\"https:\/\/balvanyos.org\/wp-content\/uploads\/2019\/02\/erdely-etnikaiterkepe-760x571.jpg\" alt=\"Hungarian diasporas\" width=\"760\" height=\"571\" ><\/a>\n\t\t<figcaption class=\"widget-taxonomy-tiles__content\">\n\t\t\t<div class=\"widget-taxonomy-tiles__row\">\n\t\t\t\t<h6 class=\"widget-taxonomy-tiles__title\"><a href=\"https:\/\/balvanyos.org\/en\/category\/research\/hungarian-diasporas\/\" title=\"Hungarian diasporas\">Hungarian diasporas<\/a><\/h6>\t\t\t\t<span class=\"widget-taxonomy-tiles__post-count\">0 posts<\/span>\t\t\t<\/div>\n\n\t\t\t<div class=\"widget-taxonomy-tiles__row widget-taxonomy-tiles__hidden-content\">\n\t\t\t\t\n\t\t\t\t<a href=\"https:\/\/balvanyos.org\/en\/category\/research\/hungarian-diasporas\/\" class=\"widget-taxonomy-tiles__permalink\"><i class=\"nc-icon-mini arrows-1_simple-right\"><\/i><\/a>\n\t\t\t<\/div>\n\t\t<\/figcaption>\n\t<\/figure>\n<\/div>\n<div class=\"widget-taxonomy-tiles__holder invert grid-item col-xs-12 col-sm-6 col-md-4 col-lg-4 col-xl-4 term-110\">\n\t<figure class=\"widget-taxonomy-tiles__inner\">\n\t\t<a href=\"https:\/\/balvanyos.org\/en\/category\/research\/hungarian-romanian-relationship\/\"><img loading=\"lazy\" decoding=\"async\" class=\"term-img\" src=\"https:\/\/balvanyos.org\/wp-content\/uploads\/2019\/01\/images_kicsi-760x571.jpg\" alt=\"Hungarian-Romanian relationship\" width=\"760\" height=\"571\" ><\/a>\n\t\t<figcaption class=\"widget-taxonomy-tiles__content\">\n\t\t\t<div class=\"widget-taxonomy-tiles__row\">\n\t\t\t\t<h6 class=\"widget-taxonomy-tiles__title\"><a href=\"https:\/\/balvanyos.org\/en\/category\/research\/hungarian-romanian-relationship\/\" title=\"Hungarian-Romanian relationship\">Hungarian-Romanian relationship<\/a><\/h6>\t\t\t\t<span class=\"widget-taxonomy-tiles__post-count\">4 posts<\/span>\t\t\t<\/div>\n\n\t\t\t<div class=\"widget-taxonomy-tiles__row widget-taxonomy-tiles__hidden-content\">\n\t\t\t\t\n\t\t\t\t<a href=\"https:\/\/balvanyos.org\/en\/category\/research\/hungarian-romanian-relationship\/\" class=\"widget-taxonomy-tiles__permalink\"><i class=\"nc-icon-mini arrows-1_simple-right\"><\/i><\/a>\n\t\t\t<\/div>\n\t\t<\/figcaption>\n\t<\/figure>\n<\/div>\n<div class=\"widget-taxonomy-tiles__holder invert grid-item col-xs-12 col-sm-6 col-md-4 col-lg-4 col-xl-4 term-106\">\n\t<figure class=\"widget-taxonomy-tiles__inner\">\n\t\t<a href=\"https:\/\/balvanyos.org\/en\/category\/research\/language-policy\/\"><img loading=\"lazy\" decoding=\"async\" class=\"term-img\" src=\"https:\/\/balvanyos.org\/wp-content\/uploads\/2019\/01\/iStock-478438526-760x571.jpg\" alt=\"Language policy\" width=\"760\" height=\"571\" ><\/a>\n\t\t<figcaption class=\"widget-taxonomy-tiles__content\">\n\t\t\t<div class=\"widget-taxonomy-tiles__row\">\n\t\t\t\t<h6 class=\"widget-taxonomy-tiles__title\"><a href=\"https:\/\/balvanyos.org\/en\/category\/research\/language-policy\/\" title=\"Language policy\">Language policy<\/a><\/h6>\t\t\t\t<span class=\"widget-taxonomy-tiles__post-count\">5 posts<\/span>\t\t\t<\/div>\n\n\t\t\t<div class=\"widget-taxonomy-tiles__row widget-taxonomy-tiles__hidden-content\">\n\t\t\t\t\n\t\t\t\t<a href=\"https:\/\/balvanyos.org\/en\/category\/research\/language-policy\/\" class=\"widget-taxonomy-tiles__permalink\"><i class=\"nc-icon-mini arrows-1_simple-right\"><\/i><\/a>\n\t\t\t<\/div>\n\t\t<\/figcaption>\n\t<\/figure>\n<\/div>\n<\/div>\t\t<\/div>\n\t\t\t\t<\/div>\n\t\t\t\t\t<\/div>\n\t\t<\/div>\n\t\t\t\t\t<\/div>\n\t\t<\/section>\n\t\t\t\t<\/div>\n\t\t","protected":false},"excerpt":{"rendered":"<p>Research<\/p>\n","protected":false},"author":4,"featured_media":0,"parent":0,"menu_order":0,"comment_status":"closed","ping_status":"closed","template":"","meta":{"footnotes":""},"class_list":["post-8284","page","type-page","status-publish","hentry","no-thumb"],"yoast_head":"<!-- This site is optimized with the Yoast SEO plugin v26.8 - https:\/\/yoast.com\/product\/yoast-seo-wordpress\/ -->\n<title>Research - B\u00e1lv\u00e1nyos Institute<\/title>\n<meta name=\"robots\" content=\"index, follow, max-snippet:-1, max-image-preview:large, max-video-preview:-1\" \/>\n<link rel=\"canonical\" href=\"https:\/\/balvanyos.org\/en\/kutatasaink-en\/\" \/>\n<meta property=\"og:locale\" content=\"en_US\" \/>\n<meta property=\"og:type\" content=\"article\" \/>\n<meta property=\"og:title\" content=\"Research - B\u00e1lv\u00e1nyos Institute\" \/>\n<meta property=\"og:description\" content=\"Research\" \/>\n<meta property=\"og:url\" content=\"https:\/\/balvanyos.org\/en\/kutatasaink-en\/\" \/>\n<meta property=\"og:site_name\" content=\"B\u00e1lv\u00e1nyos Institute\" \/>\n<meta property=\"article:modified_time\" content=\"2020-08-21T08:07:21+00:00\" \/>\n<meta name=\"twitter:card\" content=\"summary_large_image\" \/>\n<script type=\"application\/ld+json\" class=\"yoast-schema-graph\">{\"@context\":\"https:\/\/schema.org\",\"@graph\":[{\"@type\":\"WebPage\",\"@id\":\"https:\/\/balvanyos.org\/en\/kutatasaink-en\/\",\"url\":\"https:\/\/balvanyos.org\/en\/kutatasaink-en\/\",\"name\":\"Research - B\u00e1lv\u00e1nyos Institute\",\"isPartOf\":{\"@id\":\"https:\/\/balvanyos.org\/#website\"},\"datePublished\":\"2020-07-02T09:02:45+00:00\",\"dateModified\":\"2020-08-21T08:07:21+00:00\",\"breadcrumb\":{\"@id\":\"https:\/\/balvanyos.org\/en\/kutatasaink-en\/#breadcrumb\"},\"inLanguage\":\"en-US\",\"potentialAction\":[{\"@type\":\"ReadAction\",\"target\":[\"https:\/\/balvanyos.org\/en\/kutatasaink-en\/\"]}]},{\"@type\":\"BreadcrumbList\",\"@id\":\"https:\/\/balvanyos.org\/en\/kutatasaink-en\/#breadcrumb\",\"itemListElement\":[{\"@type\":\"ListItem\",\"position\":1,\"name\":\"Home\",\"item\":\"https:\/\/balvanyos.org\/en\/\"},{\"@type\":\"ListItem\",\"position\":2,\"name\":\"Research\"}]},{\"@type\":\"WebSite\",\"@id\":\"https:\/\/balvanyos.org\/#website\",\"url\":\"https:\/\/balvanyos.org\/\",\"name\":\"B\u00e1lv\u00e1nyos Institute\",\"description\":\"Erd\u00e9lyi K\u00f6zszolg\u00e1lati Szabadegyetem\",\"publisher\":{\"@id\":\"https:\/\/balvanyos.org\/#organization\"},\"potentialAction\":[{\"@type\":\"SearchAction\",\"target\":{\"@type\":\"EntryPoint\",\"urlTemplate\":\"https:\/\/balvanyos.org\/?s={search_term_string}\"},\"query-input\":{\"@type\":\"PropertyValueSpecification\",\"valueRequired\":true,\"valueName\":\"search_term_string\"}}],\"inLanguage\":\"en-US\"},{\"@type\":\"Organization\",\"@id\":\"https:\/\/balvanyos.org\/#organization\",\"name\":\"Institutul B\u00e1lv\u00e1nyos\",\"url\":\"https:\/\/balvanyos.org\/\",\"logo\":{\"@type\":\"ImageObject\",\"inLanguage\":\"en-US\",\"@id\":\"https:\/\/balvanyos.org\/#\/schema\/logo\/image\/\",\"url\":\"https:\/\/balvanyos.org\/wp-content\/uploads\/2019\/03\/BI_celja_pic.jpg\",\"contentUrl\":\"https:\/\/balvanyos.org\/wp-content\/uploads\/2019\/03\/BI_celja_pic.jpg\",\"width\":1300,\"height\":900,\"caption\":\"Institutul B\u00e1lv\u00e1nyos\"},\"image\":{\"@id\":\"https:\/\/balvanyos.org\/#\/schema\/logo\/image\/\"}}]}<\/script>\n<!-- \/ Yoast SEO plugin. -->","yoast_head_json":{"title":"Research - B\u00e1lv\u00e1nyos Institute","robots":{"index":"index","follow":"follow","max-snippet":"max-snippet:-1","max-image-preview":"max-image-preview:large","max-video-preview":"max-video-preview:-1"},"canonical":"https:\/\/balvanyos.org\/en\/kutatasaink-en\/","og_locale":"en_US","og_type":"article","og_title":"Research - B\u00e1lv\u00e1nyos Institute","og_description":"Research","og_url":"https:\/\/balvanyos.org\/en\/kutatasaink-en\/","og_site_name":"B\u00e1lv\u00e1nyos Institute","article_modified_time":"2020-08-21T08:07:21+00:00","twitter_card":"summary_large_image","schema":{"@context":"https:\/\/schema.org","@graph":[{"@type":"WebPage","@id":"https:\/\/balvanyos.org\/en\/kutatasaink-en\/","url":"https:\/\/balvanyos.org\/en\/kutatasaink-en\/","name":"Research - B\u00e1lv\u00e1nyos Institute","isPartOf":{"@id":"https:\/\/balvanyos.org\/#website"},"datePublished":"2020-07-02T09:02:45+00:00","dateModified":"2020-08-21T08:07:21+00:00","breadcrumb":{"@id":"https:\/\/balvanyos.org\/en\/kutatasaink-en\/#breadcrumb"},"inLanguage":"en-US","potentialAction":[{"@type":"ReadAction","target":["https:\/\/balvanyos.org\/en\/kutatasaink-en\/"]}]},{"@type":"BreadcrumbList","@id":"https:\/\/balvanyos.org\/en\/kutatasaink-en\/#breadcrumb","itemListElement":[{"@type":"ListItem","position":1,"name":"Home","item":"https:\/\/balvanyos.org\/en\/"},{"@type":"ListItem","position":2,"name":"Research"}]},{"@type":"WebSite","@id":"https:\/\/balvanyos.org\/#website","url":"https:\/\/balvanyos.org\/","name":"B\u00e1lv\u00e1nyos Institute","description":"Erd\u00e9lyi K\u00f6zszolg\u00e1lati Szabadegyetem","publisher":{"@id":"https:\/\/balvanyos.org\/#organization"},"potentialAction":[{"@type":"SearchAction","target":{"@type":"EntryPoint","urlTemplate":"https:\/\/balvanyos.org\/?s={search_term_string}"},"query-input":{"@type":"PropertyValueSpecification","valueRequired":true,"valueName":"search_term_string"}}],"inLanguage":"en-US"},{"@type":"Organization","@id":"https:\/\/balvanyos.org\/#organization","name":"Institutul B\u00e1lv\u00e1nyos","url":"https:\/\/balvanyos.org\/","logo":{"@type":"ImageObject","inLanguage":"en-US","@id":"https:\/\/balvanyos.org\/#\/schema\/logo\/image\/","url":"https:\/\/balvanyos.org\/wp-content\/uploads\/2019\/03\/BI_celja_pic.jpg","contentUrl":"https:\/\/balvanyos.org\/wp-content\/uploads\/2019\/03\/BI_celja_pic.jpg","width":1300,"height":900,"caption":"Institutul B\u00e1lv\u00e1nyos"},"image":{"@id":"https:\/\/balvanyos.org\/#\/schema\/logo\/image\/"}}]}},"_links":{"self":[{"href":"https:\/\/balvanyos.org\/en\/wp-json\/wp\/v2\/pages\/8284","targetHints":{"allow":["GET"]}}],"collection":[{"href":"https:\/\/balvanyos.org\/en\/wp-json\/wp\/v2\/pages"}],"about":[{"href":"https:\/\/balvanyos.org\/en\/wp-json\/wp\/v2\/types\/page"}],"author":[{"embeddable":true,"href":"https:\/\/balvanyos.org\/en\/wp-json\/wp\/v2\/users\/4"}],"replies":[{"embeddable":true,"href":"https:\/\/balvanyos.org\/en\/wp-json\/wp\/v2\/comments?post=8284"}],"version-history":[{"count":3,"href":"https:\/\/balvanyos.org\/en\/wp-json\/wp\/v2\/pages\/8284\/revisions"}],"predecessor-version":[{"id":8630,"href":"https:\/\/balvanyos.org\/en\/wp-json\/wp\/v2\/pages\/8284\/revisions\/8630"}],"wp:attachment":[{"href":"https:\/\/balvanyos.org\/en\/wp-json\/wp\/v2\/media?parent=8284"}],"curies":[{"name":"wp","href":"https:\/\/api.w.org\/{rel}","templated":true}]}}