{"id":8281,"date":"2020-07-02T09:02:25","date_gmt":"2020-07-02T09:02:25","guid":{"rendered":"https:\/\/balvanyos.org\/kivandorlas-migracio-en\/"},"modified":"2020-09-02T12:21:19","modified_gmt":"2020-09-02T12:21:19","slug":"emigration-migration","status":"publish","type":"page","link":"https:\/\/balvanyos.org\/en\/emigration-migration\/","title":{"rendered":"Emigration and migration"},"content":{"rendered":"\t\t<div data-elementor-type=\"wp-page\" data-elementor-id=\"8281\" class=\"elementor elementor-8281 elementor-8192\">\n\t\t\t\t\t\t<section class=\"elementor-section elementor-top-section elementor-element elementor-element-123dd71a elementor-section-boxed elementor-section-height-default elementor-section-height-default\" data-id=\"123dd71a\" data-element_type=\"section\" data-settings=\"{&quot;jet_parallax_layout_list&quot;:[{&quot;jet_parallax_layout_image&quot;:{&quot;url&quot;:&quot;&quot;,&quot;id&quot;:&quot;&quot;,&quot;size&quot;:&quot;&quot;},&quot;_id&quot;:&quot;9f3374a&quot;,&quot;jet_parallax_layout_image_tablet&quot;:{&quot;url&quot;:&quot;&quot;,&quot;id&quot;:&quot;&quot;,&quot;size&quot;:&quot;&quot;},&quot;jet_parallax_layout_image_mobile&quot;:{&quot;url&quot;:&quot;&quot;,&quot;id&quot;:&quot;&quot;,&quot;size&quot;:&quot;&quot;},&quot;jet_parallax_layout_speed&quot;:{&quot;unit&quot;:&quot;%&quot;,&quot;size&quot;:50,&quot;sizes&quot;:[]},&quot;jet_parallax_layout_type&quot;:&quot;scroll&quot;,&quot;jet_parallax_layout_direction&quot;:null,&quot;jet_parallax_layout_fx_direction&quot;:null,&quot;jet_parallax_layout_z_index&quot;:&quot;&quot;,&quot;jet_parallax_layout_bg_x&quot;:50,&quot;jet_parallax_layout_bg_y&quot;:50,&quot;jet_parallax_layout_bg_size&quot;:&quot;auto&quot;,&quot;jet_parallax_layout_animation_prop&quot;:&quot;transform&quot;,&quot;jet_parallax_layout_on&quot;:[&quot;desktop&quot;,&quot;tablet&quot;],&quot;jet_parallax_layout_bg_x_tablet&quot;:&quot;&quot;,&quot;jet_parallax_layout_bg_x_mobile&quot;:&quot;&quot;,&quot;jet_parallax_layout_bg_y_tablet&quot;:&quot;&quot;,&quot;jet_parallax_layout_bg_y_mobile&quot;:&quot;&quot;,&quot;jet_parallax_layout_bg_size_tablet&quot;:&quot;&quot;,&quot;jet_parallax_layout_bg_size_mobile&quot;:&quot;&quot;}]}\">\n\t\t\t\t\t\t<div class=\"elementor-container elementor-column-gap-default\">\n\t\t\t\t\t<div class=\"elementor-column elementor-col-100 elementor-top-column elementor-element elementor-element-66c9eb06\" data-id=\"66c9eb06\" data-element_type=\"column\">\n\t\t\t<div class=\"elementor-widget-wrap elementor-element-populated\">\n\t\t\t\t\t\t<div class=\"elementor-element elementor-element-79451cb0 elementor-widget elementor-widget-text-editor\" data-id=\"79451cb0\" data-element_type=\"widget\" data-widget_type=\"text-editor.default\">\n\t\t\t\t<div class=\"elementor-widget-container\">\n\t\t\t\t\t\t\t<p>After Romania joined the European Union in 2007, economic migration reached a new meaning. Researches in the past years reveal that many people (among them Hungarians form Transylvania as well) choose Western European countries as destination. By understanding these new migration dynamics new layers can be added to the future of Hungarians in Transylvania, too.<\/p>\n<p>At the same time, radical changes can be observed concerning domestic mobility as well. In the \u201870s and \u201880s Timisoara was an important educational destination for students from the Sz\u00e9kely Land, but in the mid-2000s this seems to come to an end, students choosing to study rather on the axis Oradea \u2013 Cluj \u2013 Tg. Mure\u015f, many of them settling in these cities after concluding their studies.<\/p>\n<p>Objective research of domestic and external mobility is highly important in order to construct viable public policy regarding Transylvanian Hungarians and the development of the Szeklerland region.<\/p>\n\t\t\t\t\t\t<\/div>\n\t\t\t\t<\/div>\n\t\t\t\t\t<\/div>\n\t\t<\/div>\n\t\t\t\t\t<\/div>\n\t\t<\/section>\n\t\t\t\t<section class=\"elementor-section elementor-top-section elementor-element elementor-element-488062d elementor-section-boxed elementor-section-height-default elementor-section-height-default\" data-id=\"488062d\" data-element_type=\"section\" data-settings=\"{&quot;jet_parallax_layout_list&quot;:[{&quot;jet_parallax_layout_image&quot;:{&quot;url&quot;:&quot;&quot;,&quot;id&quot;:&quot;&quot;,&quot;size&quot;:&quot;&quot;},&quot;_id&quot;:&quot;7ae5ac0&quot;,&quot;jet_parallax_layout_image_tablet&quot;:{&quot;url&quot;:&quot;&quot;,&quot;id&quot;:&quot;&quot;,&quot;size&quot;:&quot;&quot;},&quot;jet_parallax_layout_image_mobile&quot;:{&quot;url&quot;:&quot;&quot;,&quot;id&quot;:&quot;&quot;,&quot;size&quot;:&quot;&quot;},&quot;jet_parallax_layout_speed&quot;:{&quot;unit&quot;:&quot;%&quot;,&quot;size&quot;:50,&quot;sizes&quot;:[]},&quot;jet_parallax_layout_type&quot;:&quot;scroll&quot;,&quot;jet_parallax_layout_direction&quot;:null,&quot;jet_parallax_layout_fx_direction&quot;:null,&quot;jet_parallax_layout_z_index&quot;:&quot;&quot;,&quot;jet_parallax_layout_bg_x&quot;:50,&quot;jet_parallax_layout_bg_y&quot;:50,&quot;jet_parallax_layout_bg_size&quot;:&quot;auto&quot;,&quot;jet_parallax_layout_animation_prop&quot;:&quot;transform&quot;,&quot;jet_parallax_layout_on&quot;:[&quot;desktop&quot;,&quot;tablet&quot;],&quot;jet_parallax_layout_bg_x_tablet&quot;:&quot;&quot;,&quot;jet_parallax_layout_bg_x_mobile&quot;:&quot;&quot;,&quot;jet_parallax_layout_bg_y_tablet&quot;:&quot;&quot;,&quot;jet_parallax_layout_bg_y_mobile&quot;:&quot;&quot;,&quot;jet_parallax_layout_bg_size_tablet&quot;:&quot;&quot;,&quot;jet_parallax_layout_bg_size_mobile&quot;:&quot;&quot;}]}\">\n\t\t\t\t\t\t<div class=\"elementor-container elementor-column-gap-default\">\n\t\t\t\t\t<div class=\"elementor-column elementor-col-100 elementor-top-column elementor-element elementor-element-8785276\" data-id=\"8785276\" data-element_type=\"column\">\n\t\t\t<div class=\"elementor-widget-wrap elementor-element-populated\">\n\t\t\t\t\t\t<div class=\"elementor-element elementor-element-d6ea1cd elementor-widget elementor-widget-wp-widget-widget-custom-posts\" data-id=\"d6ea1cd\" data-element_type=\"widget\" data-widget_type=\"wp-widget-widget-custom-posts.default\">\n\t\t\t\t<div class=\"elementor-widget-container\">\n\t\t\t<h5>Kiv\u00e1ndorl\u00e1s, migr\u00e1ci\u00f3<\/h5><div class=\"custom-posts__holder row\" ><div class=\"custom-posts__item post col-xs-12 col-sm-6 col-md-6 col-lg-3 col-xl-3\">\n\t<div class=\"post-inner\">\n\t\t<div class=\"post-thumbnail\">\n\t\t\t<a href=\"https:\/\/balvanyos.org\/en\/transylvanian-hungarians-in-the-world-2020\/\" class=\"post-thumbnail__link\"><img decoding=\"async\" class=\"post-thumbnail__img\" src=\"https:\/\/balvanyos.org\/wp-content\/uploads\/2020\/06\/Erdelyi-magyarok-a-nagyvilagban-01-150x150.png\" alt=\"Transylvanian Hungarians in the world 2020\" width=\"150\" height=\"150\"><\/a>\t\t<\/div>\n\t\t<div class=\"post-content-wrap\">\n\t\t\t<div class=\"entry-meta header-meta\">\n\t\t\t\t<span class=\"post__date\"><a href=\"https:\/\/balvanyos.org\/en\/2020\/09\/02\/\"  class=\"post__date-link\"><time datetime=\"2020-09-02T12:34:28+00:00\">Sep 2020<\/time><\/a><\/span>\t\t\t\t<span class=\"posted-by\">by <a href=\"https:\/\/balvanyos.org\/en\/author\/szilvia\/\"  class=\"posted-by__author\" rel=\"author\">Szilvia<\/a><\/span>\t\t\t\t\t\t\t<\/div>\n\t\t\t<div class=\"entry-header\">\n\t\t\t\t<h5 class=\"entry-title\"><a href=\"https:\/\/balvanyos.org\/en\/transylvanian-hungarians-in-the-world-2020\/\" title=\"Transylvanian Hungarians in the world 2020\">Transylvanian Hungarians in the world 2020<\/a><\/h5>\t\t\t<\/div>\n\t\t\t<div class=\"entry-content\">\n\t\t\t\t<p >Since the 1930s, an important topic of Hungarian public discourse&hellip;<\/p>\t\t\t<\/div>\n\t\t\t<div class=\"entry-footer\">\n\t\t\t\t<div class=\"entry-meta\"><\/div>\n\t\t\t\t\t\t\t<\/div>\n\t\t<\/div>\n\t<\/div>\n<\/div>\n<\/div>\t\t<\/div>\n\t\t\t\t<\/div>\n\t\t\t\t\t<\/div>\n\t\t<\/div>\n\t\t\t\t\t<\/div>\n\t\t<\/section>\n\t\t\t\t<\/div>\n\t\t<div class=\"fb-background-color\">\n\t\t\t  <div \n\t\t\t  \tclass = \"fb-comments\" \n\t\t\t  \tdata-href = \"https:\/\/balvanyos.org\/en\/transylvanian-hungarians-in-the-world-2020\/\"\n\t\t\t  \tdata-numposts = \"10\"\n\t\t\t  \tdata-lazy = \"true\"\n\t\t\t\tdata-colorscheme = \"light\"\n\t\t\t\tdata-order-by = \"social\"\n\t\t\t\tdata-mobile=true>\n\t\t\t  <\/div><\/div>\n\t\t  <style>\n\t\t    .fb-background-color {\n\t\t\t\tbackground:  !important;\n\t\t\t}\n\t\t\t.fb_iframe_widget_fluid_desktop iframe {\n\t\t\t    width: 100% !important;\n\t\t\t}\n\t\t  <\/style>\n\t\t  ","protected":false},"excerpt":{"rendered":"<p>After Romania joined the European Union in 2007, economic migration reached a new meaning. Researches in the past years reveal that many people (among them Hungarians form Transylvania as well) choose Western European countries as destination. By understanding these new migration dynamics new layers can be added to the future of Hungarians in Transylvania, too. &hellip;<\/p>\n","protected":false},"author":7,"featured_media":0,"parent":0,"menu_order":0,"comment_status":"closed","ping_status":"closed","template":"","meta":{"footnotes":""},"class_list":["post-8281","page","type-page","status-publish","hentry","has-thumb"],"yoast_head":"<!-- This site is optimized with the Yoast SEO plugin v26.8 - https:\/\/yoast.com\/product\/yoast-seo-wordpress\/ -->\n<title>Emigration and migration - B\u00e1lv\u00e1nyos Institute<\/title>\n<meta name=\"robots\" content=\"index, follow, max-snippet:-1, max-image-preview:large, max-video-preview:-1\" \/>\n<link rel=\"canonical\" href=\"https:\/\/balvanyos.org\/en\/emigration-migration\/\" \/>\n<meta property=\"og:locale\" content=\"en_US\" \/>\n<meta property=\"og:type\" content=\"article\" \/>\n<meta property=\"og:title\" content=\"Emigration and migration - B\u00e1lv\u00e1nyos Institute\" \/>\n<meta property=\"og:description\" content=\"After Romania joined the European Union in 2007, economic migration reached a new meaning. Researches in the past years reveal that many people (among them Hungarians form Transylvania as well) choose Western European countries as destination. By understanding these new migration dynamics new layers can be added to the future of Hungarians in Transylvania, too. &hellip;\" \/>\n<meta property=\"og:url\" content=\"https:\/\/balvanyos.org\/en\/emigration-migration\/\" \/>\n<meta property=\"og:site_name\" content=\"B\u00e1lv\u00e1nyos Institute\" \/>\n<meta property=\"article:modified_time\" content=\"2020-09-02T12:21:19+00:00\" \/>\n<meta name=\"twitter:card\" content=\"summary_large_image\" \/>\n<meta name=\"twitter:label1\" content=\"Est. reading time\" \/>\n\t<meta name=\"twitter:data1\" content=\"1 minute\" \/>\n<script type=\"application\/ld+json\" class=\"yoast-schema-graph\">{\"@context\":\"https:\/\/schema.org\",\"@graph\":[{\"@type\":\"WebPage\",\"@id\":\"https:\/\/balvanyos.org\/en\/emigration-migration\/\",\"url\":\"https:\/\/balvanyos.org\/en\/emigration-migration\/\",\"name\":\"Emigration and migration - B\u00e1lv\u00e1nyos Institute\",\"isPartOf\":{\"@id\":\"https:\/\/balvanyos.org\/#website\"},\"datePublished\":\"2020-07-02T09:02:25+00:00\",\"dateModified\":\"2020-09-02T12:21:19+00:00\",\"breadcrumb\":{\"@id\":\"https:\/\/balvanyos.org\/en\/emigration-migration\/#breadcrumb\"},\"inLanguage\":\"en-US\",\"potentialAction\":[{\"@type\":\"ReadAction\",\"target\":[\"https:\/\/balvanyos.org\/en\/emigration-migration\/\"]}]},{\"@type\":\"BreadcrumbList\",\"@id\":\"https:\/\/balvanyos.org\/en\/emigration-migration\/#breadcrumb\",\"itemListElement\":[{\"@type\":\"ListItem\",\"position\":1,\"name\":\"Home\",\"item\":\"https:\/\/balvanyos.org\/en\/\"},{\"@type\":\"ListItem\",\"position\":2,\"name\":\"Emigration and migration\"}]},{\"@type\":\"WebSite\",\"@id\":\"https:\/\/balvanyos.org\/#website\",\"url\":\"https:\/\/balvanyos.org\/\",\"name\":\"B\u00e1lv\u00e1nyos Institute\",\"description\":\"Erd\u00e9lyi K\u00f6zszolg\u00e1lati Szabadegyetem\",\"publisher\":{\"@id\":\"https:\/\/balvanyos.org\/#organization\"},\"potentialAction\":[{\"@type\":\"SearchAction\",\"target\":{\"@type\":\"EntryPoint\",\"urlTemplate\":\"https:\/\/balvanyos.org\/?s={search_term_string}\"},\"query-input\":{\"@type\":\"PropertyValueSpecification\",\"valueRequired\":true,\"valueName\":\"search_term_string\"}}],\"inLanguage\":\"en-US\"},{\"@type\":\"Organization\",\"@id\":\"https:\/\/balvanyos.org\/#organization\",\"name\":\"Institutul B\u00e1lv\u00e1nyos\",\"url\":\"https:\/\/balvanyos.org\/\",\"logo\":{\"@type\":\"ImageObject\",\"inLanguage\":\"en-US\",\"@id\":\"https:\/\/balvanyos.org\/#\/schema\/logo\/image\/\",\"url\":\"https:\/\/balvanyos.org\/wp-content\/uploads\/2019\/03\/BI_celja_pic.jpg\",\"contentUrl\":\"https:\/\/balvanyos.org\/wp-content\/uploads\/2019\/03\/BI_celja_pic.jpg\",\"width\":1300,\"height\":900,\"caption\":\"Institutul B\u00e1lv\u00e1nyos\"},\"image\":{\"@id\":\"https:\/\/balvanyos.org\/#\/schema\/logo\/image\/\"}}]}<\/script>\n<!-- \/ Yoast SEO plugin. -->","yoast_head_json":{"title":"Emigration and migration - B\u00e1lv\u00e1nyos Institute","robots":{"index":"index","follow":"follow","max-snippet":"max-snippet:-1","max-image-preview":"max-image-preview:large","max-video-preview":"max-video-preview:-1"},"canonical":"https:\/\/balvanyos.org\/en\/emigration-migration\/","og_locale":"en_US","og_type":"article","og_title":"Emigration and migration - B\u00e1lv\u00e1nyos Institute","og_description":"After Romania joined the European Union in 2007, economic migration reached a new meaning. Researches in the past years reveal that many people (among them Hungarians form Transylvania as well) choose Western European countries as destination. By understanding these new migration dynamics new layers can be added to the future of Hungarians in Transylvania, too. &hellip;","og_url":"https:\/\/balvanyos.org\/en\/emigration-migration\/","og_site_name":"B\u00e1lv\u00e1nyos Institute","article_modified_time":"2020-09-02T12:21:19+00:00","twitter_card":"summary_large_image","twitter_misc":{"Est. reading time":"1 minute"},"schema":{"@context":"https:\/\/schema.org","@graph":[{"@type":"WebPage","@id":"https:\/\/balvanyos.org\/en\/emigration-migration\/","url":"https:\/\/balvanyos.org\/en\/emigration-migration\/","name":"Emigration and migration - B\u00e1lv\u00e1nyos Institute","isPartOf":{"@id":"https:\/\/balvanyos.org\/#website"},"datePublished":"2020-07-02T09:02:25+00:00","dateModified":"2020-09-02T12:21:19+00:00","breadcrumb":{"@id":"https:\/\/balvanyos.org\/en\/emigration-migration\/#breadcrumb"},"inLanguage":"en-US","potentialAction":[{"@type":"ReadAction","target":["https:\/\/balvanyos.org\/en\/emigration-migration\/"]}]},{"@type":"BreadcrumbList","@id":"https:\/\/balvanyos.org\/en\/emigration-migration\/#breadcrumb","itemListElement":[{"@type":"ListItem","position":1,"name":"Home","item":"https:\/\/balvanyos.org\/en\/"},{"@type":"ListItem","position":2,"name":"Emigration and migration"}]},{"@type":"WebSite","@id":"https:\/\/balvanyos.org\/#website","url":"https:\/\/balvanyos.org\/","name":"B\u00e1lv\u00e1nyos Institute","description":"Erd\u00e9lyi K\u00f6zszolg\u00e1lati Szabadegyetem","publisher":{"@id":"https:\/\/balvanyos.org\/#organization"},"potentialAction":[{"@type":"SearchAction","target":{"@type":"EntryPoint","urlTemplate":"https:\/\/balvanyos.org\/?s={search_term_string}"},"query-input":{"@type":"PropertyValueSpecification","valueRequired":true,"valueName":"search_term_string"}}],"inLanguage":"en-US"},{"@type":"Organization","@id":"https:\/\/balvanyos.org\/#organization","name":"Institutul B\u00e1lv\u00e1nyos","url":"https:\/\/balvanyos.org\/","logo":{"@type":"ImageObject","inLanguage":"en-US","@id":"https:\/\/balvanyos.org\/#\/schema\/logo\/image\/","url":"https:\/\/balvanyos.org\/wp-content\/uploads\/2019\/03\/BI_celja_pic.jpg","contentUrl":"https:\/\/balvanyos.org\/wp-content\/uploads\/2019\/03\/BI_celja_pic.jpg","width":1300,"height":900,"caption":"Institutul B\u00e1lv\u00e1nyos"},"image":{"@id":"https:\/\/balvanyos.org\/#\/schema\/logo\/image\/"}}]}},"_links":{"self":[{"href":"https:\/\/balvanyos.org\/en\/wp-json\/wp\/v2\/pages\/8281","targetHints":{"allow":["GET"]}}],"collection":[{"href":"https:\/\/balvanyos.org\/en\/wp-json\/wp\/v2\/pages"}],"about":[{"href":"https:\/\/balvanyos.org\/en\/wp-json\/wp\/v2\/types\/page"}],"author":[{"embeddable":true,"href":"https:\/\/balvanyos.org\/en\/wp-json\/wp\/v2\/users\/7"}],"replies":[{"embeddable":true,"href":"https:\/\/balvanyos.org\/en\/wp-json\/wp\/v2\/comments?post=8281"}],"version-history":[{"count":4,"href":"https:\/\/balvanyos.org\/en\/wp-json\/wp\/v2\/pages\/8281\/revisions"}],"predecessor-version":[{"id":8681,"href":"https:\/\/balvanyos.org\/en\/wp-json\/wp\/v2\/pages\/8281\/revisions\/8681"}],"wp:attachment":[{"href":"https:\/\/balvanyos.org\/en\/wp-json\/wp\/v2\/media?parent=8281"}],"curies":[{"name":"wp","href":"https:\/\/api.w.org\/{rel}","templated":true}]}}