{"id":8278,"date":"2020-07-02T09:02:13","date_gmt":"2020-07-02T09:02:13","guid":{"rendered":"https:\/\/balvanyos.org\/keszeg-erika-en\/"},"modified":"2020-07-16T08:40:16","modified_gmt":"2020-07-16T08:40:16","slug":"keszeg-erika-en","status":"publish","type":"page","link":"https:\/\/balvanyos.org\/en\/keszeg-erika-en\/","title":{"rendered":"Keszeg Erika"},"content":{"rendered":"\t\t<div data-elementor-type=\"wp-post\" data-elementor-id=\"8278\" class=\"elementor elementor-8278 elementor-7518\">\n\t\t\t\t\t\t<section class=\"elementor-section elementor-top-section elementor-element elementor-element-2d728c8 elementor-section-boxed elementor-section-height-default elementor-section-height-default\" data-id=\"2d728c8\" data-element_type=\"section\" data-settings=\"{&quot;jet_parallax_layout_list&quot;:[{&quot;jet_parallax_layout_image&quot;:{&quot;url&quot;:&quot;&quot;,&quot;id&quot;:&quot;&quot;,&quot;size&quot;:&quot;&quot;},&quot;_id&quot;:&quot;8e98117&quot;,&quot;jet_parallax_layout_image_tablet&quot;:{&quot;url&quot;:&quot;&quot;,&quot;id&quot;:&quot;&quot;,&quot;size&quot;:&quot;&quot;},&quot;jet_parallax_layout_image_mobile&quot;:{&quot;url&quot;:&quot;&quot;,&quot;id&quot;:&quot;&quot;,&quot;size&quot;:&quot;&quot;},&quot;jet_parallax_layout_speed&quot;:{&quot;unit&quot;:&quot;%&quot;,&quot;size&quot;:50,&quot;sizes&quot;:[]},&quot;jet_parallax_layout_type&quot;:&quot;scroll&quot;,&quot;jet_parallax_layout_z_index&quot;:&quot;&quot;,&quot;jet_parallax_layout_bg_x&quot;:50,&quot;jet_parallax_layout_bg_y&quot;:50,&quot;jet_parallax_layout_bg_size&quot;:&quot;auto&quot;,&quot;jet_parallax_layout_animation_prop&quot;:&quot;transform&quot;,&quot;jet_parallax_layout_on&quot;:[&quot;desktop&quot;,&quot;tablet&quot;],&quot;jet_parallax_layout_direction&quot;:null,&quot;jet_parallax_layout_fx_direction&quot;:null,&quot;jet_parallax_layout_bg_x_tablet&quot;:&quot;&quot;,&quot;jet_parallax_layout_bg_x_mobile&quot;:&quot;&quot;,&quot;jet_parallax_layout_bg_y_tablet&quot;:&quot;&quot;,&quot;jet_parallax_layout_bg_y_mobile&quot;:&quot;&quot;,&quot;jet_parallax_layout_bg_size_tablet&quot;:&quot;&quot;,&quot;jet_parallax_layout_bg_size_mobile&quot;:&quot;&quot;}]}\">\n\t\t\t\t\t\t<div class=\"elementor-container elementor-column-gap-default\">\n\t\t\t\t\t<div class=\"elementor-column elementor-col-50 elementor-top-column elementor-element elementor-element-737f5c3\" data-id=\"737f5c3\" data-element_type=\"column\">\n\t\t\t<div class=\"elementor-widget-wrap elementor-element-populated\">\n\t\t\t\t\t\t<div class=\"elementor-element elementor-element-2709670 elementor-widget elementor-widget-image\" data-id=\"2709670\" data-element_type=\"widget\" data-widget_type=\"image.default\">\n\t\t\t\t<div class=\"elementor-widget-container\">\n\t\t\t\t\t\t\t\t\t\t\t\t\t<img fetchpriority=\"high\" decoding=\"async\" width=\"885\" height=\"885\" src=\"https:\/\/balvanyos.org\/wp-content\/uploads\/2019\/05\/KE-1-1024x1024.jpg\" class=\"attachment-large size-large wp-image-7504\" alt=\"\" srcset=\"https:\/\/balvanyos.org\/wp-content\/uploads\/2019\/05\/KE-1-1024x1024.jpg 1024w, https:\/\/balvanyos.org\/wp-content\/uploads\/2019\/05\/KE-1-150x150.jpg 150w, https:\/\/balvanyos.org\/wp-content\/uploads\/2019\/05\/KE-1-300x300.jpg 300w, https:\/\/balvanyos.org\/wp-content\/uploads\/2019\/05\/KE-1-768x768.jpg 768w, https:\/\/balvanyos.org\/wp-content\/uploads\/2019\/05\/KE-1-460x460.jpg 460w, https:\/\/balvanyos.org\/wp-content\/uploads\/2019\/05\/KE-1-560x560.jpg 560w, https:\/\/balvanyos.org\/wp-content\/uploads\/2019\/05\/KE-1-78x78.jpg 78w, https:\/\/balvanyos.org\/wp-content\/uploads\/2019\/05\/KE-1-260x260.jpg 260w, https:\/\/balvanyos.org\/wp-content\/uploads\/2019\/05\/KE-1-360x360.jpg 360w, https:\/\/balvanyos.org\/wp-content\/uploads\/2019\/05\/KE-1-400x400.jpg 400w, https:\/\/balvanyos.org\/wp-content\/uploads\/2019\/05\/KE-1-900x900.jpg 900w, https:\/\/balvanyos.org\/wp-content\/uploads\/2019\/05\/KE-1-675x675.jpg 675w, https:\/\/balvanyos.org\/wp-content\/uploads\/2019\/05\/KE-1-286x286.jpg 286w, https:\/\/balvanyos.org\/wp-content\/uploads\/2019\/05\/KE-1-450x450.jpg 450w, https:\/\/balvanyos.org\/wp-content\/uploads\/2019\/05\/KE-1-1080x1080.jpg 1080w, https:\/\/balvanyos.org\/wp-content\/uploads\/2019\/05\/KE-1.jpg 1500w\" sizes=\"(max-width: 885px) 100vw, 885px\" \/>\t\t\t\t\t\t\t\t\t\t\t\t\t<\/div>\n\t\t\t\t<\/div>\n\t\t\t\t\t<\/div>\n\t\t<\/div>\n\t\t\t\t<div class=\"elementor-column elementor-col-50 elementor-top-column elementor-element elementor-element-1effa0e\" data-id=\"1effa0e\" data-element_type=\"column\">\n\t\t\t<div class=\"elementor-widget-wrap elementor-element-populated\">\n\t\t\t\t\t\t<div class=\"elementor-element elementor-element-fafff09 elementor-widget elementor-widget-text-editor\" data-id=\"fafff09\" data-element_type=\"widget\" data-widget_type=\"text-editor.default\">\n\t\t\t\t<div class=\"elementor-widget-container\">\n\t\t\t\t\t\t\t<p><strong>Researcher<\/strong><\/p>\n<p>Was born in 1991 in T\u00e2rgu Secuiesc (K\u00e9zdiv\u00e1s\u00e1rhely). She completed her studies at the Faculty of Letters at Babe\u015f\u2013Bolyai University in Cluj, receiving a BA degree in Hungarian and German language. Later she finished International Relationships and European Studies at the Sapientia University. She obtained an MA diploma in Diplomacy and intercultural studies at the Sapientia University.<\/p>\n<p>Her main fields of interest are educational policy, language use and language policy.<\/p>\n\t\t\t\t\t\t<\/div>\n\t\t\t\t<\/div>\n\t\t\t\t\t<\/div>\n\t\t<\/div>\n\t\t\t\t\t<\/div>\n\t\t<\/section>\n\t\t\t\t<section class=\"elementor-section elementor-top-section elementor-element elementor-element-1b97b644 elementor-section-boxed elementor-section-height-default elementor-section-height-default\" data-id=\"1b97b644\" data-element_type=\"section\" data-settings=\"{&quot;jet_parallax_layout_list&quot;:[{&quot;jet_parallax_layout_image&quot;:{&quot;url&quot;:&quot;&quot;,&quot;id&quot;:&quot;&quot;,&quot;size&quot;:&quot;&quot;},&quot;_id&quot;:&quot;1eff136&quot;,&quot;jet_parallax_layout_image_tablet&quot;:{&quot;url&quot;:&quot;&quot;,&quot;id&quot;:&quot;&quot;,&quot;size&quot;:&quot;&quot;},&quot;jet_parallax_layout_image_mobile&quot;:{&quot;url&quot;:&quot;&quot;,&quot;id&quot;:&quot;&quot;,&quot;size&quot;:&quot;&quot;},&quot;jet_parallax_layout_speed&quot;:{&quot;unit&quot;:&quot;%&quot;,&quot;size&quot;:50,&quot;sizes&quot;:[]},&quot;jet_parallax_layout_type&quot;:&quot;scroll&quot;,&quot;jet_parallax_layout_z_index&quot;:&quot;&quot;,&quot;jet_parallax_layout_bg_x&quot;:50,&quot;jet_parallax_layout_bg_y&quot;:50,&quot;jet_parallax_layout_bg_size&quot;:&quot;auto&quot;,&quot;jet_parallax_layout_animation_prop&quot;:&quot;transform&quot;,&quot;jet_parallax_layout_on&quot;:[&quot;desktop&quot;,&quot;tablet&quot;],&quot;jet_parallax_layout_direction&quot;:null,&quot;jet_parallax_layout_fx_direction&quot;:null,&quot;jet_parallax_layout_bg_x_tablet&quot;:&quot;&quot;,&quot;jet_parallax_layout_bg_x_mobile&quot;:&quot;&quot;,&quot;jet_parallax_layout_bg_y_tablet&quot;:&quot;&quot;,&quot;jet_parallax_layout_bg_y_mobile&quot;:&quot;&quot;,&quot;jet_parallax_layout_bg_size_tablet&quot;:&quot;&quot;,&quot;jet_parallax_layout_bg_size_mobile&quot;:&quot;&quot;}]}\">\n\t\t\t\t\t\t<div class=\"elementor-container elementor-column-gap-default\">\n\t\t\t\t\t<div class=\"elementor-column elementor-col-100 elementor-top-column elementor-element elementor-element-4607cca2\" data-id=\"4607cca2\" data-element_type=\"column\">\n\t\t\t<div class=\"elementor-widget-wrap elementor-element-populated\">\n\t\t\t\t\t\t<div class=\"elementor-element elementor-element-2ddf094 elementor-widget elementor-widget-text-editor\" data-id=\"2ddf094\" data-element_type=\"widget\" data-widget_type=\"text-editor.default\">\n\t\t\t\t<div class=\"elementor-widget-container\">\n\t\t\t\t\t\t\t<p><strong>Publications<\/strong><\/p>\n<p>Hi\u00e1nyp\u00f3tl\u00f3ban. Elemz\u00e9sek a rom\u00e1niai magyar oktat\u00e1sszervez\u00e9s kih\u00edv\u00e1sair\u00f3l (Recenzi\u00f3), Magyar Kisebbs\u00e9g, 2016\/3-4, 2017.<\/p>\n<p>(Keszeg Jen\u0151vek k\u00f6z\u00f6sen) A tan\u00fcgyi rendszer m\u0171k\u00f6d\u00e9s\u00e9nek vizsg\u00e1lata a magyar nyelv \u00e9s irodalomoktat\u00e1s t\u00fckr\u00e9ben, <em>Magyar Kisebbs\u00e9g, <\/em>2014\/2, 2014.<\/p>\n<p><strong>Scholarships<\/strong><\/p>\n<p>2015: OTKA \u00f6szt\u00f6nd\u00edj, Magyar Tudom\u00e1nyos Akad\u00e9mia, Nyelvtudom\u00e1nyi Int\u00e9zet, Budapest<\/p>\n<p>2014-2015: Erasmus \u00f6szt\u00f6nd\u00edj, P\u00e1zm\u00e1ny P\u00e9ter Katolikus Egyetem, Nyelvtudom\u00e1nyi Tansz\u00e9k, Budapest<\/p>\n<p>2013: Egy\u00e9ni r\u00e9szk\u00e9pz\u0151s tanulm\u00e1ny\u00fat, Balassi Int\u00e9zet, E\u00f6tv\u00f6s Lor\u00e1nd Tudom\u00e1nyegyetem, Budapest<\/p>\n<p>2012: Erasmus \u00f6szt\u00f6nd\u00edj, E\u00f6tv\u00f6s Lor\u00e1nd Tudom\u00e1nyegyetem, Budapest<\/p>\n<p><strong>Conferences<\/strong><\/p>\n<p>2019: (Tor\u00f3 Tiborral k\u00f6z\u00f6sen) 2nd International Conference on Bilingualism, University of Malta, M\u00e1lta. Az el\u0151ad\u00e1s c\u00edme: Just a simple case of language teaching? Facultative Hungarian language classes in Romania at the interplay of competing language ideologies<\/p>\n<p>2015: (Keszeg Jen\u0151vel k\u00f6z\u00f6sen) XXXII. Orsz\u00e1gos Tudom\u00e1nyos Di\u00e1kk\u00f6ri Konferencia, T\u00e1rsadalomtudom\u00e1nyi szekci\u00f3, Budapest. Az el\u0151ad\u00e1s c\u00edme: A tan\u00fcgyi rendszer m\u0171k\u00f6d\u00e9s\u00e9nek vizsg\u00e1lata a magyar nyelv \u00e9s irodalomoktat\u00e1s t\u00fckr\u00e9ben<\/p>\n\t\t\t\t\t\t<\/div>\n\t\t\t\t<\/div>\n\t\t\t\t\t<\/div>\n\t\t<\/div>\n\t\t\t\t\t<\/div>\n\t\t<\/section>\n\t\t\t\t<\/div>\n\t\t","protected":false},"excerpt":{"rendered":"<p>Researcher Was born in 1991 in T\u00e2rgu Secuiesc (K\u00e9zdiv\u00e1s\u00e1rhely). She completed her studies at the Faculty of Letters at Babe\u015f\u2013Bolyai University in Cluj, receiving a BA degree in Hungarian and German language. Later she finished International Relationships and European Studies at the Sapientia University. She obtained an MA diploma in Diplomacy and intercultural studies at &hellip;<\/p>\n","protected":false},"author":7,"featured_media":0,"parent":0,"menu_order":0,"comment_status":"closed","ping_status":"closed","template":"","meta":{"footnotes":""},"class_list":["post-8278","page","type-page","status-publish","hentry","no-thumb"],"yoast_head":"<!-- This site is optimized with the Yoast SEO plugin v26.8 - https:\/\/yoast.com\/product\/yoast-seo-wordpress\/ -->\n<title>Keszeg Erika - B\u00e1lv\u00e1nyos Institute<\/title>\n<meta name=\"robots\" content=\"index, follow, max-snippet:-1, max-image-preview:large, max-video-preview:-1\" \/>\n<link rel=\"canonical\" href=\"https:\/\/balvanyos.org\/en\/keszeg-erika-en\/\" \/>\n<meta property=\"og:locale\" content=\"en_US\" \/>\n<meta property=\"og:type\" content=\"article\" \/>\n<meta property=\"og:title\" content=\"Keszeg Erika - B\u00e1lv\u00e1nyos Institute\" \/>\n<meta property=\"og:description\" content=\"Researcher Was born in 1991 in T\u00e2rgu Secuiesc (K\u00e9zdiv\u00e1s\u00e1rhely). She completed her studies at the Faculty of Letters at Babe\u015f\u2013Bolyai University in Cluj, receiving a BA degree in Hungarian and German language. Later she finished International Relationships and European Studies at the Sapientia University. She obtained an MA diploma in Diplomacy and intercultural studies at &hellip;\" \/>\n<meta property=\"og:url\" content=\"https:\/\/balvanyos.org\/en\/keszeg-erika-en\/\" \/>\n<meta property=\"og:site_name\" content=\"B\u00e1lv\u00e1nyos Institute\" \/>\n<meta property=\"article:modified_time\" content=\"2020-07-16T08:40:16+00:00\" \/>\n<meta property=\"og:image\" content=\"https:\/\/balvanyos.org\/wp-content\/uploads\/2019\/05\/KE-1-1024x1024.jpg\" \/>\n<meta name=\"twitter:card\" content=\"summary_large_image\" \/>\n<meta name=\"twitter:label1\" content=\"Est. reading time\" \/>\n\t<meta name=\"twitter:data1\" content=\"1 minute\" \/>\n<script type=\"application\/ld+json\" class=\"yoast-schema-graph\">{\"@context\":\"https:\/\/schema.org\",\"@graph\":[{\"@type\":\"WebPage\",\"@id\":\"https:\/\/balvanyos.org\/en\/keszeg-erika-en\/\",\"url\":\"https:\/\/balvanyos.org\/en\/keszeg-erika-en\/\",\"name\":\"Keszeg Erika - B\u00e1lv\u00e1nyos Institute\",\"isPartOf\":{\"@id\":\"https:\/\/balvanyos.org\/#website\"},\"primaryImageOfPage\":{\"@id\":\"https:\/\/balvanyos.org\/en\/keszeg-erika-en\/#primaryimage\"},\"image\":{\"@id\":\"https:\/\/balvanyos.org\/en\/keszeg-erika-en\/#primaryimage\"},\"thumbnailUrl\":\"https:\/\/balvanyos.org\/wp-content\/uploads\/2019\/05\/KE-1-1024x1024.jpg\",\"datePublished\":\"2020-07-02T09:02:13+00:00\",\"dateModified\":\"2020-07-16T08:40:16+00:00\",\"breadcrumb\":{\"@id\":\"https:\/\/balvanyos.org\/en\/keszeg-erika-en\/#breadcrumb\"},\"inLanguage\":\"en-US\",\"potentialAction\":[{\"@type\":\"ReadAction\",\"target\":[\"https:\/\/balvanyos.org\/en\/keszeg-erika-en\/\"]}]},{\"@type\":\"ImageObject\",\"inLanguage\":\"en-US\",\"@id\":\"https:\/\/balvanyos.org\/en\/keszeg-erika-en\/#primaryimage\",\"url\":\"https:\/\/balvanyos.org\/wp-content\/uploads\/2019\/05\/KE-1-1024x1024.jpg\",\"contentUrl\":\"https:\/\/balvanyos.org\/wp-content\/uploads\/2019\/05\/KE-1-1024x1024.jpg\"},{\"@type\":\"BreadcrumbList\",\"@id\":\"https:\/\/balvanyos.org\/en\/keszeg-erika-en\/#breadcrumb\",\"itemListElement\":[{\"@type\":\"ListItem\",\"position\":1,\"name\":\"Home\",\"item\":\"https:\/\/balvanyos.org\/en\/\"},{\"@type\":\"ListItem\",\"position\":2,\"name\":\"Keszeg Erika\"}]},{\"@type\":\"WebSite\",\"@id\":\"https:\/\/balvanyos.org\/#website\",\"url\":\"https:\/\/balvanyos.org\/\",\"name\":\"B\u00e1lv\u00e1nyos Institute\",\"description\":\"Erd\u00e9lyi K\u00f6zszolg\u00e1lati Szabadegyetem\",\"publisher\":{\"@id\":\"https:\/\/balvanyos.org\/#organization\"},\"potentialAction\":[{\"@type\":\"SearchAction\",\"target\":{\"@type\":\"EntryPoint\",\"urlTemplate\":\"https:\/\/balvanyos.org\/?s={search_term_string}\"},\"query-input\":{\"@type\":\"PropertyValueSpecification\",\"valueRequired\":true,\"valueName\":\"search_term_string\"}}],\"inLanguage\":\"en-US\"},{\"@type\":\"Organization\",\"@id\":\"https:\/\/balvanyos.org\/#organization\",\"name\":\"Institutul B\u00e1lv\u00e1nyos\",\"url\":\"https:\/\/balvanyos.org\/\",\"logo\":{\"@type\":\"ImageObject\",\"inLanguage\":\"en-US\",\"@id\":\"https:\/\/balvanyos.org\/#\/schema\/logo\/image\/\",\"url\":\"https:\/\/balvanyos.org\/wp-content\/uploads\/2019\/03\/BI_celja_pic.jpg\",\"contentUrl\":\"https:\/\/balvanyos.org\/wp-content\/uploads\/2019\/03\/BI_celja_pic.jpg\",\"width\":1300,\"height\":900,\"caption\":\"Institutul B\u00e1lv\u00e1nyos\"},\"image\":{\"@id\":\"https:\/\/balvanyos.org\/#\/schema\/logo\/image\/\"}}]}<\/script>\n<!-- \/ Yoast SEO plugin. -->","yoast_head_json":{"title":"Keszeg Erika - B\u00e1lv\u00e1nyos Institute","robots":{"index":"index","follow":"follow","max-snippet":"max-snippet:-1","max-image-preview":"max-image-preview:large","max-video-preview":"max-video-preview:-1"},"canonical":"https:\/\/balvanyos.org\/en\/keszeg-erika-en\/","og_locale":"en_US","og_type":"article","og_title":"Keszeg Erika - B\u00e1lv\u00e1nyos Institute","og_description":"Researcher Was born in 1991 in T\u00e2rgu Secuiesc (K\u00e9zdiv\u00e1s\u00e1rhely). She completed her studies at the Faculty of Letters at Babe\u015f\u2013Bolyai University in Cluj, receiving a BA degree in Hungarian and German language. Later she finished International Relationships and European Studies at the Sapientia University. She obtained an MA diploma in Diplomacy and intercultural studies at &hellip;","og_url":"https:\/\/balvanyos.org\/en\/keszeg-erika-en\/","og_site_name":"B\u00e1lv\u00e1nyos Institute","article_modified_time":"2020-07-16T08:40:16+00:00","og_image":[{"url":"https:\/\/balvanyos.org\/wp-content\/uploads\/2019\/05\/KE-1-1024x1024.jpg","type":"","width":"","height":""}],"twitter_card":"summary_large_image","twitter_misc":{"Est. reading time":"1 minute"},"schema":{"@context":"https:\/\/schema.org","@graph":[{"@type":"WebPage","@id":"https:\/\/balvanyos.org\/en\/keszeg-erika-en\/","url":"https:\/\/balvanyos.org\/en\/keszeg-erika-en\/","name":"Keszeg Erika - B\u00e1lv\u00e1nyos Institute","isPartOf":{"@id":"https:\/\/balvanyos.org\/#website"},"primaryImageOfPage":{"@id":"https:\/\/balvanyos.org\/en\/keszeg-erika-en\/#primaryimage"},"image":{"@id":"https:\/\/balvanyos.org\/en\/keszeg-erika-en\/#primaryimage"},"thumbnailUrl":"https:\/\/balvanyos.org\/wp-content\/uploads\/2019\/05\/KE-1-1024x1024.jpg","datePublished":"2020-07-02T09:02:13+00:00","dateModified":"2020-07-16T08:40:16+00:00","breadcrumb":{"@id":"https:\/\/balvanyos.org\/en\/keszeg-erika-en\/#breadcrumb"},"inLanguage":"en-US","potentialAction":[{"@type":"ReadAction","target":["https:\/\/balvanyos.org\/en\/keszeg-erika-en\/"]}]},{"@type":"ImageObject","inLanguage":"en-US","@id":"https:\/\/balvanyos.org\/en\/keszeg-erika-en\/#primaryimage","url":"https:\/\/balvanyos.org\/wp-content\/uploads\/2019\/05\/KE-1-1024x1024.jpg","contentUrl":"https:\/\/balvanyos.org\/wp-content\/uploads\/2019\/05\/KE-1-1024x1024.jpg"},{"@type":"BreadcrumbList","@id":"https:\/\/balvanyos.org\/en\/keszeg-erika-en\/#breadcrumb","itemListElement":[{"@type":"ListItem","position":1,"name":"Home","item":"https:\/\/balvanyos.org\/en\/"},{"@type":"ListItem","position":2,"name":"Keszeg Erika"}]},{"@type":"WebSite","@id":"https:\/\/balvanyos.org\/#website","url":"https:\/\/balvanyos.org\/","name":"B\u00e1lv\u00e1nyos Institute","description":"Erd\u00e9lyi K\u00f6zszolg\u00e1lati Szabadegyetem","publisher":{"@id":"https:\/\/balvanyos.org\/#organization"},"potentialAction":[{"@type":"SearchAction","target":{"@type":"EntryPoint","urlTemplate":"https:\/\/balvanyos.org\/?s={search_term_string}"},"query-input":{"@type":"PropertyValueSpecification","valueRequired":true,"valueName":"search_term_string"}}],"inLanguage":"en-US"},{"@type":"Organization","@id":"https:\/\/balvanyos.org\/#organization","name":"Institutul B\u00e1lv\u00e1nyos","url":"https:\/\/balvanyos.org\/","logo":{"@type":"ImageObject","inLanguage":"en-US","@id":"https:\/\/balvanyos.org\/#\/schema\/logo\/image\/","url":"https:\/\/balvanyos.org\/wp-content\/uploads\/2019\/03\/BI_celja_pic.jpg","contentUrl":"https:\/\/balvanyos.org\/wp-content\/uploads\/2019\/03\/BI_celja_pic.jpg","width":1300,"height":900,"caption":"Institutul B\u00e1lv\u00e1nyos"},"image":{"@id":"https:\/\/balvanyos.org\/#\/schema\/logo\/image\/"}}]}},"_links":{"self":[{"href":"https:\/\/balvanyos.org\/en\/wp-json\/wp\/v2\/pages\/8278","targetHints":{"allow":["GET"]}}],"collection":[{"href":"https:\/\/balvanyos.org\/en\/wp-json\/wp\/v2\/pages"}],"about":[{"href":"https:\/\/balvanyos.org\/en\/wp-json\/wp\/v2\/types\/page"}],"author":[{"embeddable":true,"href":"https:\/\/balvanyos.org\/en\/wp-json\/wp\/v2\/users\/7"}],"replies":[{"embeddable":true,"href":"https:\/\/balvanyos.org\/en\/wp-json\/wp\/v2\/comments?post=8278"}],"version-history":[{"count":3,"href":"https:\/\/balvanyos.org\/en\/wp-json\/wp\/v2\/pages\/8278\/revisions"}],"predecessor-version":[{"id":8462,"href":"https:\/\/balvanyos.org\/en\/wp-json\/wp\/v2\/pages\/8278\/revisions\/8462"}],"wp:attachment":[{"href":"https:\/\/balvanyos.org\/en\/wp-json\/wp\/v2\/media?parent=8278"}],"curies":[{"name":"wp","href":"https:\/\/api.w.org\/{rel}","templated":true}]}}