{"id":8272,"date":"2020-07-02T09:01:00","date_gmt":"2020-07-02T09:01:00","guid":{"rendered":"https:\/\/balvanyos.org\/erdelyi-magyarok-a-nagyvilagban-en\/"},"modified":"2020-07-02T09:01:00","modified_gmt":"2020-07-02T09:01:00","slug":"erdelyi-magyarok-a-nagyvilagban-en","status":"publish","type":"page","link":"https:\/\/balvanyos.org\/en\/erdelyi-magyarok-a-nagyvilagban-en\/","title":{"rendered":"Erd\u00e9lyi magyarok a nagyvil\u00e1gban (EN)"},"content":{"rendered":"\t\t<div data-elementor-type=\"wp-page\" data-elementor-id=\"8272\" class=\"elementor elementor-8272 elementor-7922\">\n\t\t\t\t\t\t<section class=\"elementor-section elementor-top-section elementor-element elementor-element-c4b6c35 elementor-section-boxed elementor-section-height-default elementor-section-height-default\" data-id=\"c4b6c35\" data-element_type=\"section\" data-settings=\"{&quot;jet_parallax_layout_list&quot;:[{&quot;jet_parallax_layout_image&quot;:{&quot;url&quot;:&quot;&quot;,&quot;id&quot;:&quot;&quot;,&quot;size&quot;:&quot;&quot;},&quot;_id&quot;:&quot;c96869f&quot;,&quot;jet_parallax_layout_image_tablet&quot;:{&quot;url&quot;:&quot;&quot;,&quot;id&quot;:&quot;&quot;,&quot;size&quot;:&quot;&quot;},&quot;jet_parallax_layout_image_mobile&quot;:{&quot;url&quot;:&quot;&quot;,&quot;id&quot;:&quot;&quot;,&quot;size&quot;:&quot;&quot;},&quot;jet_parallax_layout_speed&quot;:{&quot;unit&quot;:&quot;%&quot;,&quot;size&quot;:50,&quot;sizes&quot;:[]},&quot;jet_parallax_layout_type&quot;:&quot;scroll&quot;,&quot;jet_parallax_layout_direction&quot;:null,&quot;jet_parallax_layout_fx_direction&quot;:null,&quot;jet_parallax_layout_z_index&quot;:&quot;&quot;,&quot;jet_parallax_layout_bg_x&quot;:50,&quot;jet_parallax_layout_bg_y&quot;:50,&quot;jet_parallax_layout_bg_size&quot;:&quot;auto&quot;,&quot;jet_parallax_layout_animation_prop&quot;:&quot;transform&quot;,&quot;jet_parallax_layout_on&quot;:[&quot;desktop&quot;,&quot;tablet&quot;],&quot;jet_parallax_layout_bg_x_tablet&quot;:&quot;&quot;,&quot;jet_parallax_layout_bg_x_mobile&quot;:&quot;&quot;,&quot;jet_parallax_layout_bg_y_tablet&quot;:&quot;&quot;,&quot;jet_parallax_layout_bg_y_mobile&quot;:&quot;&quot;,&quot;jet_parallax_layout_bg_size_tablet&quot;:&quot;&quot;,&quot;jet_parallax_layout_bg_size_mobile&quot;:&quot;&quot;}]}\">\n\t\t\t\t\t\t<div class=\"elementor-container elementor-column-gap-default\">\n\t\t\t\t\t<div class=\"elementor-column elementor-col-100 elementor-top-column elementor-element elementor-element-34b2c50a\" data-id=\"34b2c50a\" data-element_type=\"column\">\n\t\t\t<div class=\"elementor-widget-wrap elementor-element-populated\">\n\t\t\t\t\t\t<div class=\"elementor-element elementor-element-1cdfff3b elementor-widget elementor-widget-text-editor\" data-id=\"1cdfff3b\" data-element_type=\"widget\" data-widget_type=\"text-editor.default\">\n\t\t\t\t<div class=\"elementor-widget-container\">\n\t\t\t\t\t\t\t<p style=\"margin: 0px; padding: 0px;\"><img fetchpriority=\"high\" decoding=\"async\" style=\"margin: 0px; padding: 0px;\" src=\"https:\/\/balvanyos.org\/wp-content\/uploads\/2020\/06\/header.jpg\" alt=\"\" width=\"1155\" height=\"241\" \/><\/p>\n<p style=\"margin: 0px; padding: 0px;\"><script>\nEMBED_PARAMS = {};\nEMBED_PARAMS.surveyID =7361959;\nEMBED_PARAMS.domain =\"\/\/www.questionpro.com\";\nEMBED_PARAMS.src =\"\/\/www.questionpro.com\/a\/TakeSurvey?tt=M87HhV0TMtw%3D\";\nEMBED_PARAMS.width =\"100%\";\nEMBED_PARAMS.height = \"800px\";\nEMBED_PARAMS.border = \"hidden\";\n<\/script><\/p>\n<div id=\"div_7361959\"><\/div>\n<p style=\"margin: 0px; padding: 0px;\"><script src=\"\/\/www.questionpro.com\/javascript\/embedsurvey.js?version=1\"><\/script><\/p>\n\t\t\t\t\t\t<\/div>\n\t\t\t\t<\/div>\n\t\t\t\t\t<\/div>\n\t\t<\/div>\n\t\t\t\t\t<\/div>\n\t\t<\/section>\n\t\t\t\t<section class=\"elementor-section elementor-top-section elementor-element elementor-element-bbe82d1 elementor-section-boxed elementor-section-height-default elementor-section-height-default\" data-id=\"bbe82d1\" data-element_type=\"section\" data-settings=\"{&quot;background_background&quot;:&quot;classic&quot;,&quot;jet_parallax_layout_list&quot;:[{&quot;jet_parallax_layout_image&quot;:{&quot;url&quot;:&quot;&quot;,&quot;id&quot;:&quot;&quot;,&quot;size&quot;:&quot;&quot;},&quot;_id&quot;:&quot;7dacd22&quot;,&quot;jet_parallax_layout_image_tablet&quot;:{&quot;url&quot;:&quot;&quot;,&quot;id&quot;:&quot;&quot;,&quot;size&quot;:&quot;&quot;},&quot;jet_parallax_layout_image_mobile&quot;:{&quot;url&quot;:&quot;&quot;,&quot;id&quot;:&quot;&quot;,&quot;size&quot;:&quot;&quot;},&quot;jet_parallax_layout_speed&quot;:{&quot;unit&quot;:&quot;%&quot;,&quot;size&quot;:50,&quot;sizes&quot;:[]},&quot;jet_parallax_layout_type&quot;:&quot;scroll&quot;,&quot;jet_parallax_layout_direction&quot;:null,&quot;jet_parallax_layout_fx_direction&quot;:null,&quot;jet_parallax_layout_z_index&quot;:&quot;&quot;,&quot;jet_parallax_layout_bg_x&quot;:50,&quot;jet_parallax_layout_bg_y&quot;:50,&quot;jet_parallax_layout_bg_size&quot;:&quot;auto&quot;,&quot;jet_parallax_layout_animation_prop&quot;:&quot;transform&quot;,&quot;jet_parallax_layout_on&quot;:[&quot;desktop&quot;,&quot;tablet&quot;],&quot;jet_parallax_layout_bg_x_tablet&quot;:&quot;&quot;,&quot;jet_parallax_layout_bg_x_mobile&quot;:&quot;&quot;,&quot;jet_parallax_layout_bg_y_tablet&quot;:&quot;&quot;,&quot;jet_parallax_layout_bg_y_mobile&quot;:&quot;&quot;,&quot;jet_parallax_layout_bg_size_tablet&quot;:&quot;&quot;,&quot;jet_parallax_layout_bg_size_mobile&quot;:&quot;&quot;}]}\">\n\t\t\t\t\t\t<div class=\"elementor-container elementor-column-gap-default\">\n\t\t\t\t\t<div class=\"elementor-column elementor-col-25 elementor-top-column elementor-element elementor-element-58473d3\" data-id=\"58473d3\" data-element_type=\"column\">\n\t\t\t<div class=\"elementor-widget-wrap elementor-element-populated\">\n\t\t\t\t\t\t<div class=\"elementor-element elementor-element-744d2fc elementor-widget elementor-widget-image\" data-id=\"744d2fc\" data-element_type=\"widget\" data-widget_type=\"image.default\">\n\t\t\t\t<div class=\"elementor-widget-container\">\n\t\t\t\t\t\t\t\t\t\t\t\t\t\t<a href=\"https:\/\/balvanyos.org\/?lang=en\" target=\"_blank\">\n\t\t\t\t\t\t\t<img decoding=\"async\" width=\"360\" height=\"120\" src=\"https:\/\/balvanyos.org\/wp-content\/uploads\/2020\/06\/balvanyos-logo.png\" class=\"attachment-full size-full wp-image-7984\" alt=\"\" srcset=\"https:\/\/balvanyos.org\/wp-content\/uploads\/2020\/06\/balvanyos-logo.png 360w, https:\/\/balvanyos.org\/wp-content\/uploads\/2020\/06\/balvanyos-logo-300x100.png 300w\" sizes=\"(max-width: 360px) 100vw, 360px\" \/>\t\t\t\t\t\t\t\t<\/a>\n\t\t\t\t\t\t\t\t\t\t\t\t\t<\/div>\n\t\t\t\t<\/div>\n\t\t\t\t\t<\/div>\n\t\t<\/div>\n\t\t\t\t<div class=\"elementor-column elementor-col-25 elementor-top-column elementor-element elementor-element-99047ec\" data-id=\"99047ec\" data-element_type=\"column\">\n\t\t\t<div class=\"elementor-widget-wrap elementor-element-populated\">\n\t\t\t\t\t\t<div class=\"elementor-element elementor-element-8331e2a elementor-widget elementor-widget-image\" data-id=\"8331e2a\" data-element_type=\"widget\" data-widget_type=\"image.default\">\n\t\t\t\t<div class=\"elementor-widget-container\">\n\t\t\t\t\t\t\t\t\t\t\t\t\t\t<a href=\"http:\/\/kv.sapientia.ro\/en\" target=\"_blank\">\n\t\t\t\t\t\t\t<img decoding=\"async\" width=\"360\" height=\"120\" src=\"https:\/\/balvanyos.org\/wp-content\/uploads\/2020\/06\/sapientia-logo-1.png\" class=\"attachment-full size-full wp-image-8173\" alt=\"\" srcset=\"https:\/\/balvanyos.org\/wp-content\/uploads\/2020\/06\/sapientia-logo-1.png 360w, https:\/\/balvanyos.org\/wp-content\/uploads\/2020\/06\/sapientia-logo-1-300x100.png 300w\" sizes=\"(max-width: 360px) 100vw, 360px\" \/>\t\t\t\t\t\t\t\t<\/a>\n\t\t\t\t\t\t\t\t\t\t\t\t\t<\/div>\n\t\t\t\t<\/div>\n\t\t\t\t\t<\/div>\n\t\t<\/div>\n\t\t\t\t<div class=\"elementor-column elementor-col-25 elementor-top-column elementor-element elementor-element-9bd7143\" data-id=\"9bd7143\" data-element_type=\"column\">\n\t\t\t<div class=\"elementor-widget-wrap elementor-element-populated\">\n\t\t\t\t\t\t<div class=\"elementor-element elementor-element-0a96c98 elementor-widget elementor-widget-image\" data-id=\"0a96c98\" data-element_type=\"widget\" data-widget_type=\"image.default\">\n\t\t\t\t<div class=\"elementor-widget-container\">\n\t\t\t\t\t\t\t\t\t\t\t\t\t\t<a href=\"https:\/\/kronikaonline.ro\/\" target=\"_blank\">\n\t\t\t\t\t\t\t<img loading=\"lazy\" decoding=\"async\" width=\"360\" height=\"120\" src=\"https:\/\/balvanyos.org\/wp-content\/uploads\/2020\/06\/kronika-logo.png\" class=\"attachment-full size-full wp-image-7981\" alt=\"\" srcset=\"https:\/\/balvanyos.org\/wp-content\/uploads\/2020\/06\/kronika-logo.png 360w, https:\/\/balvanyos.org\/wp-content\/uploads\/2020\/06\/kronika-logo-300x100.png 300w\" sizes=\"(max-width: 360px) 100vw, 360px\" \/>\t\t\t\t\t\t\t\t<\/a>\n\t\t\t\t\t\t\t\t\t\t\t\t\t<\/div>\n\t\t\t\t<\/div>\n\t\t\t\t\t<\/div>\n\t\t<\/div>\n\t\t\t\t<div class=\"elementor-column elementor-col-25 elementor-top-column elementor-element elementor-element-3894a96\" data-id=\"3894a96\" data-element_type=\"column\">\n\t\t\t<div class=\"elementor-widget-wrap elementor-element-populated\">\n\t\t\t\t\t\t<div class=\"elementor-element elementor-element-d0aa8ce elementor-widget elementor-widget-image\" data-id=\"d0aa8ce\" data-element_type=\"widget\" data-widget_type=\"image.default\">\n\t\t\t\t<div class=\"elementor-widget-container\">\n\t\t\t\t\t\t\t\t\t\t\t\t\t\t<a href=\"https:\/\/szekelyhon.ro\/\" target=\"_blank\">\n\t\t\t\t\t\t\t<img loading=\"lazy\" decoding=\"async\" width=\"360\" height=\"120\" src=\"https:\/\/balvanyos.org\/wp-content\/uploads\/2020\/06\/szekelyhon-logo.png\" class=\"attachment-full size-full wp-image-7987\" alt=\"\" srcset=\"https:\/\/balvanyos.org\/wp-content\/uploads\/2020\/06\/szekelyhon-logo.png 360w, https:\/\/balvanyos.org\/wp-content\/uploads\/2020\/06\/szekelyhon-logo-300x100.png 300w\" sizes=\"(max-width: 360px) 100vw, 360px\" \/>\t\t\t\t\t\t\t\t<\/a>\n\t\t\t\t\t\t\t\t\t\t\t\t\t<\/div>\n\t\t\t\t<\/div>\n\t\t\t\t\t<\/div>\n\t\t<\/div>\n\t\t\t\t\t<\/div>\n\t\t<\/section>\n\t\t\t\t<\/div>\n\t\t","protected":false},"excerpt":{"rendered":"","protected":false},"author":4,"featured_media":0,"parent":0,"menu_order":0,"comment_status":"closed","ping_status":"closed","template":"page-templates\/without-header-footer.php","meta":{"footnotes":""},"class_list":["post-8272","page","type-page","status-publish","hentry","no-thumb"],"yoast_head":"<!-- This site is optimized with the Yoast SEO plugin v26.8 - https:\/\/yoast.com\/product\/yoast-seo-wordpress\/ -->\n<title>Erd\u00e9lyi magyarok a nagyvil\u00e1gban (EN) - B\u00e1lv\u00e1nyos Institute<\/title>\n<meta name=\"robots\" content=\"index, follow, max-snippet:-1, max-image-preview:large, max-video-preview:-1\" \/>\n<link rel=\"canonical\" href=\"https:\/\/balvanyos.org\/en\/erdelyi-magyarok-a-nagyvilagban-en\/\" \/>\n<meta property=\"og:locale\" content=\"en_US\" \/>\n<meta property=\"og:type\" content=\"article\" \/>\n<meta property=\"og:title\" content=\"Erd\u00e9lyi magyarok a nagyvil\u00e1gban (EN) - B\u00e1lv\u00e1nyos Institute\" \/>\n<meta property=\"og:url\" content=\"https:\/\/balvanyos.org\/en\/erdelyi-magyarok-a-nagyvilagban-en\/\" \/>\n<meta property=\"og:site_name\" content=\"B\u00e1lv\u00e1nyos Institute\" \/>\n<meta property=\"og:image\" content=\"https:\/\/balvanyos.org\/wp-content\/uploads\/2020\/06\/header.jpg\" \/>\n<meta name=\"twitter:card\" content=\"summary_large_image\" \/>\n<script type=\"application\/ld+json\" class=\"yoast-schema-graph\">{\"@context\":\"https:\/\/schema.org\",\"@graph\":[{\"@type\":\"WebPage\",\"@id\":\"https:\/\/balvanyos.org\/en\/erdelyi-magyarok-a-nagyvilagban-en\/\",\"url\":\"https:\/\/balvanyos.org\/en\/erdelyi-magyarok-a-nagyvilagban-en\/\",\"name\":\"Erd\u00e9lyi magyarok a nagyvil\u00e1gban (EN) - B\u00e1lv\u00e1nyos Institute\",\"isPartOf\":{\"@id\":\"https:\/\/balvanyos.org\/#website\"},\"primaryImageOfPage\":{\"@id\":\"https:\/\/balvanyos.org\/en\/erdelyi-magyarok-a-nagyvilagban-en\/#primaryimage\"},\"image\":{\"@id\":\"https:\/\/balvanyos.org\/en\/erdelyi-magyarok-a-nagyvilagban-en\/#primaryimage\"},\"thumbnailUrl\":\"https:\/\/balvanyos.org\/wp-content\/uploads\/2020\/06\/header.jpg\",\"datePublished\":\"2020-07-02T09:01:00+00:00\",\"breadcrumb\":{\"@id\":\"https:\/\/balvanyos.org\/en\/erdelyi-magyarok-a-nagyvilagban-en\/#breadcrumb\"},\"inLanguage\":\"en-US\",\"potentialAction\":[{\"@type\":\"ReadAction\",\"target\":[\"https:\/\/balvanyos.org\/en\/erdelyi-magyarok-a-nagyvilagban-en\/\"]}]},{\"@type\":\"ImageObject\",\"inLanguage\":\"en-US\",\"@id\":\"https:\/\/balvanyos.org\/en\/erdelyi-magyarok-a-nagyvilagban-en\/#primaryimage\",\"url\":\"https:\/\/balvanyos.org\/wp-content\/uploads\/2020\/06\/header.jpg\",\"contentUrl\":\"https:\/\/balvanyos.org\/wp-content\/uploads\/2020\/06\/header.jpg\"},{\"@type\":\"BreadcrumbList\",\"@id\":\"https:\/\/balvanyos.org\/en\/erdelyi-magyarok-a-nagyvilagban-en\/#breadcrumb\",\"itemListElement\":[{\"@type\":\"ListItem\",\"position\":1,\"name\":\"Home\",\"item\":\"https:\/\/balvanyos.org\/en\/\"},{\"@type\":\"ListItem\",\"position\":2,\"name\":\"Erd\u00e9lyi magyarok a nagyvil\u00e1gban (EN)\"}]},{\"@type\":\"WebSite\",\"@id\":\"https:\/\/balvanyos.org\/#website\",\"url\":\"https:\/\/balvanyos.org\/\",\"name\":\"B\u00e1lv\u00e1nyos Institute\",\"description\":\"Erd\u00e9lyi K\u00f6zszolg\u00e1lati Szabadegyetem\",\"publisher\":{\"@id\":\"https:\/\/balvanyos.org\/#organization\"},\"potentialAction\":[{\"@type\":\"SearchAction\",\"target\":{\"@type\":\"EntryPoint\",\"urlTemplate\":\"https:\/\/balvanyos.org\/?s={search_term_string}\"},\"query-input\":{\"@type\":\"PropertyValueSpecification\",\"valueRequired\":true,\"valueName\":\"search_term_string\"}}],\"inLanguage\":\"en-US\"},{\"@type\":\"Organization\",\"@id\":\"https:\/\/balvanyos.org\/#organization\",\"name\":\"Institutul B\u00e1lv\u00e1nyos\",\"url\":\"https:\/\/balvanyos.org\/\",\"logo\":{\"@type\":\"ImageObject\",\"inLanguage\":\"en-US\",\"@id\":\"https:\/\/balvanyos.org\/#\/schema\/logo\/image\/\",\"url\":\"https:\/\/balvanyos.org\/wp-content\/uploads\/2019\/03\/BI_celja_pic.jpg\",\"contentUrl\":\"https:\/\/balvanyos.org\/wp-content\/uploads\/2019\/03\/BI_celja_pic.jpg\",\"width\":1300,\"height\":900,\"caption\":\"Institutul B\u00e1lv\u00e1nyos\"},\"image\":{\"@id\":\"https:\/\/balvanyos.org\/#\/schema\/logo\/image\/\"}}]}<\/script>\n<!-- \/ Yoast SEO plugin. -->","yoast_head_json":{"title":"Erd\u00e9lyi magyarok a nagyvil\u00e1gban (EN) - B\u00e1lv\u00e1nyos Institute","robots":{"index":"index","follow":"follow","max-snippet":"max-snippet:-1","max-image-preview":"max-image-preview:large","max-video-preview":"max-video-preview:-1"},"canonical":"https:\/\/balvanyos.org\/en\/erdelyi-magyarok-a-nagyvilagban-en\/","og_locale":"en_US","og_type":"article","og_title":"Erd\u00e9lyi magyarok a nagyvil\u00e1gban (EN) - B\u00e1lv\u00e1nyos Institute","og_url":"https:\/\/balvanyos.org\/en\/erdelyi-magyarok-a-nagyvilagban-en\/","og_site_name":"B\u00e1lv\u00e1nyos Institute","og_image":[{"url":"https:\/\/balvanyos.org\/wp-content\/uploads\/2020\/06\/header.jpg","type":"","width":"","height":""}],"twitter_card":"summary_large_image","schema":{"@context":"https:\/\/schema.org","@graph":[{"@type":"WebPage","@id":"https:\/\/balvanyos.org\/en\/erdelyi-magyarok-a-nagyvilagban-en\/","url":"https:\/\/balvanyos.org\/en\/erdelyi-magyarok-a-nagyvilagban-en\/","name":"Erd\u00e9lyi magyarok a nagyvil\u00e1gban (EN) - B\u00e1lv\u00e1nyos Institute","isPartOf":{"@id":"https:\/\/balvanyos.org\/#website"},"primaryImageOfPage":{"@id":"https:\/\/balvanyos.org\/en\/erdelyi-magyarok-a-nagyvilagban-en\/#primaryimage"},"image":{"@id":"https:\/\/balvanyos.org\/en\/erdelyi-magyarok-a-nagyvilagban-en\/#primaryimage"},"thumbnailUrl":"https:\/\/balvanyos.org\/wp-content\/uploads\/2020\/06\/header.jpg","datePublished":"2020-07-02T09:01:00+00:00","breadcrumb":{"@id":"https:\/\/balvanyos.org\/en\/erdelyi-magyarok-a-nagyvilagban-en\/#breadcrumb"},"inLanguage":"en-US","potentialAction":[{"@type":"ReadAction","target":["https:\/\/balvanyos.org\/en\/erdelyi-magyarok-a-nagyvilagban-en\/"]}]},{"@type":"ImageObject","inLanguage":"en-US","@id":"https:\/\/balvanyos.org\/en\/erdelyi-magyarok-a-nagyvilagban-en\/#primaryimage","url":"https:\/\/balvanyos.org\/wp-content\/uploads\/2020\/06\/header.jpg","contentUrl":"https:\/\/balvanyos.org\/wp-content\/uploads\/2020\/06\/header.jpg"},{"@type":"BreadcrumbList","@id":"https:\/\/balvanyos.org\/en\/erdelyi-magyarok-a-nagyvilagban-en\/#breadcrumb","itemListElement":[{"@type":"ListItem","position":1,"name":"Home","item":"https:\/\/balvanyos.org\/en\/"},{"@type":"ListItem","position":2,"name":"Erd\u00e9lyi magyarok a nagyvil\u00e1gban (EN)"}]},{"@type":"WebSite","@id":"https:\/\/balvanyos.org\/#website","url":"https:\/\/balvanyos.org\/","name":"B\u00e1lv\u00e1nyos Institute","description":"Erd\u00e9lyi K\u00f6zszolg\u00e1lati Szabadegyetem","publisher":{"@id":"https:\/\/balvanyos.org\/#organization"},"potentialAction":[{"@type":"SearchAction","target":{"@type":"EntryPoint","urlTemplate":"https:\/\/balvanyos.org\/?s={search_term_string}"},"query-input":{"@type":"PropertyValueSpecification","valueRequired":true,"valueName":"search_term_string"}}],"inLanguage":"en-US"},{"@type":"Organization","@id":"https:\/\/balvanyos.org\/#organization","name":"Institutul B\u00e1lv\u00e1nyos","url":"https:\/\/balvanyos.org\/","logo":{"@type":"ImageObject","inLanguage":"en-US","@id":"https:\/\/balvanyos.org\/#\/schema\/logo\/image\/","url":"https:\/\/balvanyos.org\/wp-content\/uploads\/2019\/03\/BI_celja_pic.jpg","contentUrl":"https:\/\/balvanyos.org\/wp-content\/uploads\/2019\/03\/BI_celja_pic.jpg","width":1300,"height":900,"caption":"Institutul B\u00e1lv\u00e1nyos"},"image":{"@id":"https:\/\/balvanyos.org\/#\/schema\/logo\/image\/"}}]}},"_links":{"self":[{"href":"https:\/\/balvanyos.org\/en\/wp-json\/wp\/v2\/pages\/8272","targetHints":{"allow":["GET"]}}],"collection":[{"href":"https:\/\/balvanyos.org\/en\/wp-json\/wp\/v2\/pages"}],"about":[{"href":"https:\/\/balvanyos.org\/en\/wp-json\/wp\/v2\/types\/page"}],"author":[{"embeddable":true,"href":"https:\/\/balvanyos.org\/en\/wp-json\/wp\/v2\/users\/4"}],"replies":[{"embeddable":true,"href":"https:\/\/balvanyos.org\/en\/wp-json\/wp\/v2\/comments?post=8272"}],"version-history":[{"count":1,"href":"https:\/\/balvanyos.org\/en\/wp-json\/wp\/v2\/pages\/8272\/revisions"}],"predecessor-version":[{"id":8273,"href":"https:\/\/balvanyos.org\/en\/wp-json\/wp\/v2\/pages\/8272\/revisions\/8273"}],"wp:attachment":[{"href":"https:\/\/balvanyos.org\/en\/wp-json\/wp\/v2\/media?parent=8272"}],"curies":[{"name":"wp","href":"https:\/\/api.w.org\/{rel}","templated":true}]}}