{"id":8268,"date":"2020-07-02T09:00:20","date_gmt":"2020-07-02T09:00:20","guid":{"rendered":"https:\/\/balvanyos.org\/a-balvanyos-intezet-celja-en\/"},"modified":"2020-09-05T17:23:54","modified_gmt":"2020-09-05T17:23:54","slug":"a-balvanyos-intezet-celja-en","status":"publish","type":"page","link":"https:\/\/balvanyos.org\/en\/a-balvanyos-intezet-celja-en\/","title":{"rendered":"Goals"},"content":{"rendered":"\t\t<div data-elementor-type=\"wp-page\" data-elementor-id=\"8268\" class=\"elementor elementor-8268 elementor-6794\">\n\t\t\t\t\t\t<section class=\"elementor-section elementor-top-section elementor-element elementor-element-2e737044 elementor-section-boxed elementor-section-height-default elementor-section-height-default\" data-id=\"2e737044\" data-element_type=\"section\" data-settings=\"{&quot;jet_parallax_layout_list&quot;:[{&quot;jet_parallax_layout_image&quot;:{&quot;url&quot;:&quot;&quot;,&quot;id&quot;:&quot;&quot;,&quot;size&quot;:&quot;&quot;},&quot;_id&quot;:&quot;1feec7c&quot;,&quot;jet_parallax_layout_image_tablet&quot;:{&quot;url&quot;:&quot;&quot;,&quot;id&quot;:&quot;&quot;,&quot;size&quot;:&quot;&quot;},&quot;jet_parallax_layout_image_mobile&quot;:{&quot;url&quot;:&quot;&quot;,&quot;id&quot;:&quot;&quot;,&quot;size&quot;:&quot;&quot;},&quot;jet_parallax_layout_speed&quot;:{&quot;unit&quot;:&quot;%&quot;,&quot;size&quot;:50,&quot;sizes&quot;:[]},&quot;jet_parallax_layout_type&quot;:&quot;scroll&quot;,&quot;jet_parallax_layout_direction&quot;:null,&quot;jet_parallax_layout_fx_direction&quot;:null,&quot;jet_parallax_layout_z_index&quot;:&quot;&quot;,&quot;jet_parallax_layout_bg_x&quot;:50,&quot;jet_parallax_layout_bg_y&quot;:50,&quot;jet_parallax_layout_bg_size&quot;:&quot;auto&quot;,&quot;jet_parallax_layout_animation_prop&quot;:&quot;transform&quot;,&quot;jet_parallax_layout_on&quot;:[&quot;desktop&quot;,&quot;tablet&quot;],&quot;jet_parallax_layout_bg_x_tablet&quot;:&quot;&quot;,&quot;jet_parallax_layout_bg_x_mobile&quot;:&quot;&quot;,&quot;jet_parallax_layout_bg_y_tablet&quot;:&quot;&quot;,&quot;jet_parallax_layout_bg_y_mobile&quot;:&quot;&quot;,&quot;jet_parallax_layout_bg_size_tablet&quot;:&quot;&quot;,&quot;jet_parallax_layout_bg_size_mobile&quot;:&quot;&quot;}]}\">\n\t\t\t\t\t\t<div class=\"elementor-container elementor-column-gap-default\">\n\t\t\t\t\t<div class=\"elementor-column elementor-col-100 elementor-top-column elementor-element elementor-element-d2a9c98\" data-id=\"d2a9c98\" data-element_type=\"column\">\n\t\t\t<div class=\"elementor-widget-wrap elementor-element-populated\">\n\t\t\t\t\t\t<div class=\"elementor-element elementor-element-4e56d65f elementor-widget elementor-widget-text-editor\" data-id=\"4e56d65f\" data-element_type=\"widget\" data-widget_type=\"text-editor.default\">\n\t\t\t\t<div class=\"elementor-widget-container\">\n\t\t\t\t\t\t\t<p><strong>The B\u00e1lv\u00e1nyos Institute is a think tank conducting sociological and public policy research<\/strong>, which searches for scientifically grounded answers to the major topics concerning the future of Hungarian community in Transylvania.<\/p>\n<p>The Institute publishes <strong>research reports, sociological studies and public policy analysis<\/strong>, based on sociological data collection, evaluation, research and analysis, which targets decision makers, NGOs and civil advocacy groups. In addition, the Institute plans to contribute to shaping public opinion by presenting publicly the results of <strong>researches, monitoring of the local administrations and decision makers<\/strong>, organizing <strong>events, workshops and trainings of free university kind<\/strong> as well as by announcing <strong>scholarship programs for young scholars<\/strong>.<\/p>\n<p><em>The activity of the B\u00e1lv\u00e1nyos Institute:<\/em><\/p>\n<ul>\n<li>carrying out national, regional and local sociological research<\/li>\n<li>monitoring local, parliamentary and government administrations<\/li>\n<li>creating specialized publishing and infographics<\/li>\n<li>operation of an interactive website<\/li>\n<li>organization of thematic scientific conferences and other workshops<\/li>\n<li>announcing scholarship programs<\/li>\n<li>organizing trainings for youth and leaders<\/li>\n<li>creating scientific basis of the activities to protect minority rights and advocacy.<\/li>\n<\/ul>\n<p><em>The activity of the B\u00e1lv\u00e1nyos Institute is organized around the following seven topics:<\/em><\/p>\n<ul>\n<li>decentralization and regionalization<\/li>\n<li>language policy<\/li>\n<li>educational policy<\/li>\n<li>Hungarians living in diaspora<\/li>\n<li>emigration, internal and external mobility<\/li>\n<li>Hungarian-Romanian relationships<\/li>\n<li>the integration of Roma<\/li>\n<\/ul>\n\t\t\t\t\t\t<\/div>\n\t\t\t\t<\/div>\n\t\t\t\t\t<\/div>\n\t\t<\/div>\n\t\t\t\t\t<\/div>\n\t\t<\/section>\n\t\t\t\t<\/div>\n\t\t","protected":false},"excerpt":{"rendered":"<p>The B\u00e1lv\u00e1nyos Institute is a think tank conducting sociological and public policy research, which searches for scientifically grounded answers to the major topics concerning the future of Hungarian community in Transylvania. The Institute publishes research reports, sociological studies and public policy analysis, based on sociological data collection, evaluation, research and analysis, which targets decision makers, &hellip;<\/p>\n","protected":false},"author":4,"featured_media":0,"parent":0,"menu_order":0,"comment_status":"closed","ping_status":"closed","template":"","meta":{"footnotes":""},"class_list":["post-8268","page","type-page","status-publish","hentry","no-thumb"],"yoast_head":"<!-- This site is optimized with the Yoast SEO plugin v26.8 - https:\/\/yoast.com\/product\/yoast-seo-wordpress\/ -->\n<title>Goals - B\u00e1lv\u00e1nyos Institute<\/title>\n<meta name=\"robots\" content=\"index, follow, max-snippet:-1, max-image-preview:large, max-video-preview:-1\" \/>\n<link rel=\"canonical\" href=\"https:\/\/balvanyos.org\/en\/a-balvanyos-intezet-celja-en\/\" \/>\n<meta property=\"og:locale\" content=\"en_US\" \/>\n<meta property=\"og:type\" content=\"article\" \/>\n<meta property=\"og:title\" content=\"Goals - B\u00e1lv\u00e1nyos Institute\" \/>\n<meta property=\"og:description\" content=\"The B\u00e1lv\u00e1nyos Institute is a think tank conducting sociological and public policy research, which searches for scientifically grounded answers to the major topics concerning the future of Hungarian community in Transylvania. The Institute publishes research reports, sociological studies and public policy analysis, based on sociological data collection, evaluation, research and analysis, which targets decision makers, &hellip;\" \/>\n<meta property=\"og:url\" content=\"https:\/\/balvanyos.org\/en\/a-balvanyos-intezet-celja-en\/\" \/>\n<meta property=\"og:site_name\" content=\"B\u00e1lv\u00e1nyos Institute\" \/>\n<meta property=\"article:modified_time\" content=\"2020-09-05T17:23:54+00:00\" \/>\n<meta name=\"twitter:card\" content=\"summary_large_image\" \/>\n<meta name=\"twitter:label1\" content=\"Est. reading time\" \/>\n\t<meta name=\"twitter:data1\" content=\"1 minute\" \/>\n<script type=\"application\/ld+json\" class=\"yoast-schema-graph\">{\"@context\":\"https:\/\/schema.org\",\"@graph\":[{\"@type\":\"WebPage\",\"@id\":\"https:\/\/balvanyos.org\/en\/a-balvanyos-intezet-celja-en\/\",\"url\":\"https:\/\/balvanyos.org\/en\/a-balvanyos-intezet-celja-en\/\",\"name\":\"Goals - B\u00e1lv\u00e1nyos Institute\",\"isPartOf\":{\"@id\":\"https:\/\/balvanyos.org\/#website\"},\"datePublished\":\"2020-07-02T09:00:20+00:00\",\"dateModified\":\"2020-09-05T17:23:54+00:00\",\"breadcrumb\":{\"@id\":\"https:\/\/balvanyos.org\/en\/a-balvanyos-intezet-celja-en\/#breadcrumb\"},\"inLanguage\":\"en-US\",\"potentialAction\":[{\"@type\":\"ReadAction\",\"target\":[\"https:\/\/balvanyos.org\/en\/a-balvanyos-intezet-celja-en\/\"]}]},{\"@type\":\"BreadcrumbList\",\"@id\":\"https:\/\/balvanyos.org\/en\/a-balvanyos-intezet-celja-en\/#breadcrumb\",\"itemListElement\":[{\"@type\":\"ListItem\",\"position\":1,\"name\":\"Home\",\"item\":\"https:\/\/balvanyos.org\/en\/\"},{\"@type\":\"ListItem\",\"position\":2,\"name\":\"Goals\"}]},{\"@type\":\"WebSite\",\"@id\":\"https:\/\/balvanyos.org\/#website\",\"url\":\"https:\/\/balvanyos.org\/\",\"name\":\"B\u00e1lv\u00e1nyos Institute\",\"description\":\"Erd\u00e9lyi K\u00f6zszolg\u00e1lati Szabadegyetem\",\"publisher\":{\"@id\":\"https:\/\/balvanyos.org\/#organization\"},\"potentialAction\":[{\"@type\":\"SearchAction\",\"target\":{\"@type\":\"EntryPoint\",\"urlTemplate\":\"https:\/\/balvanyos.org\/?s={search_term_string}\"},\"query-input\":{\"@type\":\"PropertyValueSpecification\",\"valueRequired\":true,\"valueName\":\"search_term_string\"}}],\"inLanguage\":\"en-US\"},{\"@type\":\"Organization\",\"@id\":\"https:\/\/balvanyos.org\/#organization\",\"name\":\"Institutul B\u00e1lv\u00e1nyos\",\"url\":\"https:\/\/balvanyos.org\/\",\"logo\":{\"@type\":\"ImageObject\",\"inLanguage\":\"en-US\",\"@id\":\"https:\/\/balvanyos.org\/#\/schema\/logo\/image\/\",\"url\":\"https:\/\/balvanyos.org\/wp-content\/uploads\/2019\/03\/BI_celja_pic.jpg\",\"contentUrl\":\"https:\/\/balvanyos.org\/wp-content\/uploads\/2019\/03\/BI_celja_pic.jpg\",\"width\":1300,\"height\":900,\"caption\":\"Institutul B\u00e1lv\u00e1nyos\"},\"image\":{\"@id\":\"https:\/\/balvanyos.org\/#\/schema\/logo\/image\/\"}}]}<\/script>\n<!-- \/ Yoast SEO plugin. -->","yoast_head_json":{"title":"Goals - B\u00e1lv\u00e1nyos Institute","robots":{"index":"index","follow":"follow","max-snippet":"max-snippet:-1","max-image-preview":"max-image-preview:large","max-video-preview":"max-video-preview:-1"},"canonical":"https:\/\/balvanyos.org\/en\/a-balvanyos-intezet-celja-en\/","og_locale":"en_US","og_type":"article","og_title":"Goals - B\u00e1lv\u00e1nyos Institute","og_description":"The B\u00e1lv\u00e1nyos Institute is a think tank conducting sociological and public policy research, which searches for scientifically grounded answers to the major topics concerning the future of Hungarian community in Transylvania. The Institute publishes research reports, sociological studies and public policy analysis, based on sociological data collection, evaluation, research and analysis, which targets decision makers, &hellip;","og_url":"https:\/\/balvanyos.org\/en\/a-balvanyos-intezet-celja-en\/","og_site_name":"B\u00e1lv\u00e1nyos Institute","article_modified_time":"2020-09-05T17:23:54+00:00","twitter_card":"summary_large_image","twitter_misc":{"Est. reading time":"1 minute"},"schema":{"@context":"https:\/\/schema.org","@graph":[{"@type":"WebPage","@id":"https:\/\/balvanyos.org\/en\/a-balvanyos-intezet-celja-en\/","url":"https:\/\/balvanyos.org\/en\/a-balvanyos-intezet-celja-en\/","name":"Goals - B\u00e1lv\u00e1nyos Institute","isPartOf":{"@id":"https:\/\/balvanyos.org\/#website"},"datePublished":"2020-07-02T09:00:20+00:00","dateModified":"2020-09-05T17:23:54+00:00","breadcrumb":{"@id":"https:\/\/balvanyos.org\/en\/a-balvanyos-intezet-celja-en\/#breadcrumb"},"inLanguage":"en-US","potentialAction":[{"@type":"ReadAction","target":["https:\/\/balvanyos.org\/en\/a-balvanyos-intezet-celja-en\/"]}]},{"@type":"BreadcrumbList","@id":"https:\/\/balvanyos.org\/en\/a-balvanyos-intezet-celja-en\/#breadcrumb","itemListElement":[{"@type":"ListItem","position":1,"name":"Home","item":"https:\/\/balvanyos.org\/en\/"},{"@type":"ListItem","position":2,"name":"Goals"}]},{"@type":"WebSite","@id":"https:\/\/balvanyos.org\/#website","url":"https:\/\/balvanyos.org\/","name":"B\u00e1lv\u00e1nyos Institute","description":"Erd\u00e9lyi K\u00f6zszolg\u00e1lati Szabadegyetem","publisher":{"@id":"https:\/\/balvanyos.org\/#organization"},"potentialAction":[{"@type":"SearchAction","target":{"@type":"EntryPoint","urlTemplate":"https:\/\/balvanyos.org\/?s={search_term_string}"},"query-input":{"@type":"PropertyValueSpecification","valueRequired":true,"valueName":"search_term_string"}}],"inLanguage":"en-US"},{"@type":"Organization","@id":"https:\/\/balvanyos.org\/#organization","name":"Institutul B\u00e1lv\u00e1nyos","url":"https:\/\/balvanyos.org\/","logo":{"@type":"ImageObject","inLanguage":"en-US","@id":"https:\/\/balvanyos.org\/#\/schema\/logo\/image\/","url":"https:\/\/balvanyos.org\/wp-content\/uploads\/2019\/03\/BI_celja_pic.jpg","contentUrl":"https:\/\/balvanyos.org\/wp-content\/uploads\/2019\/03\/BI_celja_pic.jpg","width":1300,"height":900,"caption":"Institutul B\u00e1lv\u00e1nyos"},"image":{"@id":"https:\/\/balvanyos.org\/#\/schema\/logo\/image\/"}}]}},"_links":{"self":[{"href":"https:\/\/balvanyos.org\/en\/wp-json\/wp\/v2\/pages\/8268","targetHints":{"allow":["GET"]}}],"collection":[{"href":"https:\/\/balvanyos.org\/en\/wp-json\/wp\/v2\/pages"}],"about":[{"href":"https:\/\/balvanyos.org\/en\/wp-json\/wp\/v2\/types\/page"}],"author":[{"embeddable":true,"href":"https:\/\/balvanyos.org\/en\/wp-json\/wp\/v2\/users\/4"}],"replies":[{"embeddable":true,"href":"https:\/\/balvanyos.org\/en\/wp-json\/wp\/v2\/comments?post=8268"}],"version-history":[{"count":4,"href":"https:\/\/balvanyos.org\/en\/wp-json\/wp\/v2\/pages\/8268\/revisions"}],"predecessor-version":[{"id":8711,"href":"https:\/\/balvanyos.org\/en\/wp-json\/wp\/v2\/pages\/8268\/revisions\/8711"}],"wp:attachment":[{"href":"https:\/\/balvanyos.org\/en\/wp-json\/wp\/v2\/media?parent=8268"}],"curies":[{"name":"wp","href":"https:\/\/api.w.org\/{rel}","templated":true}]}}